{"id":21,"date":"2020-10-19T10:15:35","date_gmt":"2020-10-19T10:15:35","guid":{"rendered":"https:\/\/radiologiarodenta.ro\/com\/?page_id=21"},"modified":"2020-12-09T13:25:22","modified_gmt":"2020-12-09T13:25:22","slug":"pentru-copii","status":"publish","type":"page","link":"https:\/\/radiologiarodenta.ro\/com\/pentru-copii\/","title":{"rendered":"Pentru copii"},"content":{"rendered":"<div id='av-layout-grid-1'  class='av-layout-grid-container entry-content-wrapper alternate_color av-flex-cells     avia-builder-el-0  el_before_av_layout_row  avia-builder-el-first  av-cell-min-height av-cell-min-height-40 container_wrap fullsize' style=' '   data-av_minimum_height_pc='40'>\n<div class=\"flex_cell no_margin av_one_full  avia-builder-el-1  avia-builder-el-no-sibling   avia-full-stretch \"  style='background:url(https:\/\/radiologiarodenta.ro\/com\/wp-content\/uploads\/2020\/12\/rodenta-pentru-copii-1.jpg) center center no-repeat scroll; vertical-align:middle; padding:5% 10% 3% 15% ; ' ><div class='flex_cell_inner' ><div class=\"flex_column av_one_full  flex_column_div av-zero-column-padding first  avia-builder-el-2  avia-builder-el-no-sibling  \" style='border-radius:0px; '><section class=\"av_textblock_section \"  itemscope=\"itemscope\" itemtype=\"https:\/\/schema.org\/CreativeWork\" ><div class='avia_textblock  '   itemprop=\"text\" ><h1 style=\"text-align: left;\">Pentru Copii<\/h1>\n<\/div><\/section><br \/>\n<section class=\"av_textblock_section \"  itemscope=\"itemscope\" itemtype=\"https:\/\/schema.org\/CreativeWork\" ><div class='avia_textblock  '   itemprop=\"text\" ><h4>Un z\u00e2mbet de copil este inocent \u0219i delicat.<br \/>\nCu delicate\u021be similar\u0103, mult\u0103 grij\u0103 \u0219i drag,<br \/>\ntrat\u0103m problemele dentare ale copiilor, indiferent de v\u00e2rst\u0103.<\/h4>\n<\/div><\/section><\/p><\/div>\n<\/div><\/div>\n<\/div>\n<div id='av-layout-grid-2'  class='av-layout-grid-container entry-content-wrapper main_color av-flex-cells     avia-builder-el-5  el_after_av_layout_row  el_before_av_layout_row  submenu-not-first container_wrap fullsize' style=' '  >\n<div class=\"flex_cell no_margin av_one_full  avia-builder-el-6  avia-builder-el-no-sibling   \"  style='vertical-align:top; padding:3% 10% 3% 15% ; ' ><div class='flex_cell_inner' ><div class='flex_column_table av-equal-height-column-flextable -flextable' ><div class=\"flex_column av_one_full  av-animated-generic top-to-bottom  flex_column_table_cell av-equal-height-column av-align-middle av-zero-column-padding first  avia-builder-el-7  avia-builder-el-no-sibling  \" style='border-radius:0px; '><section class=\"av_textblock_section \"  itemscope=\"itemscope\" itemtype=\"https:\/\/schema.org\/CreativeWork\" ><div class='avia_textblock  '   itemprop=\"text\" ><p style=\"text-align: left;\"><strong>Stomatologia pediatric\u0103<\/strong> se ocup\u0103 cu tratamentul curativ \u0219i profilactic al din\u021bilor copiilor, precum:<\/p>\n<ul style=\"text-align: center;\">\n<li style=\"text-align: left;\">sigilarea \u0219an\u021burilor \u0219i fosetelor<\/li>\n<li style=\"text-align: left;\">fluorizarea din\u021bilor<\/li>\n<li style=\"text-align: left;\">obtura\u021bia din\u021bilor temporari (de lapte) \u0219i tineri permanen\u021bi<\/li>\n<li style=\"text-align: left;\">tratamente endodontice la copii<\/li>\n<li style=\"text-align: left;\">extrac\u021bia din\u021bilor de lapte<\/li>\n<li style=\"text-align: left;\">tratamente de urgen\u021b\u0103 \u00een caz de traumatisme dentare<\/li>\n<li style=\"text-align: left;\">profilaxia anomaliilor dento-maxilare<\/li>\n<li style=\"text-align: left;\">profilaxia cariilor \u0219i a afec\u021biunilor gingivale, prin controlul pl\u0103cii bacteriene (igienizerea cavit\u0103\u021bii bucale, detatraj, periaj), instruirea copiilor privind periajul dentar<\/li>\n<\/ul>\n<p style=\"text-align: center;\"><em>\u00a0<\/em><\/p>\n<\/div><\/section><br \/>\n<section class=\"av_textblock_section \"  itemscope=\"itemscope\" itemtype=\"https:\/\/schema.org\/CreativeWork\" ><div class='avia_textblock  '   itemprop=\"text\" ><p style=\"text-align: left;\">Trebuie s\u0103 subliniem faptul c\u0103 educarea copiilor din punct de vedere stomatologic este \u00een primul r\u00e2nd responsabilitatea p\u0103rin\u021bilor. Ei trebuie s\u0103 fie preocupa\u021bi de importan\u021ba s\u0103n\u0103t\u0103\u021bii din\u021bilor \u0219i a unei alimenta\u021bii corecte, necesitatea periajului dentar, deprinderea de obiceiuri vicioase (ex. sugerea degelelor, suzetei), precum \u0219i importan\u021ba vizitelor la medicul dentist.<\/p>\n<p style=\"text-align: left;\"><strong>La primele vizite<\/strong> se face de asemenea:<\/p>\n<ul>\n<li style=\"text-align: left;\">primul control al denti\u021biei temporare<\/li>\n<li style=\"text-align: left;\">igienizarea cavit\u0103\u021bii bucale (periaj profesional)<\/li>\n<li style=\"text-align: left;\">instruirea copilului privind tehnica de periaj<\/li>\n<li style=\"text-align: left;\">efectuarea de alte tratamente profilactice: sigil\u0103ri, fluoriz\u0103ri<\/li>\n<li style=\"text-align: left;\">detectarea obiceiurilor vicioase, care duc la anomalii dento-maxilare (spre exemplu sugerea degetului mare duce din\u021bii superiori \u00een afar\u0103, iar b\u0103rbia este dus\u0103 \u00eenapoi)<\/li>\n<li style=\"text-align: left;\">recomand\u0103ri privind alimenta\u021bia corect\u0103, ajut\u00e2nd la autocur\u0103\u021birea din\u021bilor \u0219i la s\u0103n\u0103tatea denti\u021biei \u0219i a organismului<\/li>\n<li style=\"text-align: left;\">la v\u00e2rsta de 6 ani se controleaz\u0103 primii molari permanen\u021bi, care nu trebuie confunda\u021bi cu din\u021bii de lapte \u0219i se execut\u0103 tratamente profilactice pentru p\u0103strarea lor s\u0103n\u0103toas\u0103<\/li>\n<\/ul>\n<\/div><\/section><\/p><\/div><\/div><!--close column table wrapper. Autoclose: 1 -->\n<\/div><\/div>\n<\/div>\n<div id='av-layout-grid-3'  class='av-layout-grid-container entry-content-wrapper main_color av-flex-cells     avia-builder-el-10  el_after_av_layout_row  el_before_av_layout_row  submenu-not-first container_wrap fullsize' style=' '  >\n<div class=\"flex_cell no_margin av_one_full  avia-builder-el-11  avia-builder-el-no-sibling   \" ><div class='flex_cell_inner' ><div class=\"flex_column av_one_full  flex_column_div av-zero-column-padding first  avia-builder-el-12  avia-builder-el-no-sibling  \" style='border-radius:0px; '><div id='av-masonry-1' class='av-masonry  noHover av-fixed-size av-large-gap av-hover-overlay-active av-masonry-animation-active av-masonry-col-4 av-caption-always av-caption-style-overlay  av-orientation-landscape-large  '  ><div class='av-masonry-container isotope av-js-disabled ' ><div class='av-masonry-entry isotope-item av-masonry-item-no-image '><\/div><a href=\"https:\/\/radiologiarodenta.ro\/com\/pentru-copii\/ordinea-eruptiei-dintilor-la-copii\/\"  id='av-masonry-1-item-141' data-av-masonry-item='141' class='av-masonry-entry isotope-item post-141 post type-post status-publish format-standard hentry category-pentru-copii  av-masonry-item-no-image' title=\"Ordinea erup\u0163iei din\u0163ilor la copii\"  itemscope=\"itemscope\" itemtype=\"https:\/\/schema.org\/CreativeWork\" ><div class='av-inner-masonry-sizer'><\/div><figure class='av-inner-masonry main_color'><figcaption class='av-inner-masonry-content site-background'><div class='av-inner-masonry-content-pos'><div class='av-inner-masonry-content-pos-content'><div class='avia-arrow'><\/div><h3 class='av-masonry-entry-title entry-title '  itemprop=\"headline\" >Ordinea erup\u0163iei din\u0163ilor la copii<\/h3><span class='av-masonry-date meta-color updated'>octombrie 19, 2020<\/span><span class=\"av-masonry-text-sep text-sep-author\">\/<\/span><span class='av-masonry-author meta-color author'><span class='fn'>de admin<\/span><\/span><\/div><\/div><\/figcaption><\/figure><\/a><!--end av-masonry entry--><a href=\"https:\/\/radiologiarodenta.ro\/com\/pentru-copii\/obiceiurile-vicioase\/\"  id='av-masonry-1-item-139' data-av-masonry-item='139' class='av-masonry-entry isotope-item post-139 post type-post status-publish format-standard hentry category-pentru-copii  av-masonry-item-no-image' title=\"Obiceiurile vicioase\"  itemscope=\"itemscope\" itemtype=\"https:\/\/schema.org\/CreativeWork\" ><div class='av-inner-masonry-sizer'><\/div><figure class='av-inner-masonry main_color'><figcaption class='av-inner-masonry-content site-background'><div class='av-inner-masonry-content-pos'><div class='av-inner-masonry-content-pos-content'><div class='avia-arrow'><\/div><h3 class='av-masonry-entry-title entry-title '  itemprop=\"headline\" >Obiceiurile vicioase<\/h3><span class='av-masonry-date meta-color updated'>octombrie 19, 2020<\/span><span class=\"av-masonry-text-sep text-sep-author\">\/<\/span><span class='av-masonry-author meta-color author'><span class='fn'>de admin<\/span><\/span><\/div><\/div><\/figcaption><\/figure><\/a><!--end av-masonry entry--><a href=\"https:\/\/radiologiarodenta.ro\/com\/pentru-copii\/influenta-suzetei-asupra-danturii\/\"  id='av-masonry-1-item-137' data-av-masonry-item='137' class='av-masonry-entry isotope-item post-137 post type-post status-publish format-standard hentry category-pentru-copii  av-masonry-item-no-image' title=\"Influen\u0163a suzetei asupra danturii\"  itemscope=\"itemscope\" itemtype=\"https:\/\/schema.org\/CreativeWork\" ><div class='av-inner-masonry-sizer'><\/div><figure class='av-inner-masonry main_color'><figcaption class='av-inner-masonry-content site-background'><div class='av-inner-masonry-content-pos'><div class='av-inner-masonry-content-pos-content'><div class='avia-arrow'><\/div><h3 class='av-masonry-entry-title entry-title '  itemprop=\"headline\" >Influen\u0163a suzetei asupra danturii<\/h3><span class='av-masonry-date meta-color updated'>octombrie 19, 2020<\/span><span class=\"av-masonry-text-sep text-sep-author\">\/<\/span><span class='av-masonry-author meta-color author'><span class='fn'>de admin<\/span><\/span><\/div><\/div><\/figcaption><\/figure><\/a><!--end av-masonry entry--><a href=\"https:\/\/radiologiarodenta.ro\/com\/pentru-copii\/tratamentul-dintilor-de-lapte\/\"  id='av-masonry-1-item-135' data-av-masonry-item='135' class='av-masonry-entry isotope-item post-135 post type-post status-publish format-standard hentry category-pentru-copii  av-masonry-item-no-image' title=\"Tratamentul din\u0163ilor de lapte\"  itemscope=\"itemscope\" itemtype=\"https:\/\/schema.org\/CreativeWork\" ><div class='av-inner-masonry-sizer'><\/div><figure class='av-inner-masonry main_color'><figcaption class='av-inner-masonry-content site-background'><div class='av-inner-masonry-content-pos'><div class='av-inner-masonry-content-pos-content'><div class='avia-arrow'><\/div><h3 class='av-masonry-entry-title entry-title '  itemprop=\"headline\" >Tratamentul din\u0163ilor de lapte<\/h3><span class='av-masonry-date meta-color updated'>octombrie 19, 2020<\/span><span class=\"av-masonry-text-sep text-sep-author\">\/<\/span><span class='av-masonry-author meta-color author'><span class='fn'>de admin<\/span><\/span><\/div><\/div><\/figcaption><\/figure><\/a><!--end av-masonry entry--><a href=\"https:\/\/radiologiarodenta.ro\/com\/pentru-copii\/traumatisme-dentare\/\"  id='av-masonry-1-item-133' data-av-masonry-item='133' class='av-masonry-entry isotope-item post-133 post type-post status-publish format-standard hentry category-pentru-copii  av-masonry-item-no-image' title=\"Traumatisme dentare\"  itemscope=\"itemscope\" itemtype=\"https:\/\/schema.org\/CreativeWork\" ><div class='av-inner-masonry-sizer'><\/div><figure class='av-inner-masonry main_color'><figcaption class='av-inner-masonry-content site-background'><div class='av-inner-masonry-content-pos'><div class='av-inner-masonry-content-pos-content'><div class='avia-arrow'><\/div><h3 class='av-masonry-entry-title entry-title '  itemprop=\"headline\" >Traumatisme dentare<\/h3><span class='av-masonry-date meta-color updated'>octombrie 19, 2020<\/span><span class=\"av-masonry-text-sep text-sep-author\">\/<\/span><span class='av-masonry-author meta-color author'><span class='fn'>de admin<\/span><\/span><\/div><\/div><\/figcaption><\/figure><\/a><!--end av-masonry entry--><a href=\"https:\/\/radiologiarodenta.ro\/com\/pentru-copii\/tehnica-corecta-de-periaj\/\"  id='av-masonry-1-item-131' data-av-masonry-item='131' class='av-masonry-entry isotope-item post-131 post type-post status-publish format-standard hentry category-pentru-copii  av-masonry-item-no-image' title=\"Tehnica corect\u0103 de periaj\"  itemscope=\"itemscope\" itemtype=\"https:\/\/schema.org\/CreativeWork\" ><div class='av-inner-masonry-sizer'><\/div><figure class='av-inner-masonry main_color'><figcaption class='av-inner-masonry-content site-background'><div class='av-inner-masonry-content-pos'><div class='av-inner-masonry-content-pos-content'><div class='avia-arrow'><\/div><h3 class='av-masonry-entry-title entry-title '  itemprop=\"headline\" >Tehnica corect\u0103 de periaj<\/h3><span class='av-masonry-date meta-color updated'>octombrie 19, 2020<\/span><span class=\"av-masonry-text-sep text-sep-author\">\/<\/span><span class='av-masonry-author meta-color author'><span class='fn'>de admin<\/span><\/span><\/div><\/div><\/figcaption><\/figure><\/a><!--end av-masonry entry--><a href=\"https:\/\/radiologiarodenta.ro\/com\/pentru-copii\/sigilarea-santurilor-si-fosetelor\/\"  id='av-masonry-1-item-129' data-av-masonry-item='129' class='av-masonry-entry isotope-item post-129 post type-post status-publish format-standard hentry category-pentru-copii  av-masonry-item-no-image' title=\"Sigilarea \u015fan\u0163urilor \u015fi fosetelor\"  itemscope=\"itemscope\" itemtype=\"https:\/\/schema.org\/CreativeWork\" ><div class='av-inner-masonry-sizer'><\/div><figure class='av-inner-masonry main_color'><figcaption class='av-inner-masonry-content site-background'><div class='av-inner-masonry-content-pos'><div class='av-inner-masonry-content-pos-content'><div class='avia-arrow'><\/div><h3 class='av-masonry-entry-title entry-title '  itemprop=\"headline\" >Sigilarea \u015fan\u0163urilor \u015fi fosetelor<\/h3><span class='av-masonry-date meta-color updated'>octombrie 19, 2020<\/span><span class=\"av-masonry-text-sep text-sep-author\">\/<\/span><span class='av-masonry-author meta-color author'><span class='fn'>de admin<\/span><\/span><\/div><\/div><\/figcaption><\/figure><\/a><!--end av-masonry entry--><a href=\"https:\/\/radiologiarodenta.ro\/com\/pentru-copii\/fluorizare\/\"  id='av-masonry-1-item-126' data-av-masonry-item='126' class='av-masonry-entry isotope-item post-126 post type-post status-publish format-standard hentry category-pentru-copii  av-masonry-item-no-image' title=\"Fluorizare\"  itemscope=\"itemscope\" itemtype=\"https:\/\/schema.org\/CreativeWork\" ><div class='av-inner-masonry-sizer'><\/div><figure class='av-inner-masonry main_color'><figcaption class='av-inner-masonry-content site-background'><div class='av-inner-masonry-content-pos'><div class='av-inner-masonry-content-pos-content'><div class='avia-arrow'><\/div><h3 class='av-masonry-entry-title entry-title '  itemprop=\"headline\" >Fluorizare<\/h3><span class='av-masonry-date meta-color updated'>octombrie 19, 2020<\/span><span class=\"av-masonry-text-sep text-sep-author\">\/<\/span><span class='av-masonry-author meta-color author'><span class='fn'>de admin<\/span><\/span><\/div><\/div><\/figcaption><\/figure><\/a><!--end av-masonry entry--><\/div><\/div><\/div>\n<\/div><\/div>\n<\/div>\n<div id='av-layout-grid-4'  class='av-layout-grid-container entry-content-wrapper alternate_color av-flex-cells     avia-builder-el-14  el_after_av_layout_row  avia-builder-el-last  submenu-not-first container_wrap fullsize' style=' '  >\n<div class=\"flex_cell no_margin av_one_full  avia-builder-el-15  avia-builder-el-no-sibling   \"  style='vertical-align:top; padding:3% 20% 3% 15% ; ' ><div class='flex_cell_inner' ><p><div class=\"flex_column av_one_full  av-animated-generic top-to-bottom  flex_column_div av-zero-column-padding first  avia-builder-el-16  el_before_av_one_full  avia-builder-el-first  \" style='border-radius:0px; '><section class=\"av_textblock_section \"  itemscope=\"itemscope\" itemtype=\"https:\/\/schema.org\/CreativeWork\" ><div class='avia_textblock  '   itemprop=\"text\" ><h2 style=\"text-align: left;\">\u00centreb\u0103ri frecvente:<\/h2>\n<\/div><\/section><br \/>\n<div  class=\"togglecontainer   toggle_close_all  avia-builder-el-18  el_after_av_textblock  avia-builder-el-last \" >\n<section class=\"av_toggle_section\"  itemscope=\"itemscope\" itemtype=\"https:\/\/schema.org\/CreativeWork\"  >    <div role=\"tablist\" class=\"single_toggle\" data-tags=\"{Toate} \"  >        <p data-fake-id=\"#toggle-id-1\" class=\"toggler \"  itemprop=\"headline\"    role=\"tab\" tabindex=\"0\" aria-controls=\"toggle-id-1\">C\u00e2nd trebuie adu\u0219i copii la stomatolog?<span class=\"toggle_icon\" >        <span class=\"vert_icon\"><\/span><span class=\"hor_icon\"><\/span><\/span><\/p>        <div id=\"toggle-id-1\" class=\"toggle_wrap \"  >            <div class=\"toggle_content invers-color \"  itemprop=\"text\"   ><div class=\"acc-content\">\n<ul>\n<li>prima \u00eent\u00e2lnire a copilului cu medicul dentist poate fi determinant\u0103. Pentru ca aceasta s\u0103 nu fie traumatic\u0103 pentru micu\u021bul pacient v\u0103 recomand\u0103m:<\/li>\n<li>prima vizit\u0103 s\u0103 se fac\u0103 c\u00e2nd copilul nu are dureri, pentru a nu asocia mersul la stomatolog cu durerea;<\/li>\n<li>s\u0103 se fac\u0103 timpuriu, chiar la v\u00e2rsta de 2-3 ani, av\u00e2nd ca scop familiarizarea copilului cu medicul stomatolog \u0219i anturajul specific cabinetelor dentare;<\/li>\n<li>vizitele s\u0103 fie f\u0103cute diminea\u021ba, atunci, c\u00e2nd copilul este odihnit \u0219i cooperant;<\/li>\n<li>s\u0103 se fac\u0103 controale periodice la 3 sau 6 luni pentru depistarea precoce a cariilor precum \u0219i a anomaliilor dento-maxilare.<\/li>\n<\/ul>\n<\/div>\n            <\/div>        <\/div>    <\/div><\/section>\n<\/div><\/p><\/div><div class=\"flex_column av_one_full  av-animated-generic top-to-bottom  flex_column_div av-zero-column-padding first  avia-builder-el-19  el_after_av_one_full  avia-builder-el-last  column-top-margin\" style='border-radius:0px; ' id=\"formintrebari\" ><section class=\"av_textblock_section \"  itemscope=\"itemscope\" itemtype=\"https:\/\/schema.org\/CreativeWork\" ><div class='avia_textblock  '   itemprop=\"text\" ><h2 style=\"text-align: left;\">Ave\u021bi o \u00eentrebare?<\/h2>\n<p>\u00cen cazul \u00een care informa\u021biile prezentate pe acest site nu v\u0103 sunt suficiente, v\u0103 rug\u0103m s\u0103 ne adresa\u021bi \u00eentreb\u0103rile dumneavoastre prin intermediul acestui formular:<\/p>\n<\/div><\/section><br \/>\n<form action=\"https:\/\/radiologiarodenta.ro\/com\/pentru-copii\/\" method=\"post\"  class=\"avia_ajax_form av-form-labels-hidden   avia-builder-el-21  el_after_av_textblock  avia-builder-el-last   \" data-avia-form-id=\"1\" data-avia-redirect='' ><fieldset><p class='  first_form  form_element form_element_third' id='element_avia_1_1'><label for=\"avia_1_1\">Nume <abbr class=\"required\" title=\"required\">*<\/abbr><\/label> <input name=\"avia_1_1\" class=\"text_input is_empty\" type=\"text\" id=\"avia_1_1\" value=\"\"  placeholder='Nume*'\/><\/p><p class='  form_element form_element_third' id='element_avia_2_1'><label for=\"avia_2_1\">Mail <abbr class=\"required\" title=\"required\">*<\/abbr><\/label> <input name=\"avia_2_1\" class=\"text_input is_empty\" type=\"text\" id=\"avia_2_1\" value=\"\"  placeholder='Mail*'\/><\/p><p class='  form_element form_element_third' id='element_avia_3_1'><label for=\"avia_3_1\">Telefon <abbr class=\"required\" title=\"required\">*<\/abbr><\/label> <input name=\"avia_3_1\" class=\"text_input is_empty\" type=\"text\" id=\"avia_3_1\" value=\"\"  placeholder='Telefon*'\/><\/p><p class='  first_form  form_element form_element_two_third av-last-visible-form-element' id='element_avia_4_1'><label for=\"avia_4_1\">\u00centrebare <abbr class=\"required\" title=\"required\">*<\/abbr><\/label> <input name=\"avia_4_1\" class=\"text_input is_empty\" type=\"text\" id=\"avia_4_1\" value=\"\"  placeholder='\u00centrebare*'\/><\/p><p class=\"hidden\"><input type=\"text\" name=\"avia_5_1\" class=\"hidden \" id=\"avia_5_1\" value=\"\" \/><\/p><p class=\"form_element form_element_third modified_width\"><input type=\"hidden\" value=\"1\" name=\"avia_generated_form1\" \/><input type=\"submit\" value=\"Trimite\" class=\"button\"  data-sending-label=\"Sending\"\/><\/p><\/fieldset><\/form><div id=\"ajaxresponse_1\" class=\"ajaxresponse ajaxresponse_1 hidden\"><\/div><\/p><\/div><\/p>\n<\/div><\/div><\/div>\n","protected":false},"excerpt":{"rendered":"","protected":false},"author":1,"featured_media":0,"parent":0,"menu_order":0,"comment_status":"closed","ping_status":"closed","template":"","meta":[],"_links":{"self":[{"href":"https:\/\/radiologiarodenta.ro\/com\/wp-json\/wp\/v2\/pages\/21"}],"collection":[{"href":"https:\/\/radiologiarodenta.ro\/com\/wp-json\/wp\/v2\/pages"}],"about":[{"href":"https:\/\/radiologiarodenta.ro\/com\/wp-json\/wp\/v2\/types\/page"}],"author":[{"embeddable":true,"href":"https:\/\/radiologiarodenta.ro\/com\/wp-json\/wp\/v2\/users\/1"}],"replies":[{"embeddable":true,"href":"https:\/\/radiologiarodenta.ro\/com\/wp-json\/wp\/v2\/comments?post=21"}],"version-history":[{"count":86,"href":"https:\/\/radiologiarodenta.ro\/com\/wp-json\/wp\/v2\/pages\/21\/revisions"}],"predecessor-version":[{"id":679,"href":"https:\/\/radiologiarodenta.ro\/com\/wp-json\/wp\/v2\/pages\/21\/revisions\/679"}],"wp:attachment":[{"href":"https:\/\/radiologiarodenta.ro\/com\/wp-json\/wp\/v2\/media?parent=21"}],"curies":[{"name":"wp","href":"https:\/\/api.w.org\/{rel}","templated":true}]}}