{"id":344,"date":"2020-11-04T10:31:40","date_gmt":"2020-11-04T10:31:40","guid":{"rendered":"https:\/\/radiologiarodenta.ro\/com\/?page_id=344"},"modified":"2020-11-04T11:07:12","modified_gmt":"2020-11-04T11:07:12","slug":"dr-tudericiu-rodica","status":"publish","type":"page","link":"https:\/\/radiologiarodenta.ro\/com\/dr-tudericiu-rodica\/","title":{"rendered":"Dr. Tudericiu Rodica"},"content":{"rendered":"<div id='av_section_1'  class='avia-section main_color avia-section-default avia-no-border-styling  avia-full-stretch av-parallax-section av-section-color-overlay-active avia-bg-style-parallax  avia-builder-el-0  avia-builder-el-no-sibling   container_wrap fullsize' style=' '  data-section-bg-repeat='stretch'><div class='av-parallax' data-avia-parallax-ratio='0.3' ><div class='av-parallax-inner main_color  avia-full-stretch' style = 'background-repeat: no-repeat; background-image: url(https:\/\/radiologiarodenta.ro\/com\/wp-content\/uploads\/2020\/11\/dentistii-rodenta.jpg);background-attachment: scroll; background-position: center center; ' ><\/div><\/div><div class='av-section-color-overlay-wrap'><div class='av-section-color-overlay' style='opacity: 0.9; background-color: #ffffff; '><\/div><div class='container' ><main  role=\"main\" itemprop=\"mainContentOfPage\"  class='template-page content  av-content-full alpha units'><div class='post-entry post-entry-type-page post-entry-344'><div class='entry-content-wrapper clearfix'>\n<div class=\"flex_column av_one_third  flex_column_div first  avia-builder-el-1  el_before_av_two_third  avia-builder-el-first  medic \" style='background: #165daf; padding:30px; background-color:#165daf; border-radius:6px; '><p><div  class='avia-image-container  av-styling-circle    avia-builder-el-2  el_before_av_textblock  avia-builder-el-first  avia-align-center '  itemprop=\"image\" itemscope=\"itemscope\" itemtype=\"https:\/\/schema.org\/ImageObject\"  ><div class='avia-image-container-inner'><div class='avia-image-overlay-wrap'><img class='wp-image-320 avia-img-lazy-loading-not-320 avia_image' src=\"https:\/\/radiologiarodenta.ro\/com\/wp-content\/uploads\/2020\/11\/Doctor-Dentist-Tudericiu-Rodica.jpg\" alt='' title='Doctor-Dentist-Tudericiu-Rodica' height=\"139\" width=\"139\"  itemprop=\"thumbnailUrl\" srcset=\"https:\/\/radiologiarodenta.ro\/com\/wp-content\/uploads\/2020\/11\/Doctor-Dentist-Tudericiu-Rodica.jpg 139w, https:\/\/radiologiarodenta.ro\/com\/wp-content\/uploads\/2020\/11\/Doctor-Dentist-Tudericiu-Rodica-80x80.jpg 80w, https:\/\/radiologiarodenta.ro\/com\/wp-content\/uploads\/2020\/11\/Doctor-Dentist-Tudericiu-Rodica-36x36.jpg 36w\" sizes=\"(max-width: 139px) 100vw, 139px\" \/><\/div><\/div><\/div><br \/>\n<section class=\"av_textblock_section \"  itemscope=\"itemscope\" itemtype=\"https:\/\/schema.org\/CreativeWork\" ><div class='avia_textblock  '   itemprop=\"text\" ><p style=\"text-align: center;\"><span style=\"color: #ffffff;\">Medic primar Stomatolog<\/span><\/p>\n<\/div><\/section><br \/>\n<section class=\"av_textblock_section \"  itemscope=\"itemscope\" itemtype=\"https:\/\/schema.org\/CreativeWork\" ><div class='avia_textblock  '   itemprop=\"text\" ><h4 style=\"text-align: center;\"><span style=\"color: #ffffff;\">Telefon<\/span><\/h4>\n<p style=\"text-align: center;\"><span style=\"color: #ffffff;\">0259-434.118<br \/>\n0359-192.055<\/span><\/p>\n<\/div><\/section><br \/>\n<section class=\"av_textblock_section \"  itemscope=\"itemscope\" itemtype=\"https:\/\/schema.org\/CreativeWork\" ><div class='avia_textblock  '   itemprop=\"text\" ><h4 style=\"text-align: center;\"><span style=\"color: #ffffff;\">Program<\/span><\/h4>\n<p style=\"text-align: center;\"><span style=\"color: #ffffff;\">Luni: 15:00 &#8211; 20:00<\/span><br \/>\n<span style=\"color: #ffffff;\"> Marti: 8:00 &#8211; 14:00<\/span><br \/>\n<span style=\"color: #ffffff;\"> Miercuri: 15:00 &#8211; 20:00<\/span><br \/>\n<span style=\"color: #ffffff;\"> Joi: 8:00 &#8211; 14:00<\/span><br \/>\n<span style=\"color: #ffffff;\"> Vineri: 8:00 &#8211; 14:00<\/span><\/p>\n<\/div><\/section><\/p><\/div><div class=\"flex_column av_two_third  flex_column_div av-zero-column-padding   avia-builder-el-6  el_after_av_one_third  avia-builder-el-last  \" style='border-radius:0px; '><section class=\"av_textblock_section \"  itemscope=\"itemscope\" itemtype=\"https:\/\/schema.org\/CreativeWork\" ><div class='avia_textblock  '   itemprop=\"text\" ><h2 style=\"text-align: center;\">Dr. Tudericiu Rodica<\/h2>\n<p style=\"text-align: center;\">A absolvit Facultatea de Stomatologie Timisoara, \u00een anul 1980, iar \u00een ultimii ani a urmat numeroase cursuri de specializare si a participat la congrese, at\u00e2t \u00een tara c\u00e2t si \u00een strainatate. Toate acestea au fost facute pentru a oferi servicii medicale de calitate, care pot fi realizate, doar printr-o continua perfectionare.<\/p>\n<\/div><\/section><br \/>\n<div  style='height:20px' class='hr hr-invisible   avia-builder-el-8  el_after_av_textblock  el_before_av_textblock '><span class='hr-inner ' ><span class='hr-inner-style'><\/span><\/span><\/div><br \/>\n<section class=\"av_textblock_section \"  itemscope=\"itemscope\" itemtype=\"https:\/\/schema.org\/CreativeWork\" ><div class='avia_textblock  '   itemprop=\"text\" ><h4 style=\"text-align: center;\">Ultimele cursuri absolvite, competenta si diplome acordate<\/h4>\n<ol>\n<li style=\"text-align: center;\">Conferinta \u201cZilele Stomatologiei Oradene\u201d 10-12 mai 2013, Oradea<br \/>\nTematici: Natural vs. articficial \u2013 a composite approach, Clasic \/ modern \u2013 estetica dentara \u00eenseamna stiinta si pasiune, DSD updated, Reabilitatea orala cu restaurari integral ceramice, Digital sau classic \u00een stomatologia si tehnica dentara<\/li>\n<li style=\"text-align: center;\">Cursul \u201cActualitati \u00een stomatologie\u201d, perioada 22-23 februarie 2013, Oradea<br \/>\nTematici: Malpraxisul \u00een stomatologie, Endodontie, Chirurgie si Implantologie, Parodontologie<\/li>\n<li style=\"text-align: center;\">Cursul \u201eActualitati \u00een stomatologie\u201d, perioada 25-26 mai 2012, Oradea<br \/>\nTematici: Alegerea culorii \u2013 factor de success \u00een restaurarile protetice, Notiuni de dezinfectie si sterilizare pentru cabinete stomatologice, Estetica dentara la limita dintre ortodontie si protetica, Smile design de la teorie la practica<\/li>\n<li style=\"text-align: center;\">Congresului de toamna \u201eDenta Oradeana 2011\u201d, perioada 20-22 octombie 2011, Oradea<br \/>\nTematici: \u201eInvestigatii radiologice \u00een pedodontie&#8221;, \u201eAspecte si consideratii chirurgicale asupra grefelor \u00een implantologia orala&#8221;,\u201eStomatologia minim invaziva &#8211; fatetele ceramice&#8221;, \u201eCorelatii patologice cu implicatii terapeutice \u00eentre afectarile parodontale marginale si a celor apicale&#8221; etc<\/li>\n<li style=\"text-align: center;\">Cursul EMC \u201cUpdate \u00een chirurgia parodontala non-regenerativa. C\u00e2t stim si ce am uitat? \u2013 Sef lucrari Ioan Stratul, si \u201cReabilitatea estetica \u2013 un deziderat multidisciplinar.\u201d Conf.Dr.Anca V\u00e2lceanu, UMF \u201cVictor Babes\u201d, Timisoara, 4 Dec 2010<\/li>\n<\/ol>\n<\/div><\/section><\/p><\/div>\n\n","protected":false},"excerpt":{"rendered":"","protected":false},"author":1,"featured_media":0,"parent":0,"menu_order":0,"comment_status":"closed","ping_status":"closed","template":"","meta":[],"_links":{"self":[{"href":"https:\/\/radiologiarodenta.ro\/com\/wp-json\/wp\/v2\/pages\/344"}],"collection":[{"href":"https:\/\/radiologiarodenta.ro\/com\/wp-json\/wp\/v2\/pages"}],"about":[{"href":"https:\/\/radiologiarodenta.ro\/com\/wp-json\/wp\/v2\/types\/page"}],"author":[{"embeddable":true,"href":"https:\/\/radiologiarodenta.ro\/com\/wp-json\/wp\/v2\/users\/1"}],"replies":[{"embeddable":true,"href":"https:\/\/radiologiarodenta.ro\/com\/wp-json\/wp\/v2\/comments?post=344"}],"version-history":[{"count":20,"href":"https:\/\/radiologiarodenta.ro\/com\/wp-json\/wp\/v2\/pages\/344\/revisions"}],"predecessor-version":[{"id":365,"href":"https:\/\/radiologiarodenta.ro\/com\/wp-json\/wp\/v2\/pages\/344\/revisions\/365"}],"wp:attachment":[{"href":"https:\/\/radiologiarodenta.ro\/com\/wp-json\/wp\/v2\/media?parent=344"}],"curies":[{"name":"wp","href":"https:\/\/api.w.org\/{rel}","templated":true}]}}