{"id":450,"date":"2020-12-02T13:14:35","date_gmt":"2020-12-02T13:14:35","guid":{"rendered":"https:\/\/radiologiarodenta.ro\/com\/?page_id=450"},"modified":"2020-12-03T10:31:46","modified_gmt":"2020-12-03T10:31:46","slug":"albirea-dintilor","status":"publish","type":"page","link":"https:\/\/radiologiarodenta.ro\/com\/albirea-dintilor\/","title":{"rendered":"Albirea din\u0163ilor"},"content":{"rendered":"<div id='av-layout-grid-1'  class='av-layout-grid-container entry-content-wrapper alternate_color av-flex-cells     avia-builder-el-0  el_before_av_layout_row  avia-builder-el-first  av-cell-min-height av-cell-min-height-35 container_wrap fullsize' style=' '   data-av_minimum_height_pc='35'>\n<div class=\"flex_cell no_margin av_one_full  avia-builder-el-1  avia-builder-el-no-sibling   avia-full-stretch \"  style='background:url(https:\/\/radiologiarodenta.ro\/com\/wp-content\/uploads\/2020\/12\/bg.jpg) center center no-repeat scroll; vertical-align:middle; padding:3% 10% 3% 10% ; ' ><div class='flex_cell_inner' ><p><div  style='height:50px' class='hr hr-invisible  av-desktop-hide  avia-builder-el-2  el_before_av_one_full  avia-builder-el-first '><span class='hr-inner ' ><span class='hr-inner-style'><\/span><\/span><\/div><br \/>\n<div class=\"flex_column av_one_full  flex_column_div av-zero-column-padding first  avia-builder-el-3  el_after_av_hr  el_before_av_hr  \" style='border-radius:0px; '><section class=\"av_textblock_section \"  itemscope=\"itemscope\" itemtype=\"https:\/\/schema.org\/CreativeWork\" ><div class='avia_textblock  '   itemprop=\"text\" ><h1 style=\"text-align: left;\">Albirea din\u0163ilor<\/h1>\n<\/div><\/section><\/div><div  style='height:50px' class='hr hr-invisible  av-desktop-hide  avia-builder-el-5  el_after_av_one_full  avia-builder-el-last '><span class='hr-inner ' ><span class='hr-inner-style'><\/span><\/span><\/div><\/p>\n<\/div><\/div>\n<\/div>\n<div id='av-layout-grid-2'  class='av-layout-grid-container entry-content-wrapper main_color av-flex-cells     avia-builder-el-6  el_after_av_layout_row  el_before_av_layout_row  submenu-not-first container_wrap fullsize' style=' '  >\n<div class=\"flex_cell no_margin av_one_full  avia-builder-el-7  avia-builder-el-no-sibling   avia-full-stretch \"  style='background:url(https:\/\/radiologiarodenta.ro\/com\/wp-content\/uploads\/2020\/12\/white-dentis-3.jpg) top right no-repeat fixed; vertical-align:middle; padding:3% 10% 3% 10% ; ' ><div class='flex_cell_inner' ><p><div class='flex_column_table av-equal-height-column-flextable -flextable' ><div class=\"flex_column av_one_full  av-animated-generic top-to-bottom  flex_column_table_cell av-equal-height-column av-align-middle av-zero-column-padding first  avia-builder-el-8  el_before_av_two_third  avia-builder-el-first  \" style='border-radius:0px; '><section class=\"av_textblock_section \"  itemscope=\"itemscope\" itemtype=\"https:\/\/schema.org\/CreativeWork\" ><div class='avia_textblock  '   itemprop=\"text\" ><h4>Albirea din\u0163ilor este procedeul prin care se deschide nuan\u0163a dintelui \u015fi se decoloreaz\u0103 petele din smal\u0163 \u015fi dentin\u0103, care nu pot fi \u00eendep\u0103rtate prin igienizare profesional\u0103 (detartraj, periaj profesional, air flow), ob\u0163in\u00e2nd din\u0163i mai albi \u015fi mai str\u0103lucitori.<\/h4>\n<\/div><\/section><\/div><\/div><!--close column table wrapper. Autoclose: 1 --><div class='flex_column_table av-equal-height-column-flextable -flextable' ><div class=\"flex_column av_two_third  av-animated-generic top-to-bottom  flex_column_table_cell av-equal-height-column av-align-middle av-zero-column-padding first  avia-builder-el-10  el_after_av_one_full  el_before_av_one_third  column-top-margin\" style='border-radius:0px; '><section class=\"av_textblock_section \"  itemscope=\"itemscope\" itemtype=\"https:\/\/schema.org\/CreativeWork\" ><div class='avia_textblock  '   itemprop=\"text\" ><p><strong>Avantaje:<\/strong><\/p>\n<ul>\n<li>deschiderea nuan\u021bei naturale a dintelui cu c\u00e2teva trepte<\/li>\n<li>\u00eendep\u0103rtarea petelor \u0219i colora\u021biilor nedorite<\/li>\n<li>\u00eembun\u0103t\u0103\u021birea aspectului estetic<\/li>\n<\/ul>\n<p><strong>Dezavantaje:<\/strong><\/p>\n<ul>\n<li>Ocazional unii pacien\u021bi pot prezenta o sensibilitate crescut\u0103 a din\u021bilor sau gingiilor \u00een timpul tratamentului dar acestea \u00eenceteaz\u0103 dup\u0103 terminarea lui.<\/li>\n<\/ul>\n<p><strong>Metode de albire:<\/strong><\/p>\n<ul>\n<li>Albirea din\u0163ilor la domiciliu<br \/>\nAceasta este probabil cea mai cunoscut\u0103 tehnic\u0103 de albire, fiind recomandat\u0103 de majoritatea stomatologilor. \u00cen acest caz se realiz\u0103 o gutier\u0103 (pe baza unei amprente ale arcadelor dentare) \u00een care se a\u015feaz\u0103 gelul de albit (substan\u0163a activ\u0103 este peroxidul de carbamid\u0103 10% sau 16%). Gutiera poate fi purtat\u0103 dup\u0103 cin\u0103, sau chiar \u00een timpul somnului. Rezultatele sunt vizibile dup\u0103 c\u00e2teva zile sau s\u0103pt\u0103m\u00e2ni.<\/li>\n<li>Albirea din\u0163ilor \u00een cabinet<br \/>\nProcedura se realizeaz\u0103 sub supravegherea personalului medical. Metoda este potrivit\u0103 pentru cei care doresc rezultate imediate.<\/li>\n<\/ul>\n<p>Dac\u0103 ave\u021bi din\u021bi frontali colora\u021bi \u00een urma unor tratamente endodontice vechi v\u0103 recomand\u0103m albire intern\u0103, urmat\u0103 de o fa\u021betare direct\u0103.<\/p>\n<p><strong>De re\u0163inut!<\/strong><br \/>\n\u00cenainte de a opta pentru o astfel de procedur\u0103 este necesar\u0103 o consulta\u0163ie la medicului stomatolog. El va stabilii cauza problemei dumneavoastr\u0103 \u015fi va alege metoda potrivit\u0103. \u00cenainte de a \u00eencepe procedura de albit, se indic\u0103 un detartraj cu ultrasunete \u015fi periaj profesional precum \u015fi tratamentul tuturor afec\u0163iunilor dentare \u015fi gingivale.<\/p>\n<\/div><\/section><\/div><div class='av-flex-placeholder'><\/div><div class=\"flex_column av_one_third  av-animated-generic top-to-bottom  flex_column_table_cell av-equal-height-column av-align-middle av-zero-column-padding   avia-builder-el-12  el_after_av_two_third  avia-builder-el-last  column-top-margin\" style='border-radius:0px; '><p><div  class='avia-image-container  av-styling-    avia-builder-el-13  el_before_av_image  avia-builder-el-first  avia-align-center '  itemprop=\"image\" itemscope=\"itemscope\" itemtype=\"https:\/\/schema.org\/ImageObject\"  ><div class='avia-image-container-inner'><div class='avia-image-overlay-wrap'><img class='wp-image-510 avia-img-lazy-loading-not-510 avia_image' src=\"https:\/\/radiologiarodenta.ro\/com\/wp-content\/uploads\/2020\/12\/19.jpg\" alt='' title='19' height=\"200\" width=\"320\"  itemprop=\"thumbnailUrl\" srcset=\"https:\/\/radiologiarodenta.ro\/com\/wp-content\/uploads\/2020\/12\/19.jpg 320w, https:\/\/radiologiarodenta.ro\/com\/wp-content\/uploads\/2020\/12\/19-300x188.jpg 300w\" sizes=\"(max-width: 320px) 100vw, 320px\" \/><\/div><\/div><\/div><br \/>\n<div  class='avia-image-container  av-styling-    avia-builder-el-14  el_after_av_image  el_before_av_image  avia-align-center '  itemprop=\"image\" itemscope=\"itemscope\" itemtype=\"https:\/\/schema.org\/ImageObject\"  ><div class='avia-image-container-inner'><div class='avia-image-overlay-wrap'><img class='wp-image-511 avia-img-lazy-loading-not-511 avia_image' src=\"https:\/\/radiologiarodenta.ro\/com\/wp-content\/uploads\/2020\/12\/20.jpg\" alt='' title='20' height=\"200\" width=\"320\"  itemprop=\"thumbnailUrl\" srcset=\"https:\/\/radiologiarodenta.ro\/com\/wp-content\/uploads\/2020\/12\/20.jpg 320w, https:\/\/radiologiarodenta.ro\/com\/wp-content\/uploads\/2020\/12\/20-300x188.jpg 300w\" sizes=\"(max-width: 320px) 100vw, 320px\" \/><\/div><\/div><\/div><br \/>\n<div  class='avia-image-container  av-styling-    avia-builder-el-15  el_after_av_image  avia-builder-el-last  avia-align-center '  itemprop=\"image\" itemscope=\"itemscope\" itemtype=\"https:\/\/schema.org\/ImageObject\"  ><div class='avia-image-container-inner'><div class='avia-image-overlay-wrap'><img class='wp-image-512 avia-img-lazy-loading-not-512 avia_image' src=\"https:\/\/radiologiarodenta.ro\/com\/wp-content\/uploads\/2020\/12\/21.jpg\" alt='' title='21' height=\"200\" width=\"320\"  itemprop=\"thumbnailUrl\" srcset=\"https:\/\/radiologiarodenta.ro\/com\/wp-content\/uploads\/2020\/12\/21.jpg 320w, https:\/\/radiologiarodenta.ro\/com\/wp-content\/uploads\/2020\/12\/21-300x188.jpg 300w\" sizes=\"(max-width: 320px) 100vw, 320px\" \/><\/div><\/div><\/div><\/p><\/div><\/div><!--close column table wrapper. Autoclose: 1 --><\/p>\n<\/div><\/div><\/div><div id='av-layout-grid-3'  class='av-layout-grid-container entry-content-wrapper alternate_color av-flex-cells     avia-builder-el-16  el_after_av_layout_row  avia-builder-el-last  submenu-not-first container_wrap fullsize' style=' '  >\n<div class=\"flex_cell no_margin av_one_full  avia-builder-el-17  avia-builder-el-no-sibling   \"  style='vertical-align:top; padding:3% 15% 3% 15% ; ' ><div class='flex_cell_inner' ><p><div class=\"flex_column av_one_full  av-animated-generic top-to-bottom  flex_column_div av-zero-column-padding first  avia-builder-el-18  el_before_av_one_full  avia-builder-el-first  \" style='border-radius:0px; '><section class=\"av_textblock_section \"  itemscope=\"itemscope\" itemtype=\"https:\/\/schema.org\/CreativeWork\" ><div class='avia_textblock  '   itemprop=\"text\" ><h2 style=\"text-align: left;\">Intrebari frecvente:<\/h2>\n<\/div><\/section><br \/>\n<div  class=\"togglecontainer   toggle_close_all  avia-builder-el-20  el_after_av_textblock  avia-builder-el-last \" >\n<section class=\"av_toggle_section\"  itemscope=\"itemscope\" itemtype=\"https:\/\/schema.org\/CreativeWork\"  >    <div role=\"tablist\" class=\"single_toggle\" data-tags=\"{Toate} \"  >        <p data-fake-id=\"#toggle-id-1\" class=\"toggler \"  itemprop=\"headline\"    role=\"tab\" tabindex=\"0\" aria-controls=\"toggle-id-1\">C\u00e2t \u0163ine efectul albirii?<span class=\"toggle_icon\" >        <span class=\"vert_icon\"><\/span><span class=\"hor_icon\"><\/span><\/span><\/p>        <div id=\"toggle-id-1\" class=\"toggle_wrap \"  >            <div class=\"toggle_content invers-color \"  itemprop=\"text\"   ><p>Durata efectului tratamentului de albire depinde de structura din\u0163ilor, precum \u015fi de substan\u0163ele consumate (tutun, ceai, cafea, diferite b\u0103uturi r\u0103coritoare sau alcoolice). De regul\u0103, efectul dureaz\u0103 aproximativ 2 ani.<\/p>\n            <\/div>        <\/div>    <\/div><\/section>\n<section class=\"av_toggle_section\"  itemscope=\"itemscope\" itemtype=\"https:\/\/schema.org\/CreativeWork\"  >    <div role=\"tablist\" class=\"single_toggle\" data-tags=\"{Toate} \"  >        <p data-fake-id=\"#toggle-id-2\" class=\"toggler \"  itemprop=\"headline\"    role=\"tab\" tabindex=\"0\" aria-controls=\"toggle-id-2\">Care este procedura de albire in cabinet?<span class=\"toggle_icon\" >        <span class=\"vert_icon\"><\/span><span class=\"hor_icon\"><\/span><\/span><\/p>        <div id=\"toggle-id-2\" class=\"toggle_wrap \"  >            <div class=\"toggle_content invers-color \"  itemprop=\"text\"   ><p>Se poate folosi peroxid de carbamid\u0103 30%, \u00een gutiere timp de 20 de minute sau aplicarea pe din\u0163i a unui <strong>gel pe baz\u0103 de peroxid de hidrogen 25% (37%)<\/strong>. Acesta se las\u0103 pe din\u021bi 45 de minute, timp \u00een care o <strong>lamp\u0103 cu plasm\u0103<\/strong> ac\u0163ioneaz\u0103 asupra din\u0163ilor . \u00cen cazul \u00een care opta\u0163i pentru aceast\u0103 metod\u0103, trebuie s\u0103 sti\u0163i c\u0103 ve\u0163i avea o sensibilitate crescut\u0103 a din\u0163ilor \u00een perioada imediat urm\u0103toare.<\/p>\n            <\/div>        <\/div>    <\/div><\/section>\n<section class=\"av_toggle_section\"  itemscope=\"itemscope\" itemtype=\"https:\/\/schema.org\/CreativeWork\"  >    <div role=\"tablist\" class=\"single_toggle\" data-tags=\"{Toate} \"  >        <p data-fake-id=\"#toggle-id-3\" class=\"toggler \"  itemprop=\"headline\"    role=\"tab\" tabindex=\"0\" aria-controls=\"toggle-id-3\">Exist\u0103 efecte secundare \u00een cazul procedurii de albire? <span class=\"toggle_icon\" >        <span class=\"vert_icon\"><\/span><span class=\"hor_icon\"><\/span><\/span><\/p>        <div id=\"toggle-id-3\" class=\"toggle_wrap \"  >            <div class=\"toggle_content invers-color \"  itemprop=\"text\"   ><p>Nu exist\u0103 efecte secundare directe. Totu\u015fi, procesul de albire duce la apari\u0163ia unei <strong>sensibilit\u0103\u0163i temporare<\/strong> la rece \u015fi la cald. Aceasta apare datorit\u0103 faptului c\u0103 gelurile de albire p\u0103trund prin smal\u0163 \u00een dentin\u0103. Pentru rezolvarea acestei sensibilit\u0103\u0163i se recomand\u0103 fluoriz\u0103ri locale (geluri sau paste de din\u0163i) \u00een timpul \u015fi dup\u0103 tratamentul de albire.<\/p>\n<p>Pentru prevenirea<strong> irita\u0163iilor gingivale<\/strong> (inflama\u0163ii, retrac\u0163ii), \u00een cazul folosirii gelurilor mai concentrate se indic\u0103 protejarea gingiilor.<\/p>\n            <\/div>        <\/div>    <\/div><\/section>\n<section class=\"av_toggle_section\"  itemscope=\"itemscope\" itemtype=\"https:\/\/schema.org\/CreativeWork\"  >    <div role=\"tablist\" class=\"single_toggle\" data-tags=\"{Toate} \"  >        <p data-fake-id=\"#toggle-id-4\" class=\"toggler \"  itemprop=\"headline\"    role=\"tab\" tabindex=\"0\" aria-controls=\"toggle-id-4\">Care sunt contraidica\u021bile albirii dentare?<span class=\"toggle_icon\" >        <span class=\"vert_icon\"><\/span><span class=\"hor_icon\"><\/span><\/span><\/p>        <div id=\"toggle-id-4\" class=\"toggle_wrap \"  >            <div class=\"toggle_content invers-color \"  itemprop=\"text\"   ><ul>\n<li>Hiperestezie dentinar\u0103 (eroziuni, abraziuni dentare)<\/li>\n<li>Alergie la substan\u0163a de albit<\/li>\n<li>Sarcin\u0103 sau al\u0103ptare<\/li>\n<li>Copii sub 14 ani cu pulp\u0103 dentar\u0103 voluminoas\u0103<\/li>\n<li>Carii netratate, gingivite, parodontopatii<\/li>\n<li>Obtura\u0163ii, lucr\u0103ri protetice nu beneficiaz\u0103 de efectul de albire, fiind necesar \u00eenlocuirea lor.<\/li>\n<li>St\u0103ri generale grave<\/li>\n<\/ul>\n            <\/div>        <\/div>    <\/div><\/section>\n<\/div><\/p><\/div><div class=\"flex_column av_one_full  av-animated-generic top-to-bottom  flex_column_div av-zero-column-padding first  avia-builder-el-21  el_after_av_one_full  avia-builder-el-last  column-top-margin\" style='border-radius:0px; ' id=\"formintrebari\" ><section class=\"av_textblock_section \"  itemscope=\"itemscope\" itemtype=\"https:\/\/schema.org\/CreativeWork\" ><div class='avia_textblock  '   itemprop=\"text\" ><h2 style=\"text-align: left;\">Ave\u021bi o \u00eentrebare?<\/h2>\n<p>\u00cen cazul \u00een care informa\u021biile prezentate pe acest site nu v\u0103 sunt suficiente, v\u0103 rug\u0103m s\u0103 ne adresa\u021bi \u00eentreb\u0103rile dumneavoastre prin intermediul acestui formular:<\/p>\n<\/div><\/section><br \/>\n<form action=\"https:\/\/radiologiarodenta.ro\/com\/albirea-dintilor\/\" method=\"post\"  class=\"avia_ajax_form av-form-labels-hidden   avia-builder-el-23  el_after_av_textblock  avia-builder-el-last   \" data-avia-form-id=\"1\" data-avia-redirect='' ><fieldset><p class='  first_form  form_element form_element_third' id='element_avia_1_1'><label for=\"avia_1_1\">Nume <abbr class=\"required\" title=\"required\">*<\/abbr><\/label> <input name=\"avia_1_1\" class=\"text_input is_empty\" type=\"text\" id=\"avia_1_1\" value=\"\"  placeholder='Nume*'\/><\/p><p class='  form_element form_element_third' id='element_avia_2_1'><label for=\"avia_2_1\">Mail <abbr class=\"required\" title=\"required\">*<\/abbr><\/label> <input name=\"avia_2_1\" class=\"text_input is_empty\" type=\"text\" id=\"avia_2_1\" value=\"\"  placeholder='Mail*'\/><\/p><p class='  form_element form_element_third' id='element_avia_3_1'><label for=\"avia_3_1\">Telefon <abbr class=\"required\" title=\"required\">*<\/abbr><\/label> <input name=\"avia_3_1\" class=\"text_input is_empty\" type=\"text\" id=\"avia_3_1\" value=\"\"  placeholder='Telefon*'\/><\/p><p class='  first_form  form_element form_element_two_third av-last-visible-form-element' id='element_avia_4_1'><label for=\"avia_4_1\">\u00centrebare <abbr class=\"required\" title=\"required\">*<\/abbr><\/label> <input name=\"avia_4_1\" class=\"text_input is_empty\" type=\"text\" id=\"avia_4_1\" value=\"\"  placeholder='\u00centrebare*'\/><\/p><p class=\"hidden\"><input type=\"text\" name=\"avia_5_1\" class=\"hidden \" id=\"avia_5_1\" value=\"\" \/><\/p><p class=\"form_element form_element_third modified_width\"><input type=\"hidden\" value=\"1\" name=\"avia_generated_form1\" \/><input type=\"submit\" value=\"Trimite\" class=\"button\"  data-sending-label=\"Sending\"\/><\/p><\/fieldset><\/form><div id=\"ajaxresponse_1\" class=\"ajaxresponse ajaxresponse_1 hidden\"><\/div><\/p><\/div><\/p>\n<\/div><\/div>\n<\/div><\/p>\n","protected":false},"excerpt":{"rendered":"","protected":false},"author":1,"featured_media":0,"parent":0,"menu_order":0,"comment_status":"closed","ping_status":"closed","template":"","meta":[],"_links":{"self":[{"href":"https:\/\/radiologiarodenta.ro\/com\/wp-json\/wp\/v2\/pages\/450"}],"collection":[{"href":"https:\/\/radiologiarodenta.ro\/com\/wp-json\/wp\/v2\/pages"}],"about":[{"href":"https:\/\/radiologiarodenta.ro\/com\/wp-json\/wp\/v2\/types\/page"}],"author":[{"embeddable":true,"href":"https:\/\/radiologiarodenta.ro\/com\/wp-json\/wp\/v2\/users\/1"}],"replies":[{"embeddable":true,"href":"https:\/\/radiologiarodenta.ro\/com\/wp-json\/wp\/v2\/comments?post=450"}],"version-history":[{"count":4,"href":"https:\/\/radiologiarodenta.ro\/com\/wp-json\/wp\/v2\/pages\/450\/revisions"}],"predecessor-version":[{"id":514,"href":"https:\/\/radiologiarodenta.ro\/com\/wp-json\/wp\/v2\/pages\/450\/revisions\/514"}],"wp:attachment":[{"href":"https:\/\/radiologiarodenta.ro\/com\/wp-json\/wp\/v2\/media?parent=450"}],"curies":[{"name":"wp","href":"https:\/\/api.w.org\/{rel}","templated":true}]}}