{"id":460,"date":"2020-12-02T13:16:14","date_gmt":"2020-12-02T13:16:14","guid":{"rendered":"https:\/\/radiologiarodenta.ro\/com\/?page_id=460"},"modified":"2020-12-03T11:02:54","modified_gmt":"2020-12-03T11:02:54","slug":"inlay-onlay-overlay-o-singura-sedinta","status":"publish","type":"page","link":"https:\/\/radiologiarodenta.ro\/com\/inlay-onlay-overlay-o-singura-sedinta\/","title":{"rendered":"Inlay\/onlay\/overlay &#8211; O SINGUR\u0102 \u0218EDIN\u021a\u0102"},"content":{"rendered":"<div id='av-layout-grid-1'  class='av-layout-grid-container entry-content-wrapper alternate_color av-flex-cells     avia-builder-el-0  el_before_av_layout_row  avia-builder-el-first  av-cell-min-height av-cell-min-height-35 container_wrap fullsize' style=' '   data-av_minimum_height_pc='35'>\n<div class=\"flex_cell no_margin av_one_full  avia-builder-el-1  avia-builder-el-no-sibling   avia-full-stretch \"  style='background:url(https:\/\/radiologiarodenta.ro\/com\/wp-content\/uploads\/2020\/12\/bg.jpg) center center no-repeat scroll; vertical-align:middle; padding:3% 10% 3% 10% ; ' ><div class='flex_cell_inner' ><p><div  style='height:50px' class='hr hr-invisible  av-desktop-hide  avia-builder-el-2  el_before_av_one_full  avia-builder-el-first '><span class='hr-inner ' ><span class='hr-inner-style'><\/span><\/span><\/div><br \/>\n<div class=\"flex_column av_one_full  flex_column_div av-zero-column-padding first  avia-builder-el-3  el_after_av_hr  el_before_av_hr  \" style='border-radius:0px; '><section class=\"av_textblock_section \"  itemscope=\"itemscope\" itemtype=\"https:\/\/schema.org\/CreativeWork\" ><div class='avia_textblock  '   itemprop=\"text\" ><h1 style=\"text-align: left;\">Inlay\/onlay\/overlay &#8211; O SINGUR\u0102 \u0218EDIN\u021a\u0102<\/h1>\n<\/div><\/section><\/div><div  style='height:50px' class='hr hr-invisible  av-desktop-hide  avia-builder-el-5  el_after_av_one_full  avia-builder-el-last '><span class='hr-inner ' ><span class='hr-inner-style'><\/span><\/span><\/div><\/p>\n<\/div><\/div><\/div><div id='av-layout-grid-2'  class='av-layout-grid-container entry-content-wrapper main_color av-flex-cells     avia-builder-el-6  el_after_av_layout_row  el_before_av_layout_row  submenu-not-first container_wrap fullsize' style=' '  >\n<div class=\"flex_cell no_margin av_one_full  avia-builder-el-7  avia-builder-el-no-sibling   avia-full-stretch \"  style='background:url(https:\/\/radiologiarodenta.ro\/com\/wp-content\/uploads\/2020\/12\/white-dentis-3.jpg) top right no-repeat fixed; vertical-align:middle; padding:3% 10% 3% 10% ; ' ><div class='flex_cell_inner' ><div class='flex_column_table av-equal-height-column-flextable -flextable' ><div class=\"flex_column av_one_full  av-animated-generic top-to-bottom  flex_column_table_cell av-equal-height-column av-align-middle av-zero-column-padding first  avia-builder-el-8  avia-builder-el-no-sibling  \" style='border-radius:0px; '><section class=\"av_textblock_section \"  itemscope=\"itemscope\" itemtype=\"https:\/\/schema.org\/CreativeWork\" ><div class='avia_textblock  '   itemprop=\"text\" ><h4>\u00cen clinica noastr\u0103 ave\u021bi oportunitatea de a beneficia de restaur\u0103ri ceramic realizate prin tehnologie de ultim\u0103 genera\u021bie \u00eentr-o singur\u0103 \u0219edin\u021b\u0103.<\/h4>\n<p><strong>Indica\u0163ii:<\/strong><br \/>\nCEREC reprezint\u0103 o solu\u021bie de ultim\u0103 or\u0103 \u00een restaur\u0103rile defectelor dentare extinse fiind o alternativ\u0103 excelent\u0103 la \u00eenlocuirea obtura\u021bilor de amalgam \u0219i a celor compozite (rezisten\u021b\u0103 mai sc\u0103zut\u0103).<\/p>\n<p><strong>Avantaje:<\/strong><\/p>\n<ul>\n<li>Realizarea restaura\u021bilor integral ceramic \u00eentr-o singur\u0103 \u0219edin\u021b\u0103<\/li>\n<li>Eliminarea necesit\u0103\u021bii unor lucr\u0103ri provizorii<\/li>\n<li>100% biocompatibile, nu con\u021bin metal<\/li>\n<li>Variant\u0103 ideal\u0103 de tratare a unei carii<\/li>\n<li>Eliminarea erorilor umane<\/li>\n<li>Longevitatea restaur\u0103rilor mult mai mare<\/li>\n<\/ul>\n<p><strong>Dezavantaje:<\/strong><br \/>\nInvesti\u021bia este mai mare ca la restaur\u0103rile clasice dar av\u00e2nd \u00een vedere estetica, rezisten\u021ba \u0219i longevitatea acestora este o investi\u021bie care merit\u0103.<\/p>\n<\/div><\/section><\/div><\/div><!--close column table wrapper. Autoclose: 1 -->\n<\/div><\/div><\/div><div id='av-layout-grid-3'  class='av-layout-grid-container entry-content-wrapper alternate_color av-flex-cells     avia-builder-el-10  el_after_av_layout_row  avia-builder-el-last  submenu-not-first container_wrap fullsize' style=' '  >\n<div class=\"flex_cell no_margin av_one_full  avia-builder-el-11  avia-builder-el-no-sibling   \"  style='vertical-align:top; padding:3% 15% 3% 15% ; ' ><div class='flex_cell_inner' ><div class=\"flex_column av_one_full  av-animated-generic top-to-bottom  flex_column_div av-zero-column-padding first  avia-builder-el-12  avia-builder-el-no-sibling  \" style='border-radius:0px; ' id=\"formintrebari\" ><section class=\"av_textblock_section \"  itemscope=\"itemscope\" itemtype=\"https:\/\/schema.org\/CreativeWork\" ><div class='avia_textblock  '   itemprop=\"text\" ><h2 style=\"text-align: left;\">Ave\u021bi o \u00eentrebare?<\/h2>\n<p>\u00cen cazul \u00een care informa\u021biile prezentate pe acest site nu v\u0103 sunt suficiente, v\u0103 rug\u0103m s\u0103 ne adresa\u021bi \u00eentreb\u0103rile dumneavoastre prin intermediul acestui formular:<\/p>\n<\/div><\/section><br \/>\n<form action=\"https:\/\/radiologiarodenta.ro\/com\/inlay-onlay-overlay-o-singura-sedinta\/\" method=\"post\"  class=\"avia_ajax_form av-form-labels-hidden   avia-builder-el-14  el_after_av_textblock  avia-builder-el-last   \" data-avia-form-id=\"1\" data-avia-redirect='' ><fieldset><p class='  first_form  form_element form_element_third' id='element_avia_1_1'><label for=\"avia_1_1\">Nume <abbr class=\"required\" title=\"required\">*<\/abbr><\/label> <input name=\"avia_1_1\" class=\"text_input is_empty\" type=\"text\" id=\"avia_1_1\" value=\"\"  placeholder='Nume*'\/><\/p><p class='  form_element form_element_third' id='element_avia_2_1'><label for=\"avia_2_1\">Mail <abbr class=\"required\" title=\"required\">*<\/abbr><\/label> <input name=\"avia_2_1\" class=\"text_input is_empty\" type=\"text\" id=\"avia_2_1\" value=\"\"  placeholder='Mail*'\/><\/p><p class='  form_element form_element_third' id='element_avia_3_1'><label for=\"avia_3_1\">Telefon <abbr class=\"required\" title=\"required\">*<\/abbr><\/label> <input name=\"avia_3_1\" class=\"text_input is_empty\" type=\"text\" id=\"avia_3_1\" value=\"\"  placeholder='Telefon*'\/><\/p><p class='  first_form  form_element form_element_two_third av-last-visible-form-element' id='element_avia_4_1'><label for=\"avia_4_1\">\u00centrebare <abbr class=\"required\" title=\"required\">*<\/abbr><\/label> <input name=\"avia_4_1\" class=\"text_input is_empty\" type=\"text\" id=\"avia_4_1\" value=\"\"  placeholder='\u00centrebare*'\/><\/p><p class=\"hidden\"><input type=\"text\" name=\"avia_5_1\" class=\"hidden \" id=\"avia_5_1\" value=\"\" \/><\/p><p class=\"form_element form_element_third modified_width\"><input type=\"hidden\" value=\"1\" name=\"avia_generated_form1\" \/><input type=\"submit\" value=\"Trimite\" class=\"button\"  data-sending-label=\"Sending\"\/><\/p><\/fieldset><\/form><div id=\"ajaxresponse_1\" class=\"ajaxresponse ajaxresponse_1 hidden\"><\/div><\/p><\/div>\n<\/div><\/div><\/div><\/p>\n","protected":false},"excerpt":{"rendered":"","protected":false},"author":1,"featured_media":0,"parent":0,"menu_order":0,"comment_status":"closed","ping_status":"closed","template":"","meta":[],"_links":{"self":[{"href":"https:\/\/radiologiarodenta.ro\/com\/wp-json\/wp\/v2\/pages\/460"}],"collection":[{"href":"https:\/\/radiologiarodenta.ro\/com\/wp-json\/wp\/v2\/pages"}],"about":[{"href":"https:\/\/radiologiarodenta.ro\/com\/wp-json\/wp\/v2\/types\/page"}],"author":[{"embeddable":true,"href":"https:\/\/radiologiarodenta.ro\/com\/wp-json\/wp\/v2\/users\/1"}],"replies":[{"embeddable":true,"href":"https:\/\/radiologiarodenta.ro\/com\/wp-json\/wp\/v2\/comments?post=460"}],"version-history":[{"count":3,"href":"https:\/\/radiologiarodenta.ro\/com\/wp-json\/wp\/v2\/pages\/460\/revisions"}],"predecessor-version":[{"id":524,"href":"https:\/\/radiologiarodenta.ro\/com\/wp-json\/wp\/v2\/pages\/460\/revisions\/524"}],"wp:attachment":[{"href":"https:\/\/radiologiarodenta.ro\/com\/wp-json\/wp\/v2\/media?parent=460"}],"curies":[{"name":"wp","href":"https:\/\/api.w.org\/{rel}","templated":true}]}}