{"id":462,"date":"2020-12-02T13:16:32","date_gmt":"2020-12-02T13:16:32","guid":{"rendered":"https:\/\/radiologiarodenta.ro\/com\/?page_id=462"},"modified":"2020-12-03T11:05:59","modified_gmt":"2020-12-03T11:05:59","slug":"coroane-ceramice","status":"publish","type":"page","link":"https:\/\/radiologiarodenta.ro\/com\/coroane-ceramice\/","title":{"rendered":"Coroane ceramice"},"content":{"rendered":"<div id='av-layout-grid-1'  class='av-layout-grid-container entry-content-wrapper alternate_color av-flex-cells     avia-builder-el-0  el_before_av_layout_row  avia-builder-el-first  av-cell-min-height av-cell-min-height-35 container_wrap fullsize' style=' '   data-av_minimum_height_pc='35'>\n<div class=\"flex_cell no_margin av_one_full  avia-builder-el-1  avia-builder-el-no-sibling   avia-full-stretch \"  style='background:url(https:\/\/radiologiarodenta.ro\/com\/wp-content\/uploads\/2020\/12\/bg.jpg) center center no-repeat scroll; vertical-align:middle; padding:3% 10% 3% 10% ; ' ><div class='flex_cell_inner' ><p><div  style='height:50px' class='hr hr-invisible  av-desktop-hide  avia-builder-el-2  el_before_av_one_full  avia-builder-el-first '><span class='hr-inner ' ><span class='hr-inner-style'><\/span><\/span><\/div><br \/>\n<div class=\"flex_column av_one_full  flex_column_div av-zero-column-padding first  avia-builder-el-3  el_after_av_hr  el_before_av_hr  \" style='border-radius:0px; '><section class=\"av_textblock_section \"  itemscope=\"itemscope\" itemtype=\"https:\/\/schema.org\/CreativeWork\" ><div class='avia_textblock  '   itemprop=\"text\" ><h1 style=\"text-align: left;\">Coroane ceramice<\/h1>\n<\/div><\/section><\/div><div  style='height:50px' class='hr hr-invisible  av-desktop-hide  avia-builder-el-5  el_after_av_one_full  avia-builder-el-last '><span class='hr-inner ' ><span class='hr-inner-style'><\/span><\/span><\/div><\/p>\n<\/div><\/div><\/div><div id='av-layout-grid-2'  class='av-layout-grid-container entry-content-wrapper main_color av-flex-cells     avia-builder-el-6  el_after_av_layout_row  el_before_av_layout_row  submenu-not-first container_wrap fullsize' style=' '  >\n<div class=\"flex_cell no_margin av_one_full  avia-builder-el-7  avia-builder-el-no-sibling   avia-full-stretch \"  style='background:url(https:\/\/radiologiarodenta.ro\/com\/wp-content\/uploads\/2020\/12\/white-dentis-3.jpg) top right no-repeat fixed; vertical-align:middle; padding:3% 10% 3% 10% ; ' ><div class='flex_cell_inner' ><div class='flex_column_table av-equal-height-column-flextable -flextable' ><div class=\"flex_column av_one_full  av-animated-generic top-to-bottom  flex_column_table_cell av-equal-height-column av-align-middle av-zero-column-padding first  avia-builder-el-8  avia-builder-el-no-sibling  \" style='border-radius:0px; '><section class=\"av_textblock_section \"  itemscope=\"itemscope\" itemtype=\"https:\/\/schema.org\/CreativeWork\" ><div class='avia_textblock  '   itemprop=\"text\" ><h4>Coroanele integral-ceramice sunt o alegere foarte bun\u0103 c\u00e2nd este nevoie de lucr\u0103ri dentare.<\/h4>\n<p>Este cunoscut faptul c\u0103 ceramica este un material de o calitate superioar\u0103, fiind singurul material care ofer\u0103 o estetic\u0103 deosebit\u0103, dar si o rezistent\u0103 foarte bun\u0103. Se indic\u0103 at\u00e2t \u00een zona frontal\u0103, c\u00e2t \u015fi \u00een zona lateral\u0103 a arcadelor dentare.<\/p>\n<p><strong>Indica\u0163ii pentru coroanele integral ceramice<\/strong><\/p>\n<ul>\n<li>dintele prezinta carii intinse<\/li>\n<li>dintele prezint\u0103 obtura\u0163ii mari care nu trebuie \u00eenlocuite<\/li>\n<li>dintele este fracturat<\/li>\n<li>dintele are nervul scos<\/li>\n<\/ul>\n<p><strong>Contraindica\u0163ii pentru coroanele integral ceramice<\/strong><\/p>\n<ul>\n<li>Pacien\u0163ii care scr\u00e2\u015fnesc involuntar din din\u0163i<\/li>\n<li>Ocluziile ad\u00e2nci acoperite<\/li>\n<\/ul>\n<p>Exist\u0103 o diversitate de materiale \u015fi tehnici utilizate pentru realizarea acestor coroane.<\/p>\n<p><strong>Avantaje:<\/strong><\/p>\n<p>Prin intermediul acestei proceduri ve\u0163i reu\u015fi s\u0103 v\u0103 reface\u0163i dintele din punct de vedere estetic \u015fi morfo-func\u0163ional. In plus, durata de via\u0163\u0103 acestei lucr\u0103ri este lung\u0103, p\u00e2n\u0103 la 10 ani.<\/p>\n<p><strong>Dezavantaje:<\/strong><\/p>\n<p>In cazul de fa\u0163\u0103 vorbim de un cost mai ridicat comparativ cu o obtura\u0163ie. Este o lucrare mult mai laborioas\u0103, implic\u00e2nd mai multe etape \u015fi mai multe persoane responsabile cu execu\u0163ia lucr\u0103rii.<\/p>\n<p><strong>Cum se realizeaz\u0103 coroanele din ceramic\u0103?<\/strong><\/p>\n<p>Ele sunt realizate prin presare, ardere, sau frezare computerizat\u0103. Din aceast\u0103 cauz\u0103, medicul \u015fi tehnicianul dentar trebuie s\u0103 aib\u0103 o preg\u0103tire de nivel \u00eenalt.<\/p>\n<p><strong>Dup\u0103 tratamentul \u015fi \u015flefuirea dintelui, avem urm\u0103toarele posibilit\u0103\u0163i:<\/strong><\/p>\n<ul>\n<li>Lu\u0103m o amprent\u0103 exact\u0103, pe baza c\u0103reia se realizeaz\u0103 coroana \u00een laborator<\/li>\n<li>Se scaneaz\u0103 prepara\u0163ia, se modeleaz\u0103 digital coroana \u015fi se frezeaz\u0103 dintr-un cub de ceramic\u0103 prin tehnica CAD-CAM, metoda CEREC. \u00cen clinica noastr\u0103 v\u0103 putem oferi \u015fi aceast\u0103 alternativ\u0103 modern\u0103, prin care \u00eentr-o singur\u0103 \u015fedin\u0163\u0103 se poate realiza lucrarea<\/li>\n<\/ul>\n<p>Coroanele astfel ob\u0163inute se glazureaz\u0103 \u00een cuptor de ceramic\u0103 \u015fi se cimenteaz\u0103 prin tehnica adeziv\u0103.<\/p>\n<\/div><\/section><\/div><\/div><!--close column table wrapper. Autoclose: 1 -->\n<\/div><\/div><\/div><div id='av-layout-grid-3'  class='av-layout-grid-container entry-content-wrapper alternate_color av-flex-cells     avia-builder-el-10  el_after_av_layout_row  avia-builder-el-last  submenu-not-first container_wrap fullsize' style=' '  >\n<div class=\"flex_cell no_margin av_one_full  avia-builder-el-11  avia-builder-el-no-sibling   \"  style='vertical-align:top; padding:3% 15% 3% 15% ; ' ><div class='flex_cell_inner' ><p><div class=\"flex_column av_one_full  av-animated-generic top-to-bottom  flex_column_div av-zero-column-padding first  avia-builder-el-12  el_before_av_one_full  avia-builder-el-first  \" style='border-radius:0px; '><section class=\"av_textblock_section \"  itemscope=\"itemscope\" itemtype=\"https:\/\/schema.org\/CreativeWork\" ><div class='avia_textblock  '   itemprop=\"text\" ><h2 style=\"text-align: left;\">Intrebari frecvente:<\/h2>\n<\/div><\/section><br \/>\n<div  class=\"togglecontainer   toggle_close_all  avia-builder-el-14  el_after_av_textblock  avia-builder-el-last \" >\n<section class=\"av_toggle_section\"  itemscope=\"itemscope\" itemtype=\"https:\/\/schema.org\/CreativeWork\"  >    <div role=\"tablist\" class=\"single_toggle\" data-tags=\"{Toate} \"  >        <p data-fake-id=\"#toggle-id-1\" class=\"toggler \"  itemprop=\"headline\"    role=\"tab\" tabindex=\"0\" aria-controls=\"toggle-id-1\">Este indicat\u0103 albirea din\u0163ilor \u00eenainte de aplicarea coroanelor ceramice?<span class=\"toggle_icon\" >        <span class=\"vert_icon\"><\/span><span class=\"hor_icon\"><\/span><\/span><\/p>        <div id=\"toggle-id-1\" class=\"toggle_wrap \"  >            <div class=\"toggle_content invers-color \"  itemprop=\"text\"   ><p>Da, albirea dentar\u0103 este necesar\u0103 deoarece coroanele ceramice vor fi realizate \u00een armonie cu noua nuan\u0163\u0103, mai alb\u0103 \u015fi mai atr\u0103g\u0103toare.<\/p>\n            <\/div>        <\/div>    <\/div><\/section>\n<section class=\"av_toggle_section\"  itemscope=\"itemscope\" itemtype=\"https:\/\/schema.org\/CreativeWork\"  >    <div role=\"tablist\" class=\"single_toggle\" data-tags=\"{Toate} \"  >        <p data-fake-id=\"#toggle-id-2\" class=\"toggler \"  itemprop=\"headline\"    role=\"tab\" tabindex=\"0\" aria-controls=\"toggle-id-2\">Este ceramica destul de rezistenta?<span class=\"toggle_icon\" >        <span class=\"vert_icon\"><\/span><span class=\"hor_icon\"><\/span><\/span><\/p>        <div id=\"toggle-id-2\" class=\"toggle_wrap \"  >            <div class=\"toggle_content invers-color \"  itemprop=\"text\"   ><p>Exist\u0103 anumite for\u0163e la care ceramica nu prezint\u0103 un grad foarte mare de rezisten\u0163\u0103. Tocmai de aceea e bine s\u0103 nu suprasolicita\u0163i lucr\u0103rile de ceramic\u0103. Totu\u015fi, incidentele nepl\u0103cute nu sunt foarte dese, \u00eens\u0103 se pot \u00eent\u00e2mpla \u015fi e bine s\u0103 sti\u0163i.<\/p>\n            <\/div>        <\/div>    <\/div><\/section>\n<\/div><\/p><\/div><div class=\"flex_column av_one_full  av-animated-generic top-to-bottom  flex_column_div av-zero-column-padding first  avia-builder-el-15  el_after_av_one_full  avia-builder-el-last  column-top-margin\" style='border-radius:0px; ' id=\"formintrebari\" ><section class=\"av_textblock_section \"  itemscope=\"itemscope\" itemtype=\"https:\/\/schema.org\/CreativeWork\" ><div class='avia_textblock  '   itemprop=\"text\" ><h2 style=\"text-align: left;\">Ave\u021bi o \u00eentrebare?<\/h2>\n<p>\u00cen cazul \u00een care informa\u021biile prezentate pe acest site nu v\u0103 sunt suficiente, v\u0103 rug\u0103m s\u0103 ne adresa\u021bi \u00eentreb\u0103rile dumneavoastre prin intermediul acestui formular:<\/p>\n<\/div><\/section><br \/>\n<form action=\"https:\/\/radiologiarodenta.ro\/com\/coroane-ceramice\/\" method=\"post\"  class=\"avia_ajax_form av-form-labels-hidden   avia-builder-el-17  el_after_av_textblock  avia-builder-el-last   \" data-avia-form-id=\"1\" data-avia-redirect='' ><fieldset><p class='  first_form  form_element form_element_third' id='element_avia_1_1'><label for=\"avia_1_1\">Nume <abbr class=\"required\" title=\"required\">*<\/abbr><\/label> <input name=\"avia_1_1\" class=\"text_input is_empty\" type=\"text\" id=\"avia_1_1\" value=\"\"  placeholder='Nume*'\/><\/p><p class='  form_element form_element_third' id='element_avia_2_1'><label for=\"avia_2_1\">Mail <abbr class=\"required\" title=\"required\">*<\/abbr><\/label> <input name=\"avia_2_1\" class=\"text_input is_empty\" type=\"text\" id=\"avia_2_1\" value=\"\"  placeholder='Mail*'\/><\/p><p class='  form_element form_element_third' id='element_avia_3_1'><label for=\"avia_3_1\">Telefon <abbr class=\"required\" title=\"required\">*<\/abbr><\/label> <input name=\"avia_3_1\" class=\"text_input is_empty\" type=\"text\" id=\"avia_3_1\" value=\"\"  placeholder='Telefon*'\/><\/p><p class='  first_form  form_element form_element_two_third av-last-visible-form-element' id='element_avia_4_1'><label for=\"avia_4_1\">\u00centrebare <abbr class=\"required\" title=\"required\">*<\/abbr><\/label> <input name=\"avia_4_1\" class=\"text_input is_empty\" type=\"text\" id=\"avia_4_1\" value=\"\"  placeholder='\u00centrebare*'\/><\/p><p class=\"hidden\"><input type=\"text\" name=\"avia_5_1\" class=\"hidden \" id=\"avia_5_1\" value=\"\" \/><\/p><p class=\"form_element form_element_third modified_width\"><input type=\"hidden\" value=\"1\" name=\"avia_generated_form1\" \/><input type=\"submit\" value=\"Trimite\" class=\"button\"  data-sending-label=\"Sending\"\/><\/p><\/fieldset><\/form><div id=\"ajaxresponse_1\" class=\"ajaxresponse ajaxresponse_1 hidden\"><\/div><\/p><\/div><\/p>\n<\/div><\/div><\/div><\/p>\n","protected":false},"excerpt":{"rendered":"","protected":false},"author":1,"featured_media":0,"parent":0,"menu_order":0,"comment_status":"closed","ping_status":"closed","template":"","meta":[],"_links":{"self":[{"href":"https:\/\/radiologiarodenta.ro\/com\/wp-json\/wp\/v2\/pages\/462"}],"collection":[{"href":"https:\/\/radiologiarodenta.ro\/com\/wp-json\/wp\/v2\/pages"}],"about":[{"href":"https:\/\/radiologiarodenta.ro\/com\/wp-json\/wp\/v2\/types\/page"}],"author":[{"embeddable":true,"href":"https:\/\/radiologiarodenta.ro\/com\/wp-json\/wp\/v2\/users\/1"}],"replies":[{"embeddable":true,"href":"https:\/\/radiologiarodenta.ro\/com\/wp-json\/wp\/v2\/comments?post=462"}],"version-history":[{"count":3,"href":"https:\/\/radiologiarodenta.ro\/com\/wp-json\/wp\/v2\/pages\/462\/revisions"}],"predecessor-version":[{"id":526,"href":"https:\/\/radiologiarodenta.ro\/com\/wp-json\/wp\/v2\/pages\/462\/revisions\/526"}],"wp:attachment":[{"href":"https:\/\/radiologiarodenta.ro\/com\/wp-json\/wp\/v2\/media?parent=462"}],"curies":[{"name":"wp","href":"https:\/\/api.w.org\/{rel}","templated":true}]}}