{"id":536,"date":"2020-12-03T12:04:30","date_gmt":"2020-12-03T12:04:30","guid":{"rendered":"https:\/\/radiologiarodenta.ro\/com\/?page_id=536"},"modified":"2020-12-03T12:04:30","modified_gmt":"2020-12-03T12:04:30","slug":"coroane-punti-ceramice-pe-suport-de-zirconiu","status":"publish","type":"page","link":"https:\/\/radiologiarodenta.ro\/com\/coroane-punti-ceramice-pe-suport-de-zirconiu\/","title":{"rendered":"Coroane, pun\u0163i ceramice pe suport de zirconiu"},"content":{"rendered":"<div id='av-layout-grid-1'  class='av-layout-grid-container entry-content-wrapper alternate_color av-flex-cells     avia-builder-el-0  el_before_av_layout_row  avia-builder-el-first  av-cell-min-height av-cell-min-height-35 container_wrap fullsize' style=' '   data-av_minimum_height_pc='35'>\n<div class=\"flex_cell no_margin av_one_full  avia-builder-el-1  avia-builder-el-no-sibling   avia-full-stretch \"  style='background:url(https:\/\/radiologiarodenta.ro\/com\/wp-content\/uploads\/2020\/12\/bg.jpg) center center no-repeat scroll; vertical-align:middle; padding:3% 15% 3% 15% ; ' ><div class='flex_cell_inner' ><p><div  style='height:50px' class='hr hr-invisible  av-desktop-hide  avia-builder-el-2  el_before_av_one_full  avia-builder-el-first '><span class='hr-inner ' ><span class='hr-inner-style'><\/span><\/span><\/div><br \/>\n<div class=\"flex_column av_one_full  flex_column_div av-zero-column-padding first  avia-builder-el-3  el_after_av_hr  el_before_av_hr  \" style='border-radius:0px; '><section class=\"av_textblock_section \"  itemscope=\"itemscope\" itemtype=\"https:\/\/schema.org\/CreativeWork\" ><div class='avia_textblock  '   itemprop=\"text\" ><h1 style=\"text-align: left;\">Coroane, pun\u0163i ceramice pe suport de zirconiu<\/h1>\n<\/div><\/section><\/div><div  style='height:50px' class='hr hr-invisible  av-desktop-hide  avia-builder-el-5  el_after_av_one_full  avia-builder-el-last '><span class='hr-inner ' ><span class='hr-inner-style'><\/span><\/span><\/div><\/p>\n<\/div><\/div><\/div><div id='av-layout-grid-2'  class='av-layout-grid-container entry-content-wrapper main_color av-flex-cells     avia-builder-el-6  el_after_av_layout_row  el_before_av_layout_row  submenu-not-first container_wrap fullsize' style=' '  >\n<div class=\"flex_cell no_margin av_one_full  avia-builder-el-7  avia-builder-el-no-sibling   avia-full-stretch \"  style='background:url(https:\/\/radiologiarodenta.ro\/com\/wp-content\/uploads\/2020\/12\/white-dentis-3.jpg) top right no-repeat fixed; vertical-align:middle; padding:3% 15% 3% 15% ; ' ><div class='flex_cell_inner' ><div class='flex_column_table av-equal-height-column-flextable -flextable' ><div class=\"flex_column av_one_full  av-animated-generic top-to-bottom  flex_column_table_cell av-equal-height-column av-align-middle av-zero-column-padding first  avia-builder-el-8  avia-builder-el-no-sibling  \" style='border-radius:0px; '><section class=\"av_textblock_section \"  itemscope=\"itemscope\" itemtype=\"https:\/\/schema.org\/CreativeWork\" ><div class='avia_textblock  '   itemprop=\"text\" ><h4>Coroanele ceramice pe suport de zirconiu au ap\u0103rut ca o alternativ\u0103 la coroanele metalo-ceramice.<\/h4>\n<p>Coroanele ceramice pe suport de zirconiu sunt mai estetice \u015fi mai rezistente dec\u00e2t coroanele metalo-ceramice<\/p>\n<p>Prin propriet\u0103\u0163ile sale deosebite, oxidul de zirconiu este complet biocompatibil, este dur, nu se toarn\u0103 \u015fi nu este prelucrat manual \u00een laborator, ci este frezat prin tehnologia CAD \/CAM. Astfel se asigur\u0103 o mare precizie \u015fi o adaptare perfect\u0103 pe bontul protetic.<\/p>\n<p>Sunt mai u\u015foare dec\u00e2t cele pe suport metalic, acomodarea realiz\u00e2ndu-se cu o mai mare u\u015furin\u0163\u0103.<\/p>\n<p><strong>Coroanele din zirconiu sunt de dou\u0103 feluri:<\/strong><\/p>\n<ol>\n<li>Integrale din zirconiu &#8211; pentru din\u0163ii laterali unde sunt for\u0163e mari de mastica\u0163ie \u015fi cerin\u0163e estetice mai pu\u021bin importante, zirconiului lipsindu-i translucen\u0163a \u015fi fluorescen\u0163a.<\/li>\n<li>Structura de zirconiu cu aplica\u0163ii de ceramic\u0103 &#8211; \u00een zona frontal\u0103, structura de rezisten\u0163\u0103 este zirconiul, \u00een timp ce efectele de dinte natural sunt date de straturile de ceramic\u0103.<\/li>\n<\/ol>\n<p><strong>Avantaje<\/strong><\/p>\n<ul>\n<li>Rezultate estetice deosebite<\/li>\n<li>Bicompatibilitate (bine tolerat de organismul uman)<\/li>\n<li>Rezisten\u0163\u0103 mecanic\u0103 foarte bun\u0103<\/li>\n<\/ul>\n<p><strong>Dezavantaje<\/strong><\/p>\n<ul>\n<li>Necesit\u0103 o tehnologie avansat\u0103, preg\u0103tire de nivel \u00eenalt \u015fi costuri mai ridicate \u00een compara\u0163ie cu celelalte lucr\u0103ri<\/li>\n<\/ul>\n<\/div><\/section><\/div><\/div><!--close column table wrapper. Autoclose: 1 -->\n<\/div><\/div><\/div><div id='av-layout-grid-3'  class='av-layout-grid-container entry-content-wrapper alternate_color av-flex-cells     avia-builder-el-10  el_after_av_layout_row  avia-builder-el-last  submenu-not-first container_wrap fullsize' style=' '  >\n<div class=\"flex_cell no_margin av_one_full  avia-builder-el-11  avia-builder-el-no-sibling   \"  style='vertical-align:top; padding:3% 15% 3% 15% ; ' ><div class='flex_cell_inner' ><p><div class=\"flex_column av_one_full  av-animated-generic top-to-bottom  flex_column_div av-zero-column-padding first  avia-builder-el-12  el_before_av_one_full  avia-builder-el-first  \" style='border-radius:0px; '><section class=\"av_textblock_section \"  itemscope=\"itemscope\" itemtype=\"https:\/\/schema.org\/CreativeWork\" ><div class='avia_textblock  '   itemprop=\"text\" ><h2 style=\"text-align: left;\">Intrebari frecvente:<\/h2>\n<\/div><\/section><br \/>\n<div  class=\"togglecontainer   toggle_close_all  avia-builder-el-14  el_after_av_textblock  avia-builder-el-last \" >\n<section class=\"av_toggle_section\"  itemscope=\"itemscope\" itemtype=\"https:\/\/schema.org\/CreativeWork\"  >    <div role=\"tablist\" class=\"single_toggle\" data-tags=\"{Toate} \"  >        <p data-fake-id=\"#toggle-id-1\" class=\"toggler \"  itemprop=\"headline\"    role=\"tab\" tabindex=\"0\" aria-controls=\"toggle-id-1\">Cum se igienizeaz\u0103 coroanele \u015fi pun\u0163ile dentare?<span class=\"toggle_icon\" >        <span class=\"vert_icon\"><\/span><span class=\"hor_icon\"><\/span><\/span><\/p>        <div id=\"toggle-id-1\" class=\"toggle_wrap \"  >            <div class=\"toggle_content invers-color \"  itemprop=\"text\"   ><p>Pentru ca lucrarea s\u0103 aib\u0103 o via\u0163\u0103 c\u00e2t mai lung\u0103, iar gingiile s\u0103 fie perfect s\u0103n\u0103toase, este nevoie de o igien\u0103 corespunz\u0103toare fiec\u0103rui tip de lucrare dentar\u0103.<\/p>\n<p>\u00cen cazul lucr\u0103rilor fixe este nevoie de o igien\u0103 \u015fi mai riguroas\u0103 dec\u00e2t la din\u0163ii naturali, deoarece corpurile de punte sunt mai retentive, \u015fi autocur\u0103\u0163irea mai precar\u0103.<\/p>\n<p>Pacien\u0163ii care au lucr\u0103ri unidentare se vor sp\u0103la pe din\u0163i ca \u015fi cum ar avea to\u0163i din\u0163ii naturali \u015fi vor utiliza a\u0163a dentar\u0103, foarte important\u0103 \u015fi \u00een cazul coroanei dentare.<\/p>\n<p>Pacien\u0163ii care au lucr\u0103ri protetice fixe (pun\u0163i) mai mari de un dinte trebuie s\u0103 foloseasc\u0103, pe l\u00e2ng\u0103 periu\u0163a de din\u0163i \u015fi apa de gur\u0103, a\u0163a interdentar\u0103, numit\u0103 &#8222;super floss&#8221;, care, fa\u0163\u0103 de a\u0163a obi\u015fnuit\u0103, are o parte mai groas\u0103 \u015fi mai moale foarte util\u0103 \u00een cur\u0103\u0163irea corpului de punte (partea care acoper\u0103 zona din\u0163ilor extra\u015fi). Astfel, se va introduce sub corpul de punte, iar partea aceasta moale va cur\u0103\u0163i foarte bine zona care este \u00een contact cu gingia, prin mi\u015fc\u0103ri de du-te-vino.<\/p>\n<p>Periu\u0163ele interdentare sunt foarte utile \u00een cur\u0103\u0163irea acestei zone, atunci c\u00e2nd spa\u0163iul este mai mare \u00eentre gingie \u015fi punte. Periu\u0163ele interdentare sub\u0163iri (comercializate \u00een farmacii) se pot introduce \u00een loc de &#8222;super floss&#8221;.<\/p>\n<p>Pentru o igien\u0103 complet\u0103 se poate folosi \u015fi du\u015ful bucal, care introduce un jet de ap\u0103 cu presiune sub lucrare, cur\u0103\u0163ind foarte bine resturile alimentare.<\/p>\n            <\/div>        <\/div>    <\/div><\/section>\n<\/div><\/p><\/div><div class=\"flex_column av_one_full  av-animated-generic top-to-bottom  flex_column_div av-zero-column-padding first  avia-builder-el-15  el_after_av_one_full  avia-builder-el-last  column-top-margin\" style='border-radius:0px; ' id=\"formintrebari\" ><section class=\"av_textblock_section \"  itemscope=\"itemscope\" itemtype=\"https:\/\/schema.org\/CreativeWork\" ><div class='avia_textblock  '   itemprop=\"text\" ><h2 style=\"text-align: left;\">Ave\u021bi o \u00eentrebare?<\/h2>\n<p>\u00cen cazul \u00een care informa\u021biile prezentate pe acest site nu v\u0103 sunt suficiente, v\u0103 rug\u0103m s\u0103 ne adresa\u021bi \u00eentreb\u0103rile dumneavoastre prin intermediul acestui formular:<\/p>\n<\/div><\/section><br \/>\n<form action=\"https:\/\/radiologiarodenta.ro\/com\/coroane-punti-ceramice-pe-suport-de-zirconiu\/\" method=\"post\"  class=\"avia_ajax_form av-form-labels-hidden   avia-builder-el-17  el_after_av_textblock  avia-builder-el-last   \" data-avia-form-id=\"1\" data-avia-redirect='' ><fieldset><p class='  first_form  form_element form_element_third' id='element_avia_1_1'><label for=\"avia_1_1\">Nume <abbr class=\"required\" title=\"required\">*<\/abbr><\/label> <input name=\"avia_1_1\" class=\"text_input is_empty\" type=\"text\" id=\"avia_1_1\" value=\"\"  placeholder='Nume*'\/><\/p><p class='  form_element form_element_third' id='element_avia_2_1'><label for=\"avia_2_1\">Mail <abbr class=\"required\" title=\"required\">*<\/abbr><\/label> <input name=\"avia_2_1\" class=\"text_input is_empty\" type=\"text\" id=\"avia_2_1\" value=\"\"  placeholder='Mail*'\/><\/p><p class='  form_element form_element_third' id='element_avia_3_1'><label for=\"avia_3_1\">Telefon <abbr class=\"required\" title=\"required\">*<\/abbr><\/label> <input name=\"avia_3_1\" class=\"text_input is_empty\" type=\"text\" id=\"avia_3_1\" value=\"\"  placeholder='Telefon*'\/><\/p><p class='  first_form  form_element form_element_two_third av-last-visible-form-element' id='element_avia_4_1'><label for=\"avia_4_1\">\u00centrebare <abbr class=\"required\" title=\"required\">*<\/abbr><\/label> <input name=\"avia_4_1\" class=\"text_input is_empty\" type=\"text\" id=\"avia_4_1\" value=\"\"  placeholder='\u00centrebare*'\/><\/p><p class=\"hidden\"><input type=\"text\" name=\"avia_5_1\" class=\"hidden \" id=\"avia_5_1\" value=\"\" \/><\/p><p class=\"form_element form_element_third modified_width\"><input type=\"hidden\" value=\"1\" name=\"avia_generated_form1\" \/><input type=\"submit\" value=\"Trimite\" class=\"button\"  data-sending-label=\"Sending\"\/><\/p><\/fieldset><\/form><div id=\"ajaxresponse_1\" class=\"ajaxresponse ajaxresponse_1 hidden\"><\/div><\/p><\/div><\/p>\n<\/div><\/div><\/div><\/p>\n","protected":false},"excerpt":{"rendered":"","protected":false},"author":1,"featured_media":0,"parent":0,"menu_order":0,"comment_status":"closed","ping_status":"closed","template":"","meta":[],"_links":{"self":[{"href":"https:\/\/radiologiarodenta.ro\/com\/wp-json\/wp\/v2\/pages\/536"}],"collection":[{"href":"https:\/\/radiologiarodenta.ro\/com\/wp-json\/wp\/v2\/pages"}],"about":[{"href":"https:\/\/radiologiarodenta.ro\/com\/wp-json\/wp\/v2\/types\/page"}],"author":[{"embeddable":true,"href":"https:\/\/radiologiarodenta.ro\/com\/wp-json\/wp\/v2\/users\/1"}],"replies":[{"embeddable":true,"href":"https:\/\/radiologiarodenta.ro\/com\/wp-json\/wp\/v2\/comments?post=536"}],"version-history":[{"count":1,"href":"https:\/\/radiologiarodenta.ro\/com\/wp-json\/wp\/v2\/pages\/536\/revisions"}],"predecessor-version":[{"id":537,"href":"https:\/\/radiologiarodenta.ro\/com\/wp-json\/wp\/v2\/pages\/536\/revisions\/537"}],"wp:attachment":[{"href":"https:\/\/radiologiarodenta.ro\/com\/wp-json\/wp\/v2\/media?parent=536"}],"curies":[{"name":"wp","href":"https:\/\/api.w.org\/{rel}","templated":true}]}}