{"id":542,"date":"2020-12-03T12:13:43","date_gmt":"2020-12-03T12:13:43","guid":{"rendered":"https:\/\/radiologiarodenta.ro\/com\/?page_id=542"},"modified":"2020-12-03T12:13:43","modified_gmt":"2020-12-03T12:13:43","slug":"lucrari-pe-implante","status":"publish","type":"page","link":"https:\/\/radiologiarodenta.ro\/com\/lucrari-pe-implante\/","title":{"rendered":"Lucr\u0103ri pe implante"},"content":{"rendered":"<div id='av-layout-grid-1'  class='av-layout-grid-container entry-content-wrapper alternate_color av-flex-cells     avia-builder-el-0  el_before_av_layout_row  avia-builder-el-first  av-cell-min-height av-cell-min-height-35 container_wrap fullsize' style=' '   data-av_minimum_height_pc='35'>\n<div class=\"flex_cell no_margin av_one_full  avia-builder-el-1  avia-builder-el-no-sibling   avia-full-stretch \"  style='background:url(https:\/\/radiologiarodenta.ro\/com\/wp-content\/uploads\/2020\/12\/bg.jpg) center center no-repeat scroll; vertical-align:middle; padding:3% 15% 3% 15% ; ' ><div class='flex_cell_inner' ><p><div  style='height:50px' class='hr hr-invisible  av-desktop-hide  avia-builder-el-2  el_before_av_one_full  avia-builder-el-first '><span class='hr-inner ' ><span class='hr-inner-style'><\/span><\/span><\/div><br \/>\n<div class=\"flex_column av_one_full  flex_column_div av-zero-column-padding first  avia-builder-el-3  el_after_av_hr  el_before_av_hr  \" style='border-radius:0px; '><section class=\"av_textblock_section \"  itemscope=\"itemscope\" itemtype=\"https:\/\/schema.org\/CreativeWork\" ><div class='avia_textblock  '   itemprop=\"text\" ><h1 style=\"text-align: left;\">Lucr\u0103ri pe implante<\/h1>\n<\/div><\/section><\/div><div  style='height:50px' class='hr hr-invisible  av-desktop-hide  avia-builder-el-5  el_after_av_one_full  avia-builder-el-last '><span class='hr-inner ' ><span class='hr-inner-style'><\/span><\/span><\/div><\/p>\n<\/div><\/div><\/div><div id='av-layout-grid-2'  class='av-layout-grid-container entry-content-wrapper main_color av-flex-cells     avia-builder-el-6  el_after_av_layout_row  el_before_av_layout_row  submenu-not-first container_wrap fullsize' style=' '  >\n<div class=\"flex_cell no_margin av_one_full  avia-builder-el-7  avia-builder-el-no-sibling   avia-full-stretch \"  style='background:url(https:\/\/radiologiarodenta.ro\/com\/wp-content\/uploads\/2020\/12\/white-dentis-3.jpg) top right no-repeat fixed; vertical-align:middle; padding:3% 15% 3% 15% ; ' ><div class='flex_cell_inner' ><div class='flex_column_table av-equal-height-column-flextable -flextable' ><div class=\"flex_column av_one_full  av-animated-generic top-to-bottom  flex_column_table_cell av-equal-height-column av-align-middle av-zero-column-padding first  avia-builder-el-8  avia-builder-el-no-sibling  \" style='border-radius:0px; '><section class=\"av_textblock_section \"  itemscope=\"itemscope\" itemtype=\"https:\/\/schema.org\/CreativeWork\" ><div class='avia_textblock  '   itemprop=\"text\" ><h4>Protetica dentar\u0103 a fost revolu\u0163ionat\u0103 de apari\u0163ia implantologiei orale. Lucr\u0103rile pe implante reprezint\u0103 o alternativ\u0103 viabil\u0103 pentru foarte multe persoane cu lipsuri dentare.<\/h4>\n<p>Avantajul major al implantelor este c\u0103 nu necesit\u0103 \u015flefuirea din\u0163ilor care limiteaz\u0103 bre\u015fa \u015fi stimuleaz\u0103 func\u0163ional osul prevenind rezorb\u0163ia acestuia.<\/p>\n<p>Lucr\u0103rile pe implante au rolul de a \u00eenlocui de la un singur dinte, p\u00e2n\u0103 la o arcad\u0103 \u00eentreag\u0103.<\/p>\n<p>Implantul dentar reprezint\u0103 cel mai des un &#8221;surub&#8221;(cu spire), care \u00eenlocuie\u015fte r\u0103d\u0103cina dintelui de dimensiuni ca \u015fi din\u0163ii naturali \u015fi este realizat fie din titan, fie mai nou din zirconiu, materiale cu o biocompatibilitate excelent\u0103.<\/p>\n<p>\u00cen acest surub\/implant dentar, se va \u00eenfileta bontul &#8221;protetic&#8221; = element ce completeaz\u0103 implantul dentar.<\/p>\n<p>Peste acest bont protetic, vom ata\u015fa coroana final\u0103 &#8211; care poate fi realizat\u0103 din diverse materiale: metalo-ceramic\u0103, zirconiu-ceramic\u0103, integral zirconiu, ceramic\u0103 presat\u0103. Marginile microprotezelor pot fi plasate subgingival, ca s\u0103 ob\u0163inem un aspect estetic c\u00e2t mai natural.<\/p>\n<p>Lucr\u0103rile protetice pe implante pot fi fixate prin cimentare sau prin \u00een\u015furubare.<\/p>\n<p><strong>Avantajele lucr\u0103rilor cimentate<\/strong><\/p>\n<ul>\n<li>Aceasta este o tehnic\u0103 folosit\u0103 des \u00een practica dentar\u0103, neimplic\u00e2nd manopere deosebite<\/li>\n<li>Numar redus de componente<\/li>\n<\/ul>\n<p>C\u00e2t despre cealalt\u0103 alternativ\u0103 (lucr\u0103ri \u00een\u015furubate), \u015fi ea are avantajele \u015fi dezavantajele ei.<\/p>\n<p><strong>Avantajele suprastructurilor deta\u015fabile<\/strong><\/p>\n<ul>\n<li>Pot fi \u00eenlocuite mult mai u\u015for \u00een cazul unor probleme<\/li>\n<li>Igiena oral\u0103 se realizeaz\u0103 mult mai u\u015for<\/li>\n<\/ul>\n<p><strong>Dezavantajele suprastructurilor deta\u015fabile<\/strong><\/p>\n<ul>\n<li>Costurile sunt mai mari av\u00e2nd \u00een vedere complexitatea lucr\u0103rii<\/li>\n<\/ul>\n<\/div><\/section><\/div><\/div><!--close column table wrapper. Autoclose: 1 -->\n<\/div><\/div><\/div><div id='av-layout-grid-3'  class='av-layout-grid-container entry-content-wrapper alternate_color av-flex-cells     avia-builder-el-10  el_after_av_layout_row  avia-builder-el-last  submenu-not-first container_wrap fullsize' style=' '  >\n<div class=\"flex_cell no_margin av_one_full  avia-builder-el-11  avia-builder-el-no-sibling   \"  style='vertical-align:top; padding:3% 15% 3% 15% ; ' ><div class='flex_cell_inner' ><p><div class=\"flex_column av_one_full  av-animated-generic top-to-bottom  flex_column_div av-zero-column-padding first  avia-builder-el-12  el_before_av_one_full  avia-builder-el-first  \" style='border-radius:0px; '><section class=\"av_textblock_section \"  itemscope=\"itemscope\" itemtype=\"https:\/\/schema.org\/CreativeWork\" ><div class='avia_textblock  '   itemprop=\"text\" ><h2 style=\"text-align: left;\">Intrebari frecvente:<\/h2>\n<\/div><\/section><br \/>\n<div  class=\"togglecontainer   toggle_close_all  avia-builder-el-14  el_after_av_textblock  avia-builder-el-last \" >\n<section class=\"av_toggle_section\"  itemscope=\"itemscope\" itemtype=\"https:\/\/schema.org\/CreativeWork\"  >    <div role=\"tablist\" class=\"single_toggle\" data-tags=\"{Toate} \"  >        <p data-fake-id=\"#toggle-id-1\" class=\"toggler \"  itemprop=\"headline\"    role=\"tab\" tabindex=\"0\" aria-controls=\"toggle-id-1\">Care sunt etapele inser\u0103rii implantului \u015fi realizarea lucr\u0103rii pe implant?<span class=\"toggle_icon\" >        <span class=\"vert_icon\"><\/span><span class=\"hor_icon\"><\/span><\/span><\/p>        <div id=\"toggle-id-1\" class=\"toggle_wrap \"  >            <div class=\"toggle_content invers-color \"  itemprop=\"text\"   ><p>Interven\u021bia se realizeaz\u0103 sub anestezie local\u0103. Medicul de specialitate realizeaz\u0103 o incizie \u00een gingie pentru a expune zona unde va introduce implantul. Cu ajutorul unei truse speciale se foreaz\u0103 \u00een os un tunel de aceea\u015fi form\u0103 \u015fi dimensiune cu a implantului. Peste implant se fixeaz\u0103 un \u015furub etan\u015f.<\/p>\n<p>La finalul procedurii se \u00eenchide gingia \u015fi se sutureaz\u0103 (implantul este acoperit de gingie). Aceast\u0103 manoper\u0103 de inser\u0163ie a unui implant, dureaz\u0103 \u00eentre 15-30 min, \u00een func\u021bie de pozi\u0163ia implantului \u015fi complexitatea cazului.<\/p>\n<p>Dup\u0103 inserarea implantului dentar se va a\u015ftepta o perioad\u0103 de 3 &#8211; 6 luni, denumit\u0103 \u015fi perioad\u0103 de OSTEOINTEGRARE. \u00cen aceast\u0103 perioad\u0103 se va depune \u0163esut osos \u00een jurul filetelor implantului, pentru a se stabiliza foarte bine \u00een interiorul osului. Dup\u0103 perioada de osteointegrare, pacientul se prezint\u0103 din nou la medicul de specialitate pentru a \u00eencepe procedura de \u00eenc\u0103rcare (protezare\/realizarea coroanei dentare finale).<\/p>\n<p>Printr-o mic\u0103 incizie se descoper\u0103 implantul, se pune \u015furubul de vindecare, care se men\u0163ine 2-5 s\u0103pt\u0103m\u00e2ni, ca s\u0103 ob\u0163inem modelarea gingiei. Etapa urm\u0103toare este luarea amprentei cu bont de transfer pentru lucrare. Se realizeaz\u0103 bontul protetic peste care va veni lucrarea definitiv\u0103. Fixarea acestei lucr\u0103ri va fi prin cimentare sau prin \u00een\u015furubare, dup\u0103 cum am v\u0103zut anterior.<\/p>\n<p>Sunt situa\u0163ii clinice, mai ales \u00een zona frontal\u0103, c\u00e2nd se realizeaz\u0103 bonturi \u015fi coroane provizorii, \u00een acest caz cu \u00eenc\u0103rcare imediat\u0103.<\/p>\n            <\/div>        <\/div>    <\/div><\/section>\n<section class=\"av_toggle_section\"  itemscope=\"itemscope\" itemtype=\"https:\/\/schema.org\/CreativeWork\"  >    <div role=\"tablist\" class=\"single_toggle\" data-tags=\"{Toate} \"  >        <p data-fake-id=\"#toggle-id-2\" class=\"toggler \"  itemprop=\"headline\"    role=\"tab\" tabindex=\"0\" aria-controls=\"toggle-id-2\">Ce fel de simptome pot s\u0103 apar\u0103 dup\u0103 aplicarea implantelor?<span class=\"toggle_icon\" >        <span class=\"vert_icon\"><\/span><span class=\"hor_icon\"><\/span><\/span><\/p>        <div id=\"toggle-id-2\" class=\"toggle_wrap \"  >            <div class=\"toggle_content invers-color \"  itemprop=\"text\"   ><ul>\n<li>umflarea obrazului &#8211; tratarea cu comprese reci cu ghea\u0163\u0103 \u015fi imediat dup\u0103 implant pungi cu ghea\u0163\u0103<\/li>\n<li>s\u00e2ngerarea u\u015foar\u0103 &#8211; posibil s\u0103 persiste o s\u00e2ngerare u\u015foar\u0103 \u00een primele 2-3 zile. Nu cl\u0103ti\u0163i gura cu putere, iar dac\u0103 s\u00e2ngerarea persist\u0103 v\u0103 rug\u0103m s\u0103 ne contacta\u0163i imediat.<\/li>\n<li>durere u\u015foar\u0103 &#8211; calmantele clasice sunt eficiente \u015fi rezolv\u0103 majoritatea cazurilor de acest gen.<\/li>\n<li>usoar\u0103 temperatur\u0103, \u00een jur de 38 de grade. Medicamentele antialgice \u015fi antiinflamatoare ajut\u0103 \u00een cedarea simptomelor.<\/li>\n<\/ul>\n            <\/div>        <\/div>    <\/div><\/section>\n<section class=\"av_toggle_section\"  itemscope=\"itemscope\" itemtype=\"https:\/\/schema.org\/CreativeWork\"  >    <div role=\"tablist\" class=\"single_toggle\" data-tags=\"{Toate} \"  >        <p data-fake-id=\"#toggle-id-3\" class=\"toggler \"  itemprop=\"headline\"    role=\"tab\" tabindex=\"0\" aria-controls=\"toggle-id-3\">Ce fel de indica\u0163ii postoperatorii trebuie s\u0103 respect\u0103m?<span class=\"toggle_icon\" >        <span class=\"vert_icon\"><\/span><span class=\"hor_icon\"><\/span><\/span><\/p>        <div id=\"toggle-id-3\" class=\"toggle_wrap \"  >            <div class=\"toggle_content invers-color \"  itemprop=\"text\"   ><ul>\n<li>nu utiliza\u0163i periu\u021ba de din\u0163i \u00een prima zi, doar cl\u0103tire u\u015foar\u0103 cu ap\u0103 de gur\u0103.<\/li>\n<li>dac\u0103 sunte\u021bi fumatori NU fuma\u021bi, riscurile sunt prezente la fum\u0103tori. Reduce\u0163i fumatul cel putin p\u00e2n\u0103 la suprimarea firelor.<\/li>\n<li>evita\u0163i consumul de alimente tari, carbogazose, crocante. Evita\u0163i alcoolul \u015fi consuma\u0163i c\u00e2t mai multe lichide gen: ap\u0103 \u015fi sucuri naturale f\u0103r\u0103 adaos de zah\u0103r.<\/li>\n<li>evita\u0163i efortul fizic \u00een primele zile \u015fi s\u0103 v\u0103 odihni\u0163i pentru o refacere rapid\u0103 a organismului.<\/li>\n<\/ul>\n            <\/div>        <\/div>    <\/div><\/section>\n<\/div><\/p><\/div><div class=\"flex_column av_one_full  av-animated-generic top-to-bottom  flex_column_div av-zero-column-padding first  avia-builder-el-15  el_after_av_one_full  avia-builder-el-last  column-top-margin\" style='border-radius:0px; ' id=\"formintrebari\" ><section class=\"av_textblock_section \"  itemscope=\"itemscope\" itemtype=\"https:\/\/schema.org\/CreativeWork\" ><div class='avia_textblock  '   itemprop=\"text\" ><h2 style=\"text-align: left;\">Ave\u021bi o \u00eentrebare?<\/h2>\n<p>\u00cen cazul \u00een care informa\u021biile prezentate pe acest site nu v\u0103 sunt suficiente, v\u0103 rug\u0103m s\u0103 ne adresa\u021bi \u00eentreb\u0103rile dumneavoastre prin intermediul acestui formular:<\/p>\n<\/div><\/section><br \/>\n<form action=\"https:\/\/radiologiarodenta.ro\/com\/lucrari-pe-implante\/\" method=\"post\"  class=\"avia_ajax_form av-form-labels-hidden   avia-builder-el-17  el_after_av_textblock  avia-builder-el-last   \" data-avia-form-id=\"1\" data-avia-redirect='' ><fieldset><p class='  first_form  form_element form_element_third' id='element_avia_1_1'><label for=\"avia_1_1\">Nume <abbr class=\"required\" title=\"required\">*<\/abbr><\/label> <input name=\"avia_1_1\" class=\"text_input is_empty\" type=\"text\" id=\"avia_1_1\" value=\"\"  placeholder='Nume*'\/><\/p><p class='  form_element form_element_third' id='element_avia_2_1'><label for=\"avia_2_1\">Mail <abbr class=\"required\" title=\"required\">*<\/abbr><\/label> <input name=\"avia_2_1\" class=\"text_input is_empty\" type=\"text\" id=\"avia_2_1\" value=\"\"  placeholder='Mail*'\/><\/p><p class='  form_element form_element_third' id='element_avia_3_1'><label for=\"avia_3_1\">Telefon <abbr class=\"required\" title=\"required\">*<\/abbr><\/label> <input name=\"avia_3_1\" class=\"text_input is_empty\" type=\"text\" id=\"avia_3_1\" value=\"\"  placeholder='Telefon*'\/><\/p><p class='  first_form  form_element form_element_two_third av-last-visible-form-element' id='element_avia_4_1'><label for=\"avia_4_1\">\u00centrebare <abbr class=\"required\" title=\"required\">*<\/abbr><\/label> <input name=\"avia_4_1\" class=\"text_input is_empty\" type=\"text\" id=\"avia_4_1\" value=\"\"  placeholder='\u00centrebare*'\/><\/p><p class=\"hidden\"><input type=\"text\" name=\"avia_5_1\" class=\"hidden \" id=\"avia_5_1\" value=\"\" \/><\/p><p class=\"form_element form_element_third modified_width\"><input type=\"hidden\" value=\"1\" name=\"avia_generated_form1\" \/><input type=\"submit\" value=\"Trimite\" class=\"button\"  data-sending-label=\"Sending\"\/><\/p><\/fieldset><\/form><div id=\"ajaxresponse_1\" class=\"ajaxresponse ajaxresponse_1 hidden\"><\/div><\/p><\/div><\/p>\n<\/div><\/div><\/div><\/p>\n","protected":false},"excerpt":{"rendered":"","protected":false},"author":1,"featured_media":0,"parent":0,"menu_order":0,"comment_status":"closed","ping_status":"closed","template":"","meta":[],"_links":{"self":[{"href":"https:\/\/radiologiarodenta.ro\/com\/wp-json\/wp\/v2\/pages\/542"}],"collection":[{"href":"https:\/\/radiologiarodenta.ro\/com\/wp-json\/wp\/v2\/pages"}],"about":[{"href":"https:\/\/radiologiarodenta.ro\/com\/wp-json\/wp\/v2\/types\/page"}],"author":[{"embeddable":true,"href":"https:\/\/radiologiarodenta.ro\/com\/wp-json\/wp\/v2\/users\/1"}],"replies":[{"embeddable":true,"href":"https:\/\/radiologiarodenta.ro\/com\/wp-json\/wp\/v2\/comments?post=542"}],"version-history":[{"count":1,"href":"https:\/\/radiologiarodenta.ro\/com\/wp-json\/wp\/v2\/pages\/542\/revisions"}],"predecessor-version":[{"id":543,"href":"https:\/\/radiologiarodenta.ro\/com\/wp-json\/wp\/v2\/pages\/542\/revisions\/543"}],"wp:attachment":[{"href":"https:\/\/radiologiarodenta.ro\/com\/wp-json\/wp\/v2\/media?parent=542"}],"curies":[{"name":"wp","href":"https:\/\/api.w.org\/{rel}","templated":true}]}}