{"id":561,"date":"2020-12-03T12:29:10","date_gmt":"2020-12-03T12:29:10","guid":{"rendered":"https:\/\/radiologiarodenta.ro\/com\/?page_id=561"},"modified":"2020-12-03T12:30:32","modified_gmt":"2020-12-03T12:30:32","slug":"periaj-profesional","status":"publish","type":"page","link":"https:\/\/radiologiarodenta.ro\/com\/periaj-profesional\/","title":{"rendered":"Periaj profesional"},"content":{"rendered":"<div id='av-layout-grid-1'  class='av-layout-grid-container entry-content-wrapper alternate_color av-flex-cells     avia-builder-el-0  el_before_av_layout_row  avia-builder-el-first  av-cell-min-height av-cell-min-height-35 container_wrap fullsize' style=' '   data-av_minimum_height_pc='35'>\n<div class=\"flex_cell no_margin av_one_full  avia-builder-el-1  avia-builder-el-no-sibling   avia-full-stretch \"  style='background:url(https:\/\/radiologiarodenta.ro\/com\/wp-content\/uploads\/2020\/12\/bg.jpg) center center no-repeat scroll; vertical-align:middle; padding:3% 15% 3% 15% ; ' ><div class='flex_cell_inner' ><p><div  style='height:50px' class='hr hr-invisible  av-desktop-hide  avia-builder-el-2  el_before_av_one_full  avia-builder-el-first '><span class='hr-inner ' ><span class='hr-inner-style'><\/span><\/span><\/div><br \/>\n<div class=\"flex_column av_one_full  flex_column_div av-zero-column-padding first  avia-builder-el-3  el_after_av_hr  el_before_av_hr  \" style='border-radius:0px; '><section class=\"av_textblock_section \"  itemscope=\"itemscope\" itemtype=\"https:\/\/schema.org\/CreativeWork\" ><div class='avia_textblock  '   itemprop=\"text\" ><h1 style=\"text-align: left;\">Periaj profesional<\/h1>\n<\/div><\/section><\/div><div  style='height:50px' class='hr hr-invisible  av-desktop-hide  avia-builder-el-5  el_after_av_one_full  avia-builder-el-last '><span class='hr-inner ' ><span class='hr-inner-style'><\/span><\/span><\/div><\/p>\n<\/div><\/div>\n<\/div>\n<div id='av-layout-grid-2'  class='av-layout-grid-container entry-content-wrapper main_color av-flex-cells     avia-builder-el-6  el_after_av_layout_row  el_before_av_layout_row  submenu-not-first container_wrap fullsize' style=' '  >\n<div class=\"flex_cell no_margin av_one_full  avia-builder-el-7  avia-builder-el-no-sibling   avia-full-stretch \"  style='background:url(https:\/\/radiologiarodenta.ro\/com\/wp-content\/uploads\/2020\/12\/white-dentis-3.jpg) top right no-repeat fixed; vertical-align:middle; padding:3% 15% 3% 15% ; ' ><div class='flex_cell_inner' ><div class='flex_column_table av-equal-height-column-flextable -flextable' ><div class=\"flex_column av_one_full  av-animated-generic top-to-bottom  flex_column_table_cell av-equal-height-column av-align-middle av-zero-column-padding first  avia-builder-el-8  avia-builder-el-no-sibling  \" style='border-radius:0px; '><section class=\"av_textblock_section \"  itemscope=\"itemscope\" itemtype=\"https:\/\/schema.org\/CreativeWork\" ><div class='avia_textblock  '   itemprop=\"text\" ><h4>Este o m\u0103sur\u0103 de preven\u0163ie, realizat\u0103 \u00een cabinetul dentar, prin care se \u00eendep\u0103rteaz\u0103 placa bacterian\u0103 de pe suprafa\u0163a din\u0163ilor.Placa este o substan\u0163\u0103 aderent\u0103 format\u0103 din resturi alimentare,saliv\u0103 si bacterii,care faciliteaz\u0103 apari\u0163ia cariilor \u015fi a bolilor gingivale.<\/h4>\n<p>Periajul profesional este o procedur\u0103 lipsit\u0103 de durere, \u015fi are ca scop completarea metodelor de igien\u0103 oral\u0103. Este bine s\u0103 fie efectuat\u0103 la 3-6 luni.<\/p>\n<p><strong>Indica\u021bii:<\/strong><\/p>\n<ul>\n<li>\u00eenainte de tratamentele profilactice (fluorizare, sigilare \u015fan\u0163uri \u015fi fosete ocluzale)<\/li>\n<li>pentru netezirea suprafe\u0163elor \u00een cazul detartrajului cu ultrasunete<\/li>\n<li>\u00eenaintea tratamentelor de albire dentar\u0103<\/li>\n<\/ul>\n<p><strong>Cum se execut\u0103 periajul profesional?<\/strong><br \/>\n\u00cen special la copii este indicat\u0103 vizualizarea pl\u0103cii bacteriene cu coloran\u0163i speciali (tablete, solu\u0163ii), care eviden\u0163iaz\u0103 filmul bacterian, \u015fi indic\u0103 zonele unde trebuie insistat cu periajul. Ace\u015fti indicatori se pot folosi at\u00e2t la cabinet, c\u00e2t \u015fi la domiciliu.<\/p>\n<p>Periajul profesional se execut\u0103 \u00een cabinetul stomatologic cu o periu\u0163\u0103 montat\u0103 la piesa cot \u015fi o past\u0103 abraziv\u0103 cu fluor, prin mi\u015fc\u0103ri circulare, aplicate cu o for\u0163\u0103 moderat\u0103 pe toate suprafe\u0163ele din\u0163ilor. Astfel se asigur\u0103 o igienizare mult mai eficient\u0103 \u015fi o lustruire a suprafe\u0163ei din\u0163ilor.<\/p>\n<\/div><\/section><br \/>\n<div  style='height:20px' class='hr hr-invisible   avia-builder-el-10  el_after_av_textblock  el_before_av_image '><span class='hr-inner ' ><span class='hr-inner-style'><\/span><\/span><\/div><br \/>\n<div  class='avia-image-container  av-styling-    avia-builder-el-11  el_after_av_hr  avia-builder-el-last  avia-align-left '  itemprop=\"image\" itemscope=\"itemscope\" itemtype=\"https:\/\/schema.org\/ImageObject\"  ><div class='avia-image-container-inner'><div class='avia-image-overlay-wrap'><img class='wp-image-562 avia-img-lazy-loading-not-562 avia_image' src=\"https:\/\/radiologiarodenta.ro\/com\/wp-content\/uploads\/2020\/12\/1.jpg\" alt='' title='1' height=\"176\" width=\"760\"  itemprop=\"thumbnailUrl\" srcset=\"https:\/\/radiologiarodenta.ro\/com\/wp-content\/uploads\/2020\/12\/1.jpg 760w, https:\/\/radiologiarodenta.ro\/com\/wp-content\/uploads\/2020\/12\/1-300x69.jpg 300w, https:\/\/radiologiarodenta.ro\/com\/wp-content\/uploads\/2020\/12\/1-705x163.jpg 705w\" sizes=\"(max-width: 760px) 100vw, 760px\" \/><\/div><\/div><\/div><\/p><\/div><\/div><!--close column table wrapper. Autoclose: 1 -->\n<\/div><\/div><\/div><div id='av-layout-grid-3'  class='av-layout-grid-container entry-content-wrapper alternate_color av-flex-cells     avia-builder-el-12  el_after_av_layout_row  avia-builder-el-last  submenu-not-first container_wrap fullsize' style=' '  >\n<div class=\"flex_cell no_margin av_one_full  avia-builder-el-13  avia-builder-el-no-sibling   \"  style='vertical-align:top; padding:3% 15% 3% 15% ; ' ><div class='flex_cell_inner' ><p><div class=\"flex_column av_one_full  av-animated-generic top-to-bottom  flex_column_div av-zero-column-padding first  avia-builder-el-14  el_before_av_one_full  avia-builder-el-first  \" style='border-radius:0px; '><section class=\"av_textblock_section \"  itemscope=\"itemscope\" itemtype=\"https:\/\/schema.org\/CreativeWork\" ><div class='avia_textblock  '   itemprop=\"text\" ><h2 style=\"text-align: left;\">Intrebari frecvente:<\/h2>\n<\/div><\/section><br \/>\n<div  class=\"togglecontainer   toggle_close_all  avia-builder-el-16  el_after_av_textblock  avia-builder-el-last \" >\n<section class=\"av_toggle_section\"  itemscope=\"itemscope\" itemtype=\"https:\/\/schema.org\/CreativeWork\"  >    <div role=\"tablist\" class=\"single_toggle\" data-tags=\"{Toate} \"  >        <p data-fake-id=\"#toggle-id-1\" class=\"toggler \"  itemprop=\"headline\"    role=\"tab\" tabindex=\"0\" aria-controls=\"toggle-id-1\">Ce este \u015fi cum se formeaz\u0103 placa bacterian\u0103?<span class=\"toggle_icon\" >        <span class=\"vert_icon\"><\/span><span class=\"hor_icon\"><\/span><\/span><\/p>        <div id=\"toggle-id-1\" class=\"toggle_wrap \"  >            <div class=\"toggle_content invers-color \"  itemprop=\"text\"   ><p>Placa bacterian\u0103 este un depozit alb-g\u0103lbui, aderent la suprafa\u0163a din\u0163ilor, \u00een special \u00een zona de trecere spre gingie, \u00een \u015fan\u0163uri, fosete \u015fi interdentar. Poate fi prezent\u0103 \u015fi pe suprafa\u0163a plombelor sau a lucr\u0103rilor protetice. Este format\u0103 din resturi alimentare, celule epiteliale descuamate, bacterii \u0219i proteine, alc\u0103tuind un \u00eentreg unitar, numit biofilm.<\/p>\n<p>Placa bacterian\u0103 \u00eencepe s\u0103 se formeze dup\u0103 aproximativ o or\u0103 de la periaj, chiar \u0219i \u00een lipsa alimenta\u021biei. Este factorul favorizant \u00een apari\u0163ia cariilor dentare \u015fi \u00een special al gingivitei (inflamarea \u015fi s\u00e2ngerarea gingiilor), primul pas spre parodontopatia marginal\u0103.<\/p>\n            <\/div>        <\/div>    <\/div><\/section>\n<\/div><\/p><\/div><div class=\"flex_column av_one_full  av-animated-generic top-to-bottom  flex_column_div av-zero-column-padding first  avia-builder-el-17  el_after_av_one_full  avia-builder-el-last  column-top-margin\" style='border-radius:0px; ' id=\"formintrebari\" ><section class=\"av_textblock_section \"  itemscope=\"itemscope\" itemtype=\"https:\/\/schema.org\/CreativeWork\" ><div class='avia_textblock  '   itemprop=\"text\" ><h2 style=\"text-align: left;\">Ave\u021bi o \u00eentrebare?<\/h2>\n<p>\u00cen cazul \u00een care informa\u021biile prezentate pe acest site nu v\u0103 sunt suficiente, v\u0103 rug\u0103m s\u0103 ne adresa\u021bi \u00eentreb\u0103rile dumneavoastre prin intermediul acestui formular:<\/p>\n<\/div><\/section><br \/>\n<form action=\"https:\/\/radiologiarodenta.ro\/com\/periaj-profesional\/\" method=\"post\"  class=\"avia_ajax_form av-form-labels-hidden   avia-builder-el-19  el_after_av_textblock  avia-builder-el-last   \" data-avia-form-id=\"1\" data-avia-redirect='' ><fieldset><p class='  first_form  form_element form_element_third' id='element_avia_1_1'><label for=\"avia_1_1\">Nume <abbr class=\"required\" title=\"required\">*<\/abbr><\/label> <input name=\"avia_1_1\" class=\"text_input is_empty\" type=\"text\" id=\"avia_1_1\" value=\"\"  placeholder='Nume*'\/><\/p><p class='  form_element form_element_third' id='element_avia_2_1'><label for=\"avia_2_1\">Mail <abbr class=\"required\" title=\"required\">*<\/abbr><\/label> <input name=\"avia_2_1\" class=\"text_input is_empty\" type=\"text\" id=\"avia_2_1\" value=\"\"  placeholder='Mail*'\/><\/p><p class='  form_element form_element_third' id='element_avia_3_1'><label for=\"avia_3_1\">Telefon <abbr class=\"required\" title=\"required\">*<\/abbr><\/label> <input name=\"avia_3_1\" class=\"text_input is_empty\" type=\"text\" id=\"avia_3_1\" value=\"\"  placeholder='Telefon*'\/><\/p><p class='  first_form  form_element form_element_two_third av-last-visible-form-element' id='element_avia_4_1'><label for=\"avia_4_1\">\u00centrebare <abbr class=\"required\" title=\"required\">*<\/abbr><\/label> <input name=\"avia_4_1\" class=\"text_input is_empty\" type=\"text\" id=\"avia_4_1\" value=\"\"  placeholder='\u00centrebare*'\/><\/p><p class=\"hidden\"><input type=\"text\" name=\"avia_5_1\" class=\"hidden \" id=\"avia_5_1\" value=\"\" \/><\/p><p class=\"form_element form_element_third modified_width\"><input type=\"hidden\" value=\"1\" name=\"avia_generated_form1\" \/><input type=\"submit\" value=\"Trimite\" class=\"button\"  data-sending-label=\"Sending\"\/><\/p><\/fieldset><\/form><div id=\"ajaxresponse_1\" class=\"ajaxresponse ajaxresponse_1 hidden\"><\/div><\/p><\/div><\/p>\n<\/div><\/div>\n<\/div><\/p>\n","protected":false},"excerpt":{"rendered":"","protected":false},"author":1,"featured_media":0,"parent":0,"menu_order":0,"comment_status":"closed","ping_status":"closed","template":"","meta":[],"_links":{"self":[{"href":"https:\/\/radiologiarodenta.ro\/com\/wp-json\/wp\/v2\/pages\/561"}],"collection":[{"href":"https:\/\/radiologiarodenta.ro\/com\/wp-json\/wp\/v2\/pages"}],"about":[{"href":"https:\/\/radiologiarodenta.ro\/com\/wp-json\/wp\/v2\/types\/page"}],"author":[{"embeddable":true,"href":"https:\/\/radiologiarodenta.ro\/com\/wp-json\/wp\/v2\/users\/1"}],"replies":[{"embeddable":true,"href":"https:\/\/radiologiarodenta.ro\/com\/wp-json\/wp\/v2\/comments?post=561"}],"version-history":[{"count":4,"href":"https:\/\/radiologiarodenta.ro\/com\/wp-json\/wp\/v2\/pages\/561\/revisions"}],"predecessor-version":[{"id":566,"href":"https:\/\/radiologiarodenta.ro\/com\/wp-json\/wp\/v2\/pages\/561\/revisions\/566"}],"wp:attachment":[{"href":"https:\/\/radiologiarodenta.ro\/com\/wp-json\/wp\/v2\/media?parent=561"}],"curies":[{"name":"wp","href":"https:\/\/api.w.org\/{rel}","templated":true}]}}