{"id":567,"date":"2020-12-03T12:32:45","date_gmt":"2020-12-03T12:32:45","guid":{"rendered":"https:\/\/radiologiarodenta.ro\/com\/?page_id=567"},"modified":"2020-12-03T12:32:45","modified_gmt":"2020-12-03T12:32:45","slug":"detartraj-cu-ultrasunete","status":"publish","type":"page","link":"https:\/\/radiologiarodenta.ro\/com\/detartraj-cu-ultrasunete\/","title":{"rendered":"Detartraj cu ultrasunete"},"content":{"rendered":"<div id='av-layout-grid-1'  class='av-layout-grid-container entry-content-wrapper alternate_color av-flex-cells     avia-builder-el-0  el_before_av_layout_row  avia-builder-el-first  av-cell-min-height av-cell-min-height-35 container_wrap fullsize' style=' '   data-av_minimum_height_pc='35'>\n<div class=\"flex_cell no_margin av_one_full  avia-builder-el-1  avia-builder-el-no-sibling   avia-full-stretch \"  style='background:url(https:\/\/radiologiarodenta.ro\/com\/wp-content\/uploads\/2020\/12\/bg.jpg) center center no-repeat scroll; vertical-align:middle; padding:3% 15% 3% 15% ; ' ><div class='flex_cell_inner' ><p><div  style='height:50px' class='hr hr-invisible  av-desktop-hide  avia-builder-el-2  el_before_av_one_full  avia-builder-el-first '><span class='hr-inner ' ><span class='hr-inner-style'><\/span><\/span><\/div><br \/>\n<div class=\"flex_column av_one_full  flex_column_div av-zero-column-padding first  avia-builder-el-3  el_after_av_hr  el_before_av_hr  \" style='border-radius:0px; '><section class=\"av_textblock_section \"  itemscope=\"itemscope\" itemtype=\"https:\/\/schema.org\/CreativeWork\" ><div class='avia_textblock  '   itemprop=\"text\" ><h1 style=\"text-align: left;\">Detartraj cu ultrasunete<\/h1>\n<\/div><\/section><\/div><div  style='height:50px' class='hr hr-invisible  av-desktop-hide  avia-builder-el-5  el_after_av_one_full  avia-builder-el-last '><span class='hr-inner ' ><span class='hr-inner-style'><\/span><\/span><\/div><\/p>\n<\/div><\/div><\/div><div id='av-layout-grid-2'  class='av-layout-grid-container entry-content-wrapper main_color av-flex-cells     avia-builder-el-6  el_after_av_layout_row  el_before_av_layout_row  submenu-not-first container_wrap fullsize' style=' '  >\n<div class=\"flex_cell no_margin av_one_full  avia-builder-el-7  avia-builder-el-no-sibling   avia-full-stretch \"  style='background:url(https:\/\/radiologiarodenta.ro\/com\/wp-content\/uploads\/2020\/12\/white-dentis-3.jpg) top right no-repeat fixed; vertical-align:middle; padding:3% 15% 3% 15% ; ' ><div class='flex_cell_inner' ><div class='flex_column_table av-equal-height-column-flextable -flextable' ><div class=\"flex_column av_one_full  av-animated-generic top-to-bottom  flex_column_table_cell av-equal-height-column av-align-middle av-zero-column-padding first  avia-builder-el-8  avia-builder-el-no-sibling  \" style='border-radius:0px; '><section class=\"av_textblock_section \"  itemscope=\"itemscope\" itemtype=\"https:\/\/schema.org\/CreativeWork\" ><div class='avia_textblock  '   itemprop=\"text\" ><h4>Este o metod\u0103 relativ nou\u0103 de cur\u0103\u0163are a din\u0163ilor, rapid\u0103, eficient\u0103 \u015fi u\u015for de suportat. Se realizeaz\u0103 de c\u0103tre medicul dentist sau de c\u0103tre asistenta de profilaxie, cu scopul de a elimina tartrul dentar de pe suprafe\u0163ele supragingivale \u015fi subgingivale.<\/h4>\n<p>\u00cenainte detartrajul se f\u0103cea manual, era o interven\u0163ie mig\u0103loas\u0103, nepl\u0103cut\u0103, realizat\u0103 \u00een mai multe \u015fedin\u0163e, utiliz\u00e2nd diferite tipuri de instrumente ascu\u0163ite.<\/p>\n<p><strong>Indica\u0163ii:<\/strong><\/p>\n<ul>\n<li>\u00eenaintea oric\u0103rei manopere stomatologice<\/li>\n<li>odat\u0103 la 6 luni, iar pentru fum\u0103tori \u015fi pacien\u0163i cu parodontopatii la 3 luni<\/li>\n<li>\u00een cazul tartrului supragingival \u015fi par\u0163ial al celui subgingival. \u00cen acest caz este completat cu detartraj manual<\/li>\n<\/ul>\n<p><strong>Procedur\u0103:<\/strong><\/p>\n<ul>\n<li>se badijoneaz\u0103 gingia cu gel\/ spray anestezic (la nevoie se administreaz\u0103 injec\u0163ie)<\/li>\n<li>se \u00eendep\u0103rteaz\u0103 tartul cu diferite anse ultrasonice (care \u00ee\u015fi exercit\u0103 efectul prin vibra\u0163ii la o anumit\u0103 frecven\u0163\u0103) sub r\u0103cire cu ap\u0103 sau solu\u0163ii dezinfectante<\/li>\n<li>se completeaz\u0103 cu detartaj manual, cu instrumente ascu\u0163ite, fine<\/li>\n<li>se pot folosi interdentar benzi abrazive<\/li>\n<li>se finiseaz\u0103 cu periaj profesional (perie, past\u0103, gumi\u0163e)<\/li>\n<li>se cl\u0103te\u015fte cu ap\u0103 de gur\u0103<\/li>\n<\/ul>\n<p>\u00cen timpul detartrajului poate s\u0103 apar\u0103 o s\u00e2ngerare u\u015foar\u0103 spre moderat\u0103 \u00een func\u0163ie de gradul de inflama\u0163ie gingival\u0103. Dup\u0103 tratament apare o hipersensibilitate la rece, dulce \u015fi acru, care trece \u00een c\u00e2teva zile. Este indicat\u0103 folosirea pastelor de din\u0163i desensibilizante.<\/p>\n<\/div><\/section><\/div><\/div><!--close column table wrapper. Autoclose: 1 -->\n<\/div><\/div><\/div><div id='av-layout-grid-3'  class='av-layout-grid-container entry-content-wrapper alternate_color av-flex-cells     avia-builder-el-10  el_after_av_layout_row  avia-builder-el-last  submenu-not-first container_wrap fullsize' style=' '  >\n<div class=\"flex_cell no_margin av_one_full  avia-builder-el-11  avia-builder-el-no-sibling   \"  style='vertical-align:top; padding:3% 15% 3% 15% ; ' ><div class='flex_cell_inner' ><p><div class=\"flex_column av_one_full  av-animated-generic top-to-bottom  flex_column_div av-zero-column-padding first  avia-builder-el-12  el_before_av_one_full  avia-builder-el-first  \" style='border-radius:0px; '><section class=\"av_textblock_section \"  itemscope=\"itemscope\" itemtype=\"https:\/\/schema.org\/CreativeWork\" ><div class='avia_textblock  '   itemprop=\"text\" ><h2 style=\"text-align: left;\">Intrebari frecvente:<\/h2>\n<\/div><\/section><br \/>\n<div  class=\"togglecontainer   toggle_close_all  avia-builder-el-14  el_after_av_textblock  avia-builder-el-last \" >\n<section class=\"av_toggle_section\"  itemscope=\"itemscope\" itemtype=\"https:\/\/schema.org\/CreativeWork\"  >    <div role=\"tablist\" class=\"single_toggle\" data-tags=\"{Toate} \"  >        <p data-fake-id=\"#toggle-id-1\" class=\"toggler \"  itemprop=\"headline\"    role=\"tab\" tabindex=\"0\" aria-controls=\"toggle-id-1\">Cum se formeaz\u0103 tartul dentar?<span class=\"toggle_icon\" >        <span class=\"vert_icon\"><\/span><span class=\"hor_icon\"><\/span><\/span><\/p>        <div id=\"toggle-id-1\" class=\"toggle_wrap \"  >            <div class=\"toggle_content invers-color \"  itemprop=\"text\"   ><p>\u00cen lipsa unui periaj corect, pe suprafa\u0163a din\u0163ilor vor r\u0103m\u00e2ne resturi alimentare care \u00eempreun\u0103 cu bacteriile din cavitatea bucal\u0103 vor forma biofilmul dentar sau placa bacterian\u0103 care sub ac\u0163iunea s\u0103rurilor de calciu din saliv\u0103 se va mineraliza rezult\u00e2nd un depozit dur, numit tartru dentar. Acesta ader\u0103 de suprafe\u0163ele dentare c\u00e2t \u015fi de obtura\u0163ii, lucr\u0103ri protetice, proteze mobile, implante \u015fi aparate ortodontice.<\/p>\n<p>La \u00eenceput tartrul are o culoare alb-g\u0103lbuie, \u00eens\u0103 odat\u0103 cu trecerea timpului poate s\u0103 primeasc\u0103 o culoare \u00eenchis\u0103 datorit\u0103 coloran\u0163ilor alimentari \u015fi a nicotinei la fum\u0103tori. Nu se poate \u00eendep\u0103rta prin periaj obi\u015fnuit. Tartrul poate fi un factor ce favorizeaz\u0103 apari\u0163ia bolii parodontale.<\/p>\n            <\/div>        <\/div>    <\/div><\/section>\n<section class=\"av_toggle_section\"  itemscope=\"itemscope\" itemtype=\"https:\/\/schema.org\/CreativeWork\"  >    <div role=\"tablist\" class=\"single_toggle\" data-tags=\"{Toate} \"  >        <p data-fake-id=\"#toggle-id-2\" class=\"toggler \"  itemprop=\"headline\"    role=\"tab\" tabindex=\"0\" aria-controls=\"toggle-id-2\">Detartrajul cu ultrasunete are containdica\u0163ii?<span class=\"toggle_icon\" >        <span class=\"vert_icon\"><\/span><span class=\"hor_icon\"><\/span><\/span><\/p>        <div id=\"toggle-id-2\" class=\"toggle_wrap \"  >            <div class=\"toggle_content invers-color \"  itemprop=\"text\"   ><p>Este bine s\u0103 evit\u0103m la pacien\u0163i cu pace-maker \u015fi boli generale grave.<\/p>\n            <\/div>        <\/div>    <\/div><\/section>\n<\/div><\/p><\/div><div class=\"flex_column av_one_full  av-animated-generic top-to-bottom  flex_column_div av-zero-column-padding first  avia-builder-el-15  el_after_av_one_full  avia-builder-el-last  column-top-margin\" style='border-radius:0px; ' id=\"formintrebari\" ><section class=\"av_textblock_section \"  itemscope=\"itemscope\" itemtype=\"https:\/\/schema.org\/CreativeWork\" ><div class='avia_textblock  '   itemprop=\"text\" ><h2 style=\"text-align: left;\">Ave\u021bi o \u00eentrebare?<\/h2>\n<p>\u00cen cazul \u00een care informa\u021biile prezentate pe acest site nu v\u0103 sunt suficiente, v\u0103 rug\u0103m s\u0103 ne adresa\u021bi \u00eentreb\u0103rile dumneavoastre prin intermediul acestui formular:<\/p>\n<\/div><\/section><br \/>\n<form action=\"https:\/\/radiologiarodenta.ro\/com\/detartraj-cu-ultrasunete\/\" method=\"post\"  class=\"avia_ajax_form av-form-labels-hidden   avia-builder-el-17  el_after_av_textblock  avia-builder-el-last   \" data-avia-form-id=\"1\" data-avia-redirect='' ><fieldset><p class='  first_form  form_element form_element_third' id='element_avia_1_1'><label for=\"avia_1_1\">Nume <abbr class=\"required\" title=\"required\">*<\/abbr><\/label> <input name=\"avia_1_1\" class=\"text_input is_empty\" type=\"text\" id=\"avia_1_1\" value=\"\"  placeholder='Nume*'\/><\/p><p class='  form_element form_element_third' id='element_avia_2_1'><label for=\"avia_2_1\">Mail <abbr class=\"required\" title=\"required\">*<\/abbr><\/label> <input name=\"avia_2_1\" class=\"text_input is_empty\" type=\"text\" id=\"avia_2_1\" value=\"\"  placeholder='Mail*'\/><\/p><p class='  form_element form_element_third' id='element_avia_3_1'><label for=\"avia_3_1\">Telefon <abbr class=\"required\" title=\"required\">*<\/abbr><\/label> <input name=\"avia_3_1\" class=\"text_input is_empty\" type=\"text\" id=\"avia_3_1\" value=\"\"  placeholder='Telefon*'\/><\/p><p class='  first_form  form_element form_element_two_third av-last-visible-form-element' id='element_avia_4_1'><label for=\"avia_4_1\">\u00centrebare <abbr class=\"required\" title=\"required\">*<\/abbr><\/label> <input name=\"avia_4_1\" class=\"text_input is_empty\" type=\"text\" id=\"avia_4_1\" value=\"\"  placeholder='\u00centrebare*'\/><\/p><p class=\"hidden\"><input type=\"text\" name=\"avia_5_1\" class=\"hidden \" id=\"avia_5_1\" value=\"\" \/><\/p><p class=\"form_element form_element_third modified_width\"><input type=\"hidden\" value=\"1\" name=\"avia_generated_form1\" \/><input type=\"submit\" value=\"Trimite\" class=\"button\"  data-sending-label=\"Sending\"\/><\/p><\/fieldset><\/form><div id=\"ajaxresponse_1\" class=\"ajaxresponse ajaxresponse_1 hidden\"><\/div><\/p><\/div><\/p>\n<\/div><\/div><\/div><\/p>\n","protected":false},"excerpt":{"rendered":"","protected":false},"author":1,"featured_media":0,"parent":0,"menu_order":0,"comment_status":"closed","ping_status":"closed","template":"","meta":[],"_links":{"self":[{"href":"https:\/\/radiologiarodenta.ro\/com\/wp-json\/wp\/v2\/pages\/567"}],"collection":[{"href":"https:\/\/radiologiarodenta.ro\/com\/wp-json\/wp\/v2\/pages"}],"about":[{"href":"https:\/\/radiologiarodenta.ro\/com\/wp-json\/wp\/v2\/types\/page"}],"author":[{"embeddable":true,"href":"https:\/\/radiologiarodenta.ro\/com\/wp-json\/wp\/v2\/users\/1"}],"replies":[{"embeddable":true,"href":"https:\/\/radiologiarodenta.ro\/com\/wp-json\/wp\/v2\/comments?post=567"}],"version-history":[{"count":1,"href":"https:\/\/radiologiarodenta.ro\/com\/wp-json\/wp\/v2\/pages\/567\/revisions"}],"predecessor-version":[{"id":568,"href":"https:\/\/radiologiarodenta.ro\/com\/wp-json\/wp\/v2\/pages\/567\/revisions\/568"}],"wp:attachment":[{"href":"https:\/\/radiologiarodenta.ro\/com\/wp-json\/wp\/v2\/media?parent=567"}],"curies":[{"name":"wp","href":"https:\/\/api.w.org\/{rel}","templated":true}]}}