{"id":575,"date":"2020-12-03T12:41:43","date_gmt":"2020-12-03T12:41:43","guid":{"rendered":"https:\/\/radiologiarodenta.ro\/com\/?page_id=575"},"modified":"2020-12-03T12:41:43","modified_gmt":"2020-12-03T12:41:43","slug":"fluorizare","status":"publish","type":"page","link":"https:\/\/radiologiarodenta.ro\/com\/fluorizare\/","title":{"rendered":"Fluorizare"},"content":{"rendered":"<div id='av-layout-grid-1'  class='av-layout-grid-container entry-content-wrapper alternate_color av-flex-cells     avia-builder-el-0  el_before_av_layout_row  avia-builder-el-first  av-cell-min-height av-cell-min-height-35 container_wrap fullsize' style=' '   data-av_minimum_height_pc='35'>\n<div class=\"flex_cell no_margin av_one_full  avia-builder-el-1  avia-builder-el-no-sibling   avia-full-stretch \"  style='background:url(https:\/\/radiologiarodenta.ro\/com\/wp-content\/uploads\/2020\/12\/bg.jpg) center center no-repeat scroll; vertical-align:middle; padding:3% 15% 3% 15% ; ' ><div class='flex_cell_inner' ><p><div  style='height:50px' class='hr hr-invisible  av-desktop-hide  avia-builder-el-2  el_before_av_one_full  avia-builder-el-first '><span class='hr-inner ' ><span class='hr-inner-style'><\/span><\/span><\/div><br \/>\n<div class=\"flex_column av_one_full  flex_column_div av-zero-column-padding first  avia-builder-el-3  el_after_av_hr  el_before_av_hr  \" style='border-radius:0px; '><section class=\"av_textblock_section \"  itemscope=\"itemscope\" itemtype=\"https:\/\/schema.org\/CreativeWork\" ><div class='avia_textblock  '   itemprop=\"text\" ><h1 style=\"text-align: left;\">Fluorizare<\/h1>\n<\/div><\/section><\/div><div  style='height:50px' class='hr hr-invisible  av-desktop-hide  avia-builder-el-5  el_after_av_one_full  avia-builder-el-last '><span class='hr-inner ' ><span class='hr-inner-style'><\/span><\/span><\/div><\/p>\n<\/div><\/div><\/div><div id='av-layout-grid-2'  class='av-layout-grid-container entry-content-wrapper main_color av-flex-cells     avia-builder-el-6  el_after_av_layout_row  el_before_av_layout_row  submenu-not-first container_wrap fullsize' style=' '  >\n<div class=\"flex_cell no_margin av_one_full  avia-builder-el-7  avia-builder-el-no-sibling   avia-full-stretch \"  style='background:url(https:\/\/radiologiarodenta.ro\/com\/wp-content\/uploads\/2020\/12\/white-dentis-3.jpg) top right no-repeat fixed; vertical-align:middle; padding:3% 15% 3% 15% ; ' ><div class='flex_cell_inner' ><div class='flex_column_table av-equal-height-column-flextable -flextable' ><div class=\"flex_column av_one_full  av-animated-generic top-to-bottom  flex_column_table_cell av-equal-height-column av-align-middle av-zero-column-padding first  avia-builder-el-8  avia-builder-el-no-sibling  \" style='border-radius:0px; '><section class=\"av_textblock_section \"  itemscope=\"itemscope\" itemtype=\"https:\/\/schema.org\/CreativeWork\" ><div class='avia_textblock  '   itemprop=\"text\" ><h4>Fluorizarea este tratamentul profilactic indicat \u00een special la copii \u015fi adolescen\u0163i, prin care se suplimenteaza cantitatea de fluor a dintilor, cresc\u00e2nd rezisten\u0163a smal\u0163ului dentar la carii.<\/h4>\n<p>Ac\u0163ioneaz\u0103 prin \u00eenlocuirea par\u0163ial\u0103 a hidroxiapatitei din structura smal\u0163ului \u00een fluorapatit\u0103 \u015fi fluorhidroxiapatit\u0103 care sunt mai rezistente la atacul acid. Previne procesele de demineralizare acid\u0103 \u015fi stimuleaz\u0103 remineralizarea smal\u0163ului.<\/p>\n<p><strong>Indica\u0163ii:<\/strong><\/p>\n<ul>\n<li>La copii \u015fi adul\u0163i cu predispozi\u0163ie crescut\u0103 la carii<\/li>\n<li>Carii incipiente, pete albe cretoase<\/li>\n<li>Purt\u0103tori de aparate ortodontice fixe<\/li>\n<li>Din\u0163i sensibili, din\u0163i cu eroziuni dentare<\/li>\n<li>\u00cenainte \u015fi dup\u0103 albire profesional\u0103<\/li>\n<li>Pacien\u0163i cu dizabilit\u0103\u0163i<\/li>\n<\/ul>\n<p><strong>Metode de fluorizare:<\/strong><br \/>\nFluorul poate fi administrat pe cale general\u0103 (pastile, pic\u0103turi) sau local pe suprafa\u0163a din\u0163ilor (geluri, lacuri etc.).<\/p>\n<p><strong>Pe cale general\u0103<\/strong> se pot administra pastile (sau pic\u0103turi) cu fluor, \u00eencep\u00e2nd din primul an de via\u0163\u0103, dup\u0103 schema prescris\u0103 de medicul dentist:<\/p>\n<ul>\n<li>6 luni -2 ani: 0,25 mg<\/li>\n<li>2-4 ani: 0,5 mg<\/li>\n<li>peste 4 ani: 1 mg pe zi<\/li>\n<\/ul>\n<p>O dat\u0103 \u00eenceput\u0103, terapia cu fluor se va urma cu orar zilnic, f\u0103r\u0103 \u00eentrerupere, p\u00e2n\u0103 la 14-15 ani. Pastilele se sug seara, \u00eenainte de culcare, pentru a combina efectul general cu cel local asupra din\u0163ilor. Administrarea se va face sub control stomatologic periodic pentru a evita apari\u0163ia fluorozei (pete albe pe din\u0163i).<\/p>\n<p><strong>Pe cale local\u0103:<\/strong><\/p>\n<ul>\n<li><strong> Profesional\u0103 (\u00een cabinetul stomatologic):<\/strong><br \/>\n&#8211; lacuri cu fluor (se pensuleaz\u0103 pe din\u0163ii cur\u0103\u0163a\u0163i \u015fi izola\u0163i), de 2x pe an<br \/>\n&#8211; solu\u0163ii\/ geluri fluorurate (\u00een gutiere individuale sau prefabricate), etc.<\/li>\n<\/ul>\n<p>Dup\u0103 tratament se recomand\u0103 s\u0103 nu se consume alimente sau lichide timp de trei ore pentru a permite din\u0163ilor s\u0103 absoarb\u0103 fluorul. Folosirea acestor produse \u00een cabinet reprezint\u0103 cea mai rapid\u0103 \u015fi eficace metod\u0103 de fluorizare profesional\u0103.<\/p>\n<ul>\n<li>Metode de fluorizare personal\u0103 (la domiciliu):<br \/>\n&#8211; Paste de din\u0163i cu fluor<br \/>\n&#8211; Ape de gur\u0103 cu fluor<br \/>\n&#8211; Gume de mestecat cu con\u0163inut de fluor (cu concentra\u0163ii diferite, aplicate zilnic sau s\u0103pt\u0103m\u00e2nal)<br \/>\n&#8211; A\u0163\u0103 dentar\u0103 cu fluor<\/li>\n<\/ul>\n<p><strong>Pot exista efecte adverse?<\/strong><br \/>\nExcesul de fluor poate s\u0103 duc\u0103 la apari\u0163ia unor pete albe sau maronii pe smal\u0163ul din\u0163ilor. Acest fenomen este denumit fluoroz\u0103. Pentru prevenirea acestor inconveniente este indicat controlul periodic la medical dentist.<\/p>\n<\/div><\/section><\/div><\/div><!--close column table wrapper. Autoclose: 1 -->\n<\/div><\/div><\/div><div id='av-layout-grid-3'  class='av-layout-grid-container entry-content-wrapper alternate_color av-flex-cells     avia-builder-el-10  el_after_av_layout_row  avia-builder-el-last  submenu-not-first container_wrap fullsize' style=' '  >\n<div class=\"flex_cell no_margin av_one_full  avia-builder-el-11  avia-builder-el-no-sibling   \"  style='vertical-align:top; padding:3% 15% 3% 15% ; ' ><div class='flex_cell_inner' ><div class=\"flex_column av_one_full  av-animated-generic top-to-bottom  flex_column_div av-zero-column-padding first  avia-builder-el-12  avia-builder-el-no-sibling  \" style='border-radius:0px; ' id=\"formintrebari\" ><section class=\"av_textblock_section \"  itemscope=\"itemscope\" itemtype=\"https:\/\/schema.org\/CreativeWork\" ><div class='avia_textblock  '   itemprop=\"text\" ><h2 style=\"text-align: left;\">Ave\u021bi o \u00eentrebare?<\/h2>\n<p>\u00cen cazul \u00een care informa\u021biile prezentate pe acest site nu v\u0103 sunt suficiente, v\u0103 rug\u0103m s\u0103 ne adresa\u021bi \u00eentreb\u0103rile dumneavoastre prin intermediul acestui formular:<\/p>\n<\/div><\/section><br \/>\n<form action=\"https:\/\/radiologiarodenta.ro\/com\/fluorizare\/\" method=\"post\"  class=\"avia_ajax_form av-form-labels-hidden   avia-builder-el-14  el_after_av_textblock  avia-builder-el-last   \" data-avia-form-id=\"1\" data-avia-redirect='' ><fieldset><p class='  first_form  form_element form_element_third' id='element_avia_1_1'><label for=\"avia_1_1\">Nume <abbr class=\"required\" title=\"required\">*<\/abbr><\/label> <input name=\"avia_1_1\" class=\"text_input is_empty\" type=\"text\" id=\"avia_1_1\" value=\"\"  placeholder='Nume*'\/><\/p><p class='  form_element form_element_third' id='element_avia_2_1'><label for=\"avia_2_1\">Mail <abbr class=\"required\" title=\"required\">*<\/abbr><\/label> <input name=\"avia_2_1\" class=\"text_input is_empty\" type=\"text\" id=\"avia_2_1\" value=\"\"  placeholder='Mail*'\/><\/p><p class='  form_element form_element_third' id='element_avia_3_1'><label for=\"avia_3_1\">Telefon <abbr class=\"required\" title=\"required\">*<\/abbr><\/label> <input name=\"avia_3_1\" class=\"text_input is_empty\" type=\"text\" id=\"avia_3_1\" value=\"\"  placeholder='Telefon*'\/><\/p><p class='  first_form  form_element form_element_two_third av-last-visible-form-element' id='element_avia_4_1'><label for=\"avia_4_1\">\u00centrebare <abbr class=\"required\" title=\"required\">*<\/abbr><\/label> <input name=\"avia_4_1\" class=\"text_input is_empty\" type=\"text\" id=\"avia_4_1\" value=\"\"  placeholder='\u00centrebare*'\/><\/p><p class=\"hidden\"><input type=\"text\" name=\"avia_5_1\" class=\"hidden \" id=\"avia_5_1\" value=\"\" \/><\/p><p class=\"form_element form_element_third modified_width\"><input type=\"hidden\" value=\"1\" name=\"avia_generated_form1\" \/><input type=\"submit\" value=\"Trimite\" class=\"button\"  data-sending-label=\"Sending\"\/><\/p><\/fieldset><\/form><div id=\"ajaxresponse_1\" class=\"ajaxresponse ajaxresponse_1 hidden\"><\/div><\/p><\/div>\n<\/div><\/div><\/div><\/p>\n","protected":false},"excerpt":{"rendered":"","protected":false},"author":1,"featured_media":0,"parent":0,"menu_order":0,"comment_status":"closed","ping_status":"closed","template":"","meta":[],"_links":{"self":[{"href":"https:\/\/radiologiarodenta.ro\/com\/wp-json\/wp\/v2\/pages\/575"}],"collection":[{"href":"https:\/\/radiologiarodenta.ro\/com\/wp-json\/wp\/v2\/pages"}],"about":[{"href":"https:\/\/radiologiarodenta.ro\/com\/wp-json\/wp\/v2\/types\/page"}],"author":[{"embeddable":true,"href":"https:\/\/radiologiarodenta.ro\/com\/wp-json\/wp\/v2\/users\/1"}],"replies":[{"embeddable":true,"href":"https:\/\/radiologiarodenta.ro\/com\/wp-json\/wp\/v2\/comments?post=575"}],"version-history":[{"count":1,"href":"https:\/\/radiologiarodenta.ro\/com\/wp-json\/wp\/v2\/pages\/575\/revisions"}],"predecessor-version":[{"id":576,"href":"https:\/\/radiologiarodenta.ro\/com\/wp-json\/wp\/v2\/pages\/575\/revisions\/576"}],"wp:attachment":[{"href":"https:\/\/radiologiarodenta.ro\/com\/wp-json\/wp\/v2\/media?parent=575"}],"curies":[{"name":"wp","href":"https:\/\/api.w.org\/{rel}","templated":true}]}}