{"id":584,"date":"2020-12-03T14:18:38","date_gmt":"2020-12-03T14:18:38","guid":{"rendered":"https:\/\/radiologiarodenta.ro\/com\/?page_id=584"},"modified":"2020-12-09T13:21:13","modified_gmt":"2020-12-09T13:21:13","slug":"endodontie","status":"publish","type":"page","link":"https:\/\/radiologiarodenta.ro\/com\/endodontie\/","title":{"rendered":"Endodon\u021bie"},"content":{"rendered":"<div id='av-layout-grid-1'  class='av-layout-grid-container entry-content-wrapper alternate_color av-flex-cells     avia-builder-el-0  el_before_av_layout_row  avia-builder-el-first  av-cell-min-height av-cell-min-height-35 container_wrap fullsize' style=' '   data-av_minimum_height_pc='35'>\n<div class=\"flex_cell no_margin av_one_full  avia-builder-el-1  avia-builder-el-no-sibling   avia-full-stretch \"  style='background:url(https:\/\/radiologiarodenta.ro\/com\/wp-content\/uploads\/2020\/12\/bg.jpg) center center no-repeat scroll; vertical-align:middle; padding:3% 15% 3% 15% ; ' ><div class='flex_cell_inner' ><p><div  style='height:50px' class='hr hr-invisible  av-desktop-hide  avia-builder-el-2  el_before_av_one_full  avia-builder-el-first '><span class='hr-inner ' ><span class='hr-inner-style'><\/span><\/span><\/div><br \/>\n<div class=\"flex_column av_one_full  flex_column_div av-zero-column-padding first  avia-builder-el-3  el_after_av_hr  el_before_av_hr  \" style='border-radius:0px; '><section class=\"av_textblock_section \"  itemscope=\"itemscope\" itemtype=\"https:\/\/schema.org\/CreativeWork\" ><div class='avia_textblock  '   itemprop=\"text\" ><h1 style=\"text-align: left;\">Endodon\u021bie<\/h1>\n<\/div><\/section><\/div><div  style='height:50px' class='hr hr-invisible  av-desktop-hide  avia-builder-el-5  el_after_av_one_full  avia-builder-el-last '><span class='hr-inner ' ><span class='hr-inner-style'><\/span><\/span><\/div><\/p>\n<\/div><\/div><\/div><div id='av-layout-grid-2'  class='av-layout-grid-container entry-content-wrapper main_color av-flex-cells     avia-builder-el-6  el_after_av_layout_row  el_before_av_layout_row  submenu-not-first container_wrap fullsize' style=' '  >\n<div class=\"flex_cell no_margin av_one_full  avia-builder-el-7  avia-builder-el-no-sibling   avia-full-stretch \"  style='background:url(https:\/\/radiologiarodenta.ro\/com\/wp-content\/uploads\/2020\/12\/white-dentis-3.jpg) top right no-repeat fixed; vertical-align:middle; padding:3% 15% 3% 15% ; ' ><div class='flex_cell_inner' ><div class='flex_column_table av-equal-height-column-flextable -flextable' ><div class=\"flex_column av_one_full  av-animated-generic top-to-bottom  flex_column_table_cell av-equal-height-column av-align-middle av-zero-column-padding first  avia-builder-el-8  avia-builder-el-no-sibling  \" style='border-radius:0px; '><section class=\"av_textblock_section \"  itemscope=\"itemscope\" itemtype=\"https:\/\/schema.org\/CreativeWork\" ><div class='avia_textblock  '   itemprop=\"text\" ><p><strong> Ce este un tratament de canal?<\/strong><br \/>\nTratamentul de canal este una dintre procedurile stomatologice cele mai frecvent efectuate . Aceast\u0103 modalitate de tratament poate salva dintele natural \u0219i exclude necesitatea \u00eenlocuirii sale cu implant sau punte dentar\u0103.<\/p>\n<p><strong>Cum se face un tratament de canal?<\/strong><br \/>\n\u00cen interiorul fiec\u0103rui dinte exist\u0103 un spa\u0163iu mic numit &#8222;pulpa dentar\u0103&#8221;, de obicei \u0219tiut ca &#8222;nervul dintelui&#8221;. Pulpa este o colec\u0163ie de vase de s\u00e2nge \u0219i fibre nervoase fine, care contribuie la formarea dintelui. Cariile dentare profunde , traumatismele, fisurile sau procedurile dentare repetate pot deteriora pulpa. Simptome de inflama\u0163ie pulpar\u0103 sunt dureri ap\u0103rute la rece sau cald, alteori pot fi spontane. \u00cen cazul \u00een care pulpa este infectat\u0103 poate s\u0103 apar\u0103 edem sau formarea unei colec\u0163ii de puroi \u00een dreptul dintelui.<\/p>\n<p>Atunci c\u00e2nd dintele este diagnosticat cu o afec\u0163iune pulpar\u0103 , tratamentul de canal este unicul mijloc de a salva dintele natural. Procedura nu presupune nici un fel de durere, \u00een prima etap\u0103 dintele este anesteziat \u0219i nu o s\u0103 simti\u0163i nici un fel de discomfort pe durata tratamentului. Urm\u0103torul pas e izolarea dintelui cu dig\u0103, reprezentat\u0103 de o folie de cauciuc care impiedic\u0103 contaminarea dintelui cu saliv\u0103. O deschidere mic\u0103 se face \u00een partea coroan\u0103 a dintelui care permite accesul direct \u00een spa\u0163iul pulpar . Canalele radiculare sunt apoi cur\u0103\u0163ate \u0219i l\u0103rgite cu ajutorul instrumentelor de canal. Spa\u0163iul pulpar este apoi sp\u0103lat frecvent cu mai multe dezinfectante \u0219i medicamente pentru a elimina bacteriile .\u00cen ultima etap\u0103 canalele sunt sigilate cu o obtura\u0163ie radicular\u0103 permanent\u0103.<\/p>\n<p>\u00cen cele mai multe situa\u0163ii \u00eentregul tratament de canal poate fi realizat \u00eentr- o singur\u0103 vizit\u0103. Anumi\u0163i din\u0163i pot s\u0103 necesite dou\u0103 sedin\u0163e de tratament. C\u00e2nd se va face consulta\u0163ia ve\u0163i fi informat cu num\u0103rul de sedin\u0163e necesare finaliz\u0103rii tratamentului de canal. Rata de succes a tratamentelor de canal este foarte ridicat\u0103, de p\u00e2na la 95%.<\/p>\n<p><strong>Ce se \u00eent\u00e2mpl\u0103 dup\u0103 tratament?<\/strong><br \/>\nDintele este revizuit la dou\u0103sprezece luni dup\u0103 terminarea tratamentului pentru a monitoriza progresele \u00eenregistrate de vindecare . Anumiti din\u0163i la care s-a efectuat tratamentul de canal pot necesita a fi acoperi\u0163i cu o coroan\u0103 pentru a preveni fracturarea lor.<\/p>\n<p><strong>Ce este medicul endodont \u0219i ce face el?<\/strong><br \/>\nEndodontul este un medic stomatolog care se specializeaz\u0103 \u00een men\u0163inerea din\u0163ilor pe arcad\u0103 prin tratament endodontic, procedur\u0103 care implic\u0103 \u0163esutul moale din interiorul dintilor, numit pulpa dentar\u0103. Endodon\u0163ia este un cuv\u00e2nt de provenien\u0163\u0103 greac\u0103:&#8221;endo&#8221; \u00eenseamn\u0103 interior \u0219i &#8222;odont&#8221; \u00een traducere dinte. To\u0163i stomatologii sunt instrui\u0163i \u00een diagnosticul \u0219i tratamentul endodontic, cu toate acestea, unii din\u0163i pot fi deosebit de dificil de diagnosticat \u0219i tratat. De aceea, uneori aceste tratamente sunt necesare a fi realizate de c\u0103tre un medic specialist endodont.<\/p>\n<p>\u00cen plus fa\u0163\u0103 de facultate, un medic endodont se specializeaz\u0103 pe o durata de 3 ani de zile \u00een acest tip de tratamente. El studiaz\u0103 tehnicile \u0219i procedurile \u00een profunzime, pentru diagnosticul \u0219i tratamentul cazurilor mai dificile. Din acest motiv, mul\u0163i medici stomatologi aleg s\u0103 trimit\u0103 pacien\u0163ii lor care prezint\u0103 cazuri dificile pentru a fi trata\u0163i de un medic specialist endodont.<\/p>\n<\/div><\/section><\/div><\/div><!--close column table wrapper. Autoclose: 1 -->\n<\/div><\/div>\n<\/div><\/p>\n<div id='av-layout-grid-3'  class='av-layout-grid-container entry-content-wrapper alternate_color av-flex-cells     avia-builder-el-10  el_after_av_layout_row  avia-builder-el-last  submenu-not-first container_wrap fullsize' style=' '  >\n<div class=\"flex_cell no_margin av_one_full  avia-builder-el-11  avia-builder-el-no-sibling   \"  style='vertical-align:top; padding:3% 15% 3% 15% ; ' ><div class='flex_cell_inner' ><p><div class=\"flex_column av_one_full  av-animated-generic top-to-bottom  flex_column_div av-zero-column-padding first  avia-builder-el-12  el_before_av_one_full  avia-builder-el-first  \" style='border-radius:0px; '><section class=\"av_textblock_section \"  itemscope=\"itemscope\" itemtype=\"https:\/\/schema.org\/CreativeWork\" ><div class='avia_textblock  '   itemprop=\"text\" ><h2 style=\"text-align: left;\">\u00centreb\u0103ri frecvente:<\/h2>\n<\/div><\/section><br \/>\n<div  class=\"togglecontainer   toggle_close_all  avia-builder-el-14  el_after_av_textblock  avia-builder-el-last \" >\n<section class=\"av_toggle_section\"  itemscope=\"itemscope\" itemtype=\"https:\/\/schema.org\/CreativeWork\"  >    <div role=\"tablist\" class=\"single_toggle\" data-tags=\"{Toate} \"  >        <p data-fake-id=\"#toggle-id-1\" class=\"toggler \"  itemprop=\"headline\"    role=\"tab\" tabindex=\"0\" aria-controls=\"toggle-id-1\">Care sunt semnele care \u00eemi spun c\u0103 am nevoie de tratament endodontic?<span class=\"toggle_icon\" >        <span class=\"vert_icon\"><\/span><span class=\"hor_icon\"><\/span><\/span><\/p>        <div id=\"toggle-id-1\" class=\"toggle_wrap \"  >            <div class=\"toggle_content invers-color \"  itemprop=\"text\"   ><p>Durerea este semnul principal prin care corpul nostru ne avertizeaza c\u0103 ceva nu este \u00een regul\u0103. \u00cen plus fa\u0163\u0103 de durere, sensibilitatea la cald sau rece este frecvent\u0103. Alte semne \u00eenclud durerea la atingere sau la mestecat pe dinte, decolorarea din\u0163ilor, umflarea sau apari\u0163ia unei pungi de puroi la nivelul dintelui.<\/p>\n<p>\u00cen unele cazuri nu exist\u0103 semne fizice evidente sau simptome, problema este descoperit\u0103 accidental la un examen radiologic de rutin\u0103.<\/p>\n            <\/div>        <\/div>    <\/div><\/section>\n<section class=\"av_toggle_section\"  itemscope=\"itemscope\" itemtype=\"https:\/\/schema.org\/CreativeWork\"  >    <div role=\"tablist\" class=\"single_toggle\" data-tags=\"{Toate} \"  >        <p data-fake-id=\"#toggle-id-2\" class=\"toggler \"  itemprop=\"headline\"    role=\"tab\" tabindex=\"0\" aria-controls=\"toggle-id-2\">Care sunt avantajele salv\u0103rii dintelui meu?<span class=\"toggle_icon\" >        <span class=\"vert_icon\"><\/span><span class=\"hor_icon\"><\/span><\/span><\/p>        <div id=\"toggle-id-2\" class=\"toggle_wrap \"  >            <div class=\"toggle_content invers-color \"  itemprop=\"text\"   ><p>Exist\u0103 mai multe avantaje \u00een a salva din\u0163ii:<\/p>\n<ul>\n<li>Bun\u0103 func\u0163ionare masticatorie, aspectul natural \u0219i abilitatea de a vorbi normal<\/li>\n<li>Dintii naturali mentin \u00een\u0103l\u0163imea, grosimea \u0219i forma osului maxilar<\/li>\n<li>Pierderea unui singur dinte poate duce la migrarea din\u0163ilor vecini \u00een spa\u0163iul creat de dintele extras. Pot s\u0103 apar\u0103 probleme cu mu\u0219c\u0103tura sau apari\u0163ia unor spa\u0163ii deschise \u00eentre din\u0163i vecini, care pot contribui la afectarea gingiilor<\/li>\n<\/ul>\n            <\/div>        <\/div>    <\/div><\/section>\n<section class=\"av_toggle_section\"  itemscope=\"itemscope\" itemtype=\"https:\/\/schema.org\/CreativeWork\"  >    <div role=\"tablist\" class=\"single_toggle\" data-tags=\"{Toate} \"  >        <p data-fake-id=\"#toggle-id-3\" class=\"toggler \"  itemprop=\"headline\"    role=\"tab\" tabindex=\"0\" aria-controls=\"toggle-id-3\">De ce e nevoie s\u0103 fiu tratat de endodont?<span class=\"toggle_icon\" >        <span class=\"vert_icon\"><\/span><span class=\"hor_icon\"><\/span><\/span><\/p>        <div id=\"toggle-id-3\" class=\"toggle_wrap \"  >            <div class=\"toggle_content invers-color \"  itemprop=\"text\"   ><p>To\u0163i stomatologii sunt instrui\u0163i pentru a efectua tratamente endodontice. Cu toate acestea, unii din\u0163i sunt foarte dificil de tratat corect. \u00cen astfel de cazuri, \u00een care medicul dentist consider\u0103 c\u0103 nivelul de dificultate necesit\u0103 pregatirea \u0219i experien\u0163a unui specialist ve\u0163i avea posibilitatea de a apela la serviciile unui medic specialist endodont.<\/p>\n<p><strong>Situa\u0163ii frecvente \u00een care se apeleaz\u0103 la endodont :<\/strong><\/p>\n<ul>\n<li>\u00cen diagnosticul unor cazuri dificile<\/li>\n<li>Dinte calcificat sau canale foarte str\u00e2mte<\/li>\n<li>R\u0103d\u0103cini lungi \u0219i foarte curbate<\/li>\n<li>Din\u0163i cu o anatomie neobi\u0219nuit\u0103<\/li>\n<li>Dinti care continu\u0103 s\u0103 provoace durere \u00een timpul \u0219i dup\u0103 tratamentul endodontic<\/li>\n<li>E\u0219ecul unor tratamente endodontice anteriore( Retratament endodontic )<\/li>\n<\/ul>\n            <\/div>        <\/div>    <\/div><\/section>\n<section class=\"av_toggle_section\"  itemscope=\"itemscope\" itemtype=\"https:\/\/schema.org\/CreativeWork\"  >    <div role=\"tablist\" class=\"single_toggle\" data-tags=\"{Toate} \"  >        <p data-fake-id=\"#toggle-id-4\" class=\"toggler \"  itemprop=\"headline\"    role=\"tab\" tabindex=\"0\" aria-controls=\"toggle-id-4\">C\u00e2te sedin\u0163e sunt necesare?<span class=\"toggle_icon\" >        <span class=\"vert_icon\"><\/span><span class=\"hor_icon\"><\/span><\/span><\/p>        <div id=\"toggle-id-4\" class=\"toggle_wrap \"  >            <div class=\"toggle_content invers-color \"  itemprop=\"text\"   ><p>Tratamentul endodontic de obicei este realizat \u00eentr-o singur\u0103 \u0219edint\u0103. \u00cen unele cazuri dificile de retratament pot fi necesare dou\u0103 sau trei \u015fedin\u0163e. Num\u0103rul de sedin\u0163e necesare vor fi discutate la consultatia ini\u0163ial\u0103 \u0219i \u00eenainte de \u00eenceperea tratamentului.<\/p>\n            <\/div>        <\/div>    <\/div><\/section>\n<section class=\"av_toggle_section\"  itemscope=\"itemscope\" itemtype=\"https:\/\/schema.org\/CreativeWork\"  >    <div role=\"tablist\" class=\"single_toggle\" data-tags=\"{Toate} \"  >        <p data-fake-id=\"#toggle-id-5\" class=\"toggler \"  itemprop=\"headline\"    role=\"tab\" tabindex=\"0\" aria-controls=\"toggle-id-5\">Este tratamentul de canal dureros?<span class=\"toggle_icon\" >        <span class=\"vert_icon\"><\/span><span class=\"hor_icon\"><\/span><\/span><\/p>        <div id=\"toggle-id-5\" class=\"toggle_wrap \"  >            <div class=\"toggle_content invers-color \"  itemprop=\"text\"   ><p>Tratamentul de canal este de efectuat sub anestezie local\u0103, pacientul nu va sim\u0163i durere pe tot parcursul tratamentului.<\/p>\n            <\/div>        <\/div>    <\/div><\/section>\n<section class=\"av_toggle_section\"  itemscope=\"itemscope\" itemtype=\"https:\/\/schema.org\/CreativeWork\"  >    <div role=\"tablist\" class=\"single_toggle\" data-tags=\"{Toate} \"  >        <p data-fake-id=\"#toggle-id-6\" class=\"toggler \"  itemprop=\"headline\"    role=\"tab\" tabindex=\"0\" aria-controls=\"toggle-id-6\">Ce rat\u0103 de success are tratamentul de canal?<span class=\"toggle_icon\" >        <span class=\"vert_icon\"><\/span><span class=\"hor_icon\"><\/span><\/span><\/p>        <div id=\"toggle-id-6\" class=\"toggle_wrap \"  >            <div class=\"toggle_content invers-color \"  itemprop=\"text\"   ><p>Dac\u0103 este realizat la standarde ridicate, tratamentul endodontic se bucur\u0103 de o rat\u0103 mare de succes. Rata de succes a procedurii variaz\u0103 \u00een func\u0163ie de mai mul\u0163i factori, de natura problemei \u0219i starea dintelui \u00eenainte de tratament. Studii recente au ar\u0103tat rate de succes \u00eentre 80 \u0219i 95%.<\/p>\n            <\/div>        <\/div>    <\/div><\/section>\n<section class=\"av_toggle_section\"  itemscope=\"itemscope\" itemtype=\"https:\/\/schema.org\/CreativeWork\"  >    <div role=\"tablist\" class=\"single_toggle\" data-tags=\"{Toate} \"  >        <p data-fake-id=\"#toggle-id-7\" class=\"toggler \"  itemprop=\"headline\"    role=\"tab\" tabindex=\"0\" aria-controls=\"toggle-id-7\">C\u00e2t timp o s\u0103 reziste dintele?<span class=\"toggle_icon\" >        <span class=\"vert_icon\"><\/span><span class=\"hor_icon\"><\/span><\/span><\/p>        <div id=\"toggle-id-7\" class=\"toggle_wrap \"  >            <div class=\"toggle_content invers-color \"  itemprop=\"text\"   ><p>Cu \u00eengrijire \u015fi o restaurare adecvat\u0103, dintii trata\u0163i endodontic pot supravie\u0163ui la fel de mult ca orice alt dinte. Exist\u0103 mul\u0163i factori care determin\u0103 durata de via\u0163a pe termen lung a unui dinte tratat endodontic, inclusiv starea lui \u00eenainte de tratament, natura procedurilor efectuate , calitatea restaur\u0103rii dintelui dup\u0103 tratament. Un tratament de canal corect efectuat, igiena bun\u0103 \u0219i controalele periodice pot spori supravie\u0163uirea pe termen lung a unui dinte tratat endodontic.<\/p>\n            <\/div>        <\/div>    <\/div><\/section>\n<section class=\"av_toggle_section\"  itemscope=\"itemscope\" itemtype=\"https:\/\/schema.org\/CreativeWork\"  >    <div role=\"tablist\" class=\"single_toggle\" data-tags=\"{Toate} \"  >        <p data-fake-id=\"#toggle-id-8\" class=\"toggler \"  itemprop=\"headline\"    role=\"tab\" tabindex=\"0\" aria-controls=\"toggle-id-8\">Toti din\u0163ii pot s\u0103 fie salva\u0163i prin tratament endodontic?<span class=\"toggle_icon\" >        <span class=\"vert_icon\"><\/span><span class=\"hor_icon\"><\/span><\/span><\/p>        <div id=\"toggle-id-8\" class=\"toggle_wrap \"  >            <div class=\"toggle_content invers-color \"  itemprop=\"text\"   ><p>Cu progresele recente \u00een acest domeniu, un num\u0103r tot mai mare de din\u0163i considerati \u00een trecut ca fiind netratabili ,acum pot fi trata\u0163i cu succes \u0219i salva\u0163i. \u00cenainte de a v\u0103 decide de a extrage un dinte, discuta\u0163i cu medicul dumneavoastr\u0103 dentist despre op\u0163iunea de a consulta un endodont. Endodontul se specializeaz\u0103 \u00een p\u0103strarea din\u0163ilor naturali \u0219i are cuno\u0219tin\u0163ele \u0219i experien\u0163a necesar\u0103 pentru a v\u0103 oferi sfaturi cu privire la cele mai bune op\u0163iuni de tratament disponibile pentru dumneavoastr\u0103.<\/p>\n            <\/div>        <\/div>    <\/div><\/section>\n<section class=\"av_toggle_section\"  itemscope=\"itemscope\" itemtype=\"https:\/\/schema.org\/CreativeWork\"  >    <div role=\"tablist\" class=\"single_toggle\" data-tags=\"{Toate} \"  >        <p data-fake-id=\"#toggle-id-9\" class=\"toggler \"  itemprop=\"headline\"    role=\"tab\" tabindex=\"0\" aria-controls=\"toggle-id-9\">C\u00e2t cost\u0103 realizarea tratamentului de canal?<span class=\"toggle_icon\" >        <span class=\"vert_icon\"><\/span><span class=\"hor_icon\"><\/span><\/span><\/p>        <div id=\"toggle-id-9\" class=\"toggle_wrap \"  >            <div class=\"toggle_content invers-color \"  itemprop=\"text\"   ><p>Costul tratamentului de canal poate varia \u00een func\u0163ie de mai mul\u0163i factori. Acestea \u00eenclud gradul de dificultate al tratamentului, tipul dintelui sau materialele necesare. O evaluare precis\u0103 a costurilor se va realiza la consulta\u0163ie. Tratamentul endodontic este mai pu\u0163in costisitor dec\u00e2t extrac\u0163ia dintelui \u0219i \u00eenlocuirea acestuia cu o punte sau un implant.<\/p>\n            <\/div>        <\/div>    <\/div><\/section>\n<\/div><\/p><\/div><div class=\"flex_column av_one_full  av-animated-generic top-to-bottom  flex_column_div av-zero-column-padding first  avia-builder-el-15  el_after_av_one_full  avia-builder-el-last  column-top-margin\" style='border-radius:0px; ' id=\"formintrebari\" ><section class=\"av_textblock_section \"  itemscope=\"itemscope\" itemtype=\"https:\/\/schema.org\/CreativeWork\" ><div class='avia_textblock  '   itemprop=\"text\" ><h2 style=\"text-align: left;\">Ave\u021bi o \u00eentrebare?<\/h2>\n<p>\u00cen cazul \u00een care informa\u021biile prezentate pe acest site nu v\u0103 sunt suficiente, v\u0103 rug\u0103m s\u0103 ne adresa\u021bi \u00eentreb\u0103rile dumneavoastre prin intermediul acestui formular:<\/p>\n<\/div><\/section><br \/>\n<form action=\"https:\/\/radiologiarodenta.ro\/com\/endodontie\/\" method=\"post\"  class=\"avia_ajax_form av-form-labels-hidden   avia-builder-el-17  el_after_av_textblock  avia-builder-el-last   \" data-avia-form-id=\"1\" data-avia-redirect='' ><fieldset><p class='  first_form  form_element form_element_third' id='element_avia_1_1'><label for=\"avia_1_1\">Nume <abbr class=\"required\" title=\"required\">*<\/abbr><\/label> <input name=\"avia_1_1\" class=\"text_input is_empty\" type=\"text\" id=\"avia_1_1\" value=\"\"  placeholder='Nume*'\/><\/p><p class='  form_element form_element_third' id='element_avia_2_1'><label for=\"avia_2_1\">Mail <abbr class=\"required\" title=\"required\">*<\/abbr><\/label> <input name=\"avia_2_1\" class=\"text_input is_empty\" type=\"text\" id=\"avia_2_1\" value=\"\"  placeholder='Mail*'\/><\/p><p class='  form_element form_element_third' id='element_avia_3_1'><label for=\"avia_3_1\">Telefon <abbr class=\"required\" title=\"required\">*<\/abbr><\/label> <input name=\"avia_3_1\" class=\"text_input is_empty\" type=\"text\" id=\"avia_3_1\" value=\"\"  placeholder='Telefon*'\/><\/p><p class='  first_form  form_element form_element_two_third av-last-visible-form-element' id='element_avia_4_1'><label for=\"avia_4_1\">\u00centrebare <abbr class=\"required\" title=\"required\">*<\/abbr><\/label> <input name=\"avia_4_1\" class=\"text_input is_empty\" type=\"text\" id=\"avia_4_1\" value=\"\"  placeholder='\u00centrebare*'\/><\/p><p class=\"hidden\"><input type=\"text\" name=\"avia_5_1\" class=\"hidden \" id=\"avia_5_1\" value=\"\" \/><\/p><p class=\"form_element form_element_third modified_width\"><input type=\"hidden\" value=\"1\" name=\"avia_generated_form1\" \/><input type=\"submit\" value=\"Trimite\" class=\"button\"  data-sending-label=\"Sending\"\/><\/p><\/fieldset><\/form><div id=\"ajaxresponse_1\" class=\"ajaxresponse ajaxresponse_1 hidden\"><\/div><\/p><\/div><\/p>\n<\/div><\/div><\/div>\n","protected":false},"excerpt":{"rendered":"","protected":false},"author":1,"featured_media":0,"parent":0,"menu_order":0,"comment_status":"closed","ping_status":"closed","template":"","meta":[],"_links":{"self":[{"href":"https:\/\/radiologiarodenta.ro\/com\/wp-json\/wp\/v2\/pages\/584"}],"collection":[{"href":"https:\/\/radiologiarodenta.ro\/com\/wp-json\/wp\/v2\/pages"}],"about":[{"href":"https:\/\/radiologiarodenta.ro\/com\/wp-json\/wp\/v2\/types\/page"}],"author":[{"embeddable":true,"href":"https:\/\/radiologiarodenta.ro\/com\/wp-json\/wp\/v2\/users\/1"}],"replies":[{"embeddable":true,"href":"https:\/\/radiologiarodenta.ro\/com\/wp-json\/wp\/v2\/comments?post=584"}],"version-history":[{"count":3,"href":"https:\/\/radiologiarodenta.ro\/com\/wp-json\/wp\/v2\/pages\/584\/revisions"}],"predecessor-version":[{"id":676,"href":"https:\/\/radiologiarodenta.ro\/com\/wp-json\/wp\/v2\/pages\/584\/revisions\/676"}],"wp:attachment":[{"href":"https:\/\/radiologiarodenta.ro\/com\/wp-json\/wp\/v2\/media?parent=584"}],"curies":[{"name":"wp","href":"https:\/\/api.w.org\/{rel}","templated":true}]}}