{"id":590,"date":"2020-12-03T14:25:56","date_gmt":"2020-12-03T14:25:56","guid":{"rendered":"https:\/\/radiologiarodenta.ro\/com\/?page_id=590"},"modified":"2020-12-03T14:25:56","modified_gmt":"2020-12-03T14:25:56","slug":"tehnologie-de-ultima-ora","status":"publish","type":"page","link":"https:\/\/radiologiarodenta.ro\/com\/tehnologie-de-ultima-ora\/","title":{"rendered":"Tehnologie de ultima or\u0103"},"content":{"rendered":"<div id='av-layout-grid-1'  class='av-layout-grid-container entry-content-wrapper alternate_color av-flex-cells     avia-builder-el-0  el_before_av_layout_row  avia-builder-el-first  av-cell-min-height av-cell-min-height-35 container_wrap fullsize' style=' '   data-av_minimum_height_pc='35'>\n<div class=\"flex_cell no_margin av_one_full  avia-builder-el-1  avia-builder-el-no-sibling   avia-full-stretch \"  style='background:url(https:\/\/radiologiarodenta.ro\/com\/wp-content\/uploads\/2020\/12\/bg.jpg) center center no-repeat scroll; vertical-align:middle; padding:3% 15% 3% 15% ; ' ><div class='flex_cell_inner' ><p><div  style='height:50px' class='hr hr-invisible  av-desktop-hide  avia-builder-el-2  el_before_av_one_full  avia-builder-el-first '><span class='hr-inner ' ><span class='hr-inner-style'><\/span><\/span><\/div><br \/>\n<div class=\"flex_column av_one_full  flex_column_div av-zero-column-padding first  avia-builder-el-3  el_after_av_hr  el_before_av_hr  \" style='border-radius:0px; '><section class=\"av_textblock_section \"  itemscope=\"itemscope\" itemtype=\"https:\/\/schema.org\/CreativeWork\" ><div class='avia_textblock  '   itemprop=\"text\" ><h1 style=\"text-align: left;\">Tehnologie de ultima or\u0103<\/h1>\n<\/div><\/section><\/div><div  style='height:50px' class='hr hr-invisible  av-desktop-hide  avia-builder-el-5  el_after_av_one_full  avia-builder-el-last '><span class='hr-inner ' ><span class='hr-inner-style'><\/span><\/span><\/div><\/p>\n<\/div><\/div><\/div><div id='av-layout-grid-2'  class='av-layout-grid-container entry-content-wrapper main_color av-flex-cells     avia-builder-el-6  el_after_av_layout_row  el_before_av_layout_row  submenu-not-first container_wrap fullsize' style=' '  >\n<div class=\"flex_cell no_margin av_one_full  avia-builder-el-7  avia-builder-el-no-sibling   avia-full-stretch \"  style='background:url(https:\/\/radiologiarodenta.ro\/com\/wp-content\/uploads\/2020\/12\/white-dentis-3.jpg) top right no-repeat fixed; vertical-align:middle; padding:3% 15% 3% 15% ; ' ><div class='flex_cell_inner' ><div class='flex_column_table av-equal-height-column-flextable -flextable' ><div class=\"flex_column av_one_full  av-animated-generic top-to-bottom  flex_column_table_cell av-equal-height-column av-align-middle av-zero-column-padding first  avia-builder-el-8  avia-builder-el-no-sibling  \" style='border-radius:0px; '><section class=\"av_textblock_section \"  itemscope=\"itemscope\" itemtype=\"https:\/\/schema.org\/CreativeWork\" ><div class='avia_textblock  '   itemprop=\"text\" ><ol>\n<li>Microscop operator dentar<br \/>\nCarl Zeiss Opmi Pico<br \/>\nVizibilitatea sporit\u0103 oferit\u0103 de microscopul operator dentar a deschis noi perspective pentru tratamentul endodontic. Datorit\u0103 ilumin\u0103rii \u0219i m\u0103ririi sporite, canalele calcifiate care \u00een trecut nu puteau fi detectate, acum pot fi localizate u\u0219or. \u00cen plus cazurile de retratamente endodontice dificile (repara\u0163ii de perfora\u0163ii, \u00eendep\u0103rtarea de instrumente fracturate \u00een canal) pot fi acum gestionate cu mai mare eficien\u0163\u0103 \u0219i succes.<\/li>\n<li>Aparat electronic de determinarea lungimii de lucru<br \/>\nApexlocatorul este un aparat electronic de m\u0103susare a lungimii de lucru. Determinarea lungimii de lucru era realizat\u0103 \u00een trecut doar pe baza unor radiografii, care de multe ori erau dificil de interpretat \u0219i mai pu\u0163in precise<\/li>\n<li>Micromotor endodontic<br \/>\nUtilizat pentru prepararea canalelor radiculare cu ajutorul instrumentelor rotative din aliaj nichel-titan.<\/li>\n<li>Instrumente rotative din aliaj nichel-titan<br \/>\nInstrumentele rotative din nichel titan sunt folosite pentru a cur\u0103\u0163a \u0219i modela spa\u0163iul radicular. Aliajul de nichel-titan este de cinci ori mai flexibil dec\u00e2t o\u0163elul inoxidabil iar acest lucru reprezint\u0103 un avantaj \u00een canalele curbe, unde instrumentele din otel inoxidabil sunt prea rigide.<\/li>\n<li>Sisteme de obturare cu gutaperc\u0103 termoplastifiat\u0103<br \/>\nGutaperca termoplastifiat\u0103 \u00eempreun\u0103 cu un sealer este materialul de obtura\u0163ie folosit pentru sigilarea canalelor radiculare. Utilizarea c\u0103ldurii maximizeaz\u0103 adaptarea materialului la pere\u0163ii canalului, deoarece acesta este condensat \u00een forma creat\u0103 de instrumentele de preparare.<\/li>\n<li>Diga dentar\u0103<br \/>\nSitem de izolare al c\u00e2mpului operator<\/li>\n<li>Aparat ultrasonic<br \/>\nUtilizat pentru activarea irigan\u0163ilor \u0219i \u00een cazurile dificile de retratament<\/li>\n<li>Sisteme de \u00eendep\u0103rtare a instrumentelor fracturate \u00een canal (ace rupte)<\/li>\n<li>Radiografii digitale<br \/>\nPrezint\u0103 cu p\u00e2n\u0103 la 90% mai pu\u0163ine radia\u0163ii dec\u00e2t radiografiile clasice. Foarte utile \u00een endodon\u0163ie, deoarece produce o imagine de o calitate foarte bun\u0103 care este instantaneu vizualizat\u0103 pe un monitor de computer. Acest lucru ajut\u0103 la reducerea timpului de tratament \u0219i \u00eembun\u0103t\u0103\u0163e\u0219te comunicarea cu pacientul.<\/li>\n<li>Radiografie 3D CBCT<br \/>\nCT-ul cu fascicul conic reprezint\u0103 o tehnologie de v\u00e2rf care ne ofer\u0103 o imagine \u00een trei planuri a dintelui. Este foarte util \u00een detectarea canalelor radiculare care nu pot fi vizualizate pe o radiografie conventional\u0103 \u0219i este de asemenea foarte util \u00een cazurile dificile de retratament.<\/li>\n<\/ol>\n<\/div><\/section><\/div><\/div><!--close column table wrapper. Autoclose: 1 -->\n<\/div><\/div><\/div><div id='av-layout-grid-3'  class='av-layout-grid-container entry-content-wrapper alternate_color av-flex-cells     avia-builder-el-10  el_after_av_layout_row  avia-builder-el-last  submenu-not-first container_wrap fullsize' style=' '  >\n<div class=\"flex_cell no_margin av_one_full  avia-builder-el-11  avia-builder-el-no-sibling   \"  style='vertical-align:top; padding:3% 15% 3% 15% ; ' ><div class='flex_cell_inner' ><div class=\"flex_column av_one_full  av-animated-generic top-to-bottom  flex_column_div av-zero-column-padding first  avia-builder-el-12  avia-builder-el-no-sibling  \" style='border-radius:0px; ' id=\"formintrebari\" ><section class=\"av_textblock_section \"  itemscope=\"itemscope\" itemtype=\"https:\/\/schema.org\/CreativeWork\" ><div class='avia_textblock  '   itemprop=\"text\" ><h2 style=\"text-align: left;\">Ave\u021bi o \u00eentrebare?<\/h2>\n<p>\u00cen cazul \u00een care informa\u021biile prezentate pe acest site nu v\u0103 sunt suficiente, v\u0103 rug\u0103m s\u0103 ne adresa\u021bi \u00eentreb\u0103rile dumneavoastre prin intermediul acestui formular:<\/p>\n<\/div><\/section><br \/>\n<form action=\"https:\/\/radiologiarodenta.ro\/com\/tehnologie-de-ultima-ora\/\" method=\"post\"  class=\"avia_ajax_form av-form-labels-hidden   avia-builder-el-14  el_after_av_textblock  avia-builder-el-last   \" data-avia-form-id=\"1\" data-avia-redirect='' ><fieldset><p class='  first_form  form_element form_element_third' id='element_avia_1_1'><label for=\"avia_1_1\">Nume <abbr class=\"required\" title=\"required\">*<\/abbr><\/label> <input name=\"avia_1_1\" class=\"text_input is_empty\" type=\"text\" id=\"avia_1_1\" value=\"\"  placeholder='Nume*'\/><\/p><p class='  form_element form_element_third' id='element_avia_2_1'><label for=\"avia_2_1\">Mail <abbr class=\"required\" title=\"required\">*<\/abbr><\/label> <input name=\"avia_2_1\" class=\"text_input is_empty\" type=\"text\" id=\"avia_2_1\" value=\"\"  placeholder='Mail*'\/><\/p><p class='  form_element form_element_third' id='element_avia_3_1'><label for=\"avia_3_1\">Telefon <abbr class=\"required\" title=\"required\">*<\/abbr><\/label> <input name=\"avia_3_1\" class=\"text_input is_empty\" type=\"text\" id=\"avia_3_1\" value=\"\"  placeholder='Telefon*'\/><\/p><p class='  first_form  form_element form_element_two_third av-last-visible-form-element' id='element_avia_4_1'><label for=\"avia_4_1\">\u00centrebare <abbr class=\"required\" title=\"required\">*<\/abbr><\/label> <input name=\"avia_4_1\" class=\"text_input is_empty\" type=\"text\" id=\"avia_4_1\" value=\"\"  placeholder='\u00centrebare*'\/><\/p><p class=\"hidden\"><input type=\"text\" name=\"avia_5_1\" class=\"hidden \" id=\"avia_5_1\" value=\"\" \/><\/p><p class=\"form_element form_element_third modified_width\"><input type=\"hidden\" value=\"1\" name=\"avia_generated_form1\" \/><input type=\"submit\" value=\"Trimite\" class=\"button\"  data-sending-label=\"Sending\"\/><\/p><\/fieldset><\/form><div id=\"ajaxresponse_1\" class=\"ajaxresponse ajaxresponse_1 hidden\"><\/div><\/p><\/div>\n<\/div><\/div><\/div><\/p>\n","protected":false},"excerpt":{"rendered":"","protected":false},"author":1,"featured_media":0,"parent":0,"menu_order":0,"comment_status":"closed","ping_status":"closed","template":"","meta":[],"_links":{"self":[{"href":"https:\/\/radiologiarodenta.ro\/com\/wp-json\/wp\/v2\/pages\/590"}],"collection":[{"href":"https:\/\/radiologiarodenta.ro\/com\/wp-json\/wp\/v2\/pages"}],"about":[{"href":"https:\/\/radiologiarodenta.ro\/com\/wp-json\/wp\/v2\/types\/page"}],"author":[{"embeddable":true,"href":"https:\/\/radiologiarodenta.ro\/com\/wp-json\/wp\/v2\/users\/1"}],"replies":[{"embeddable":true,"href":"https:\/\/radiologiarodenta.ro\/com\/wp-json\/wp\/v2\/comments?post=590"}],"version-history":[{"count":1,"href":"https:\/\/radiologiarodenta.ro\/com\/wp-json\/wp\/v2\/pages\/590\/revisions"}],"predecessor-version":[{"id":591,"href":"https:\/\/radiologiarodenta.ro\/com\/wp-json\/wp\/v2\/pages\/590\/revisions\/591"}],"wp:attachment":[{"href":"https:\/\/radiologiarodenta.ro\/com\/wp-json\/wp\/v2\/media?parent=590"}],"curies":[{"name":"wp","href":"https:\/\/api.w.org\/{rel}","templated":true}]}}