{"id":594,"date":"2020-12-03T14:30:50","date_gmt":"2020-12-03T14:30:50","guid":{"rendered":"https:\/\/radiologiarodenta.ro\/com\/?page_id=594"},"modified":"2020-12-03T14:30:50","modified_gmt":"2020-12-03T14:30:50","slug":"rezectia-apicala","status":"publish","type":"page","link":"https:\/\/radiologiarodenta.ro\/com\/rezectia-apicala\/","title":{"rendered":"Rezec\u0163ia apical\u0103"},"content":{"rendered":"<div id='av-layout-grid-1'  class='av-layout-grid-container entry-content-wrapper alternate_color av-flex-cells     avia-builder-el-0  el_before_av_layout_row  avia-builder-el-first  av-cell-min-height av-cell-min-height-35 container_wrap fullsize' style=' '   data-av_minimum_height_pc='35'>\n<div class=\"flex_cell no_margin av_one_full  avia-builder-el-1  avia-builder-el-no-sibling   avia-full-stretch \"  style='background:url(https:\/\/radiologiarodenta.ro\/com\/wp-content\/uploads\/2020\/12\/bg.jpg) center center no-repeat scroll; vertical-align:middle; padding:3% 15% 3% 15% ; ' ><div class='flex_cell_inner' ><p><div  style='height:50px' class='hr hr-invisible  av-desktop-hide  avia-builder-el-2  el_before_av_one_full  avia-builder-el-first '><span class='hr-inner ' ><span class='hr-inner-style'><\/span><\/span><\/div><br \/>\n<div class=\"flex_column av_one_full  flex_column_div av-zero-column-padding first  avia-builder-el-3  el_after_av_hr  el_before_av_hr  \" style='border-radius:0px; '><section class=\"av_textblock_section \"  itemscope=\"itemscope\" itemtype=\"https:\/\/schema.org\/CreativeWork\" ><div class='avia_textblock  '   itemprop=\"text\" ><h1 style=\"text-align: left;\">Rezec\u0163ia apical\u0103<\/h1>\n<\/div><\/section><\/div><div  style='height:50px' class='hr hr-invisible  av-desktop-hide  avia-builder-el-5  el_after_av_one_full  avia-builder-el-last '><span class='hr-inner ' ><span class='hr-inner-style'><\/span><\/span><\/div><\/p>\n<\/div><\/div><\/div><div id='av-layout-grid-2'  class='av-layout-grid-container entry-content-wrapper main_color av-flex-cells     avia-builder-el-6  el_after_av_layout_row  el_before_av_layout_row  submenu-not-first container_wrap fullsize' style=' '  >\n<div class=\"flex_cell no_margin av_one_full  avia-builder-el-7  avia-builder-el-no-sibling   avia-full-stretch \"  style='background:url(https:\/\/radiologiarodenta.ro\/com\/wp-content\/uploads\/2020\/12\/white-dentis-3.jpg) top right no-repeat fixed; vertical-align:middle; padding:3% 15% 3% 15% ; ' ><div class='flex_cell_inner' ><div class='flex_column_table av-equal-height-column-flextable -flextable' ><div class=\"flex_column av_one_full  av-animated-generic top-to-bottom  flex_column_table_cell av-equal-height-column av-align-middle av-zero-column-padding first  avia-builder-el-8  avia-builder-el-no-sibling  \" style='border-radius:0px; '><section class=\"av_textblock_section \"  itemscope=\"itemscope\" itemtype=\"https:\/\/schema.org\/CreativeWork\" ><div class='avia_textblock  '   itemprop=\"text\" ><h4>Rezec\u0163ia apical\u0103 este o procedur\u0103 chirurgical\u0103 de sec\u0163ionare \u015fi \u00eendepartare a v\u00e2rfului r\u0103d\u0103cinii dentare infectate \u015fi a tesutului osos infectat adiacent.<\/h4>\n<p>Aceasta procedur\u0103 este necesar\u0103 atunci c\u00e2nd aceasta solu\u0163ie este singura ce poate salva dintele. Am\u00e2narea procedurii sau refuzarea ei duce la m\u0103rirea infec\u0163iei \u015fi transformarea acesteia \u00eentr-un abces dentar sau chiar de maxilar. \u00cen aceste cazuri dintele va necesita extrac\u0163ie.<\/p>\n<p>\u00cen cazul \u00een care infec\u0163iile evolueaz\u0103 se pot transforma \u00een chisturi, care pot avea o evolu\u0163ie nefavorabil\u0103.<\/p>\n<p><strong>Indica\u0163iile \u015fi procedura de realizarea a rezec\u0163iei apicale:<\/strong><\/p>\n<ol>\n<li>Fracturi radiculare \u00een 1\/3 apical\u0103<\/li>\n<li>Obstacole care \u00eempiedic\u0103 tratamentul corect al canalului (anomalii anatomice, ace rupte pe canal)<\/li>\n<li>Leziuni periapicale care nu pot fi rezolvate de c\u0103tre endodont (parodontita apical\u0103 cronic\u0103, chisturi radiculare, osteita periapical\u0103 cronic\u0103)<\/li>\n<\/ol>\n<p><strong>Rezec\u0163ia apical\u0103 se realizeaz\u0103 \u00eentr-o singur\u0103 \u015fedin\u0163\u0103 de aproximativ o or\u0103 \u015fi implic\u0103:<\/strong><\/p>\n<ul>\n<li>administrarea unui anestezic local \u015fi \u00eendep\u0103rtarea temporar\u0103 a gingiei de pe dinte astfel \u00eenc\u00e2t s\u0103 avem acces la os.<\/li>\n<li>identificarea zonei infectate \u015fi \u00eendep\u0103rtarea \u0163esutului infectat.<\/li>\n<li>\u00eendepartarea v\u00e2rfului r\u0103d\u0103cinii care a provocat infec\u0163ia \u015fi \u00eenchiderea ermetic\u0103 a dintelui pentru a preveni penetrarea microbilor retrograd.<\/li>\n<li>aplicarea unor suturi<\/li>\n<\/ul>\n<p><strong>Dup\u0103 opera\u0163ie trebuie s\u0103 respecta\u0163i urm\u0103toarele:<\/strong><\/p>\n<ol>\n<li>Dieta trebuie s\u0103 fie semilichid\u0103 \u015fi la temperatura camerei<\/li>\n<li>Mastica\u0163ia s\u0103 aib\u0103 loc pe partea opus\u0103 zonei operate<\/li>\n<li>Evitarea b\u0103uturilor carbogazoase \u00een primele zile dup\u0103 interven\u0163ie<\/li>\n<\/ol>\n<\/div><\/section><\/div><\/div><!--close column table wrapper. Autoclose: 1 -->\n<\/div><\/div><\/div><div id='av-layout-grid-3'  class='av-layout-grid-container entry-content-wrapper alternate_color av-flex-cells     avia-builder-el-10  el_after_av_layout_row  avia-builder-el-last  submenu-not-first container_wrap fullsize' style=' '  >\n<div class=\"flex_cell no_margin av_one_full  avia-builder-el-11  avia-builder-el-no-sibling   \"  style='vertical-align:top; padding:3% 15% 3% 15% ; ' ><div class='flex_cell_inner' ><p><div class=\"flex_column av_one_full  av-animated-generic top-to-bottom  flex_column_div av-zero-column-padding first  avia-builder-el-12  el_before_av_one_full  avia-builder-el-first  \" style='border-radius:0px; '><section class=\"av_textblock_section \"  itemscope=\"itemscope\" itemtype=\"https:\/\/schema.org\/CreativeWork\" ><div class='avia_textblock  '   itemprop=\"text\" ><h2 style=\"text-align: left;\">Intrebari frecvente:<\/h2>\n<\/div><\/section><br \/>\n<div  class=\"togglecontainer   toggle_close_all  avia-builder-el-14  el_after_av_textblock  avia-builder-el-last \" >\n<section class=\"av_toggle_section\"  itemscope=\"itemscope\" itemtype=\"https:\/\/schema.org\/CreativeWork\"  >    <div role=\"tablist\" class=\"single_toggle\" data-tags=\"{Toate} \"  >        <p data-fake-id=\"#toggle-id-1\" class=\"toggler \"  itemprop=\"headline\"    role=\"tab\" tabindex=\"0\" aria-controls=\"toggle-id-1\">C\u00e2t dureaz\u0103 aceast\u0103 interven\u0163ie?<span class=\"toggle_icon\" >        <span class=\"vert_icon\"><\/span><span class=\"hor_icon\"><\/span><\/span><\/p>        <div id=\"toggle-id-1\" class=\"toggle_wrap \"  >            <div class=\"toggle_content invers-color \"  itemprop=\"text\"   ><p>Durata interven\u0163iei este condi\u0163ionat\u0103 de localizarea dintelui \u015fi de num\u0103rul r\u0103d\u0103cinilor \u015fi a \u0163esuturilor afectate care trebuie \u00eendep\u0103rtate. \u00cen general interven\u0163ia dureaz\u0103 \u00eentre 1 si 3 ore.<\/p>\n            <\/div>        <\/div>    <\/div><\/section>\n<section class=\"av_toggle_section\"  itemscope=\"itemscope\" itemtype=\"https:\/\/schema.org\/CreativeWork\"  >    <div role=\"tablist\" class=\"single_toggle\" data-tags=\"{Toate} \"  >        <p data-fake-id=\"#toggle-id-2\" class=\"toggler \"  itemprop=\"headline\"    role=\"tab\" tabindex=\"0\" aria-controls=\"toggle-id-2\">Este o interven\u0163ie dureroas\u0103?<span class=\"toggle_icon\" >        <span class=\"vert_icon\"><\/span><span class=\"hor_icon\"><\/span><\/span><\/p>        <div id=\"toggle-id-2\" class=\"toggle_wrap \"  >            <div class=\"toggle_content invers-color \"  itemprop=\"text\"   ><p>Nu. Se realizeaz\u0103 \u00een anestezie local\u0103 astfel \u00eenc\u00e2t pacientul s\u0103 nu resimt\u0103 durere.<\/p>\n            <\/div>        <\/div>    <\/div><\/section>\n<section class=\"av_toggle_section\"  itemscope=\"itemscope\" itemtype=\"https:\/\/schema.org\/CreativeWork\"  >    <div role=\"tablist\" class=\"single_toggle\" data-tags=\"{Toate} \"  >        <p data-fake-id=\"#toggle-id-3\" class=\"toggler \"  itemprop=\"headline\"    role=\"tab\" tabindex=\"0\" aria-controls=\"toggle-id-3\">La c\u00e2t timp dup\u0103 interven\u0163ie trebuie \u00eendep\u0103rtate firele de sutur\u0103?<span class=\"toggle_icon\" >        <span class=\"vert_icon\"><\/span><span class=\"hor_icon\"><\/span><\/span><\/p>        <div id=\"toggle-id-3\" class=\"toggle_wrap \"  >            <div class=\"toggle_content invers-color \"  itemprop=\"text\"   ><p>Deoarece sunt fire neresorbabile acestea vor fi \u00eendep\u0103rtate dup\u0103 6-7 zile.<\/p>\n            <\/div>        <\/div>    <\/div><\/section>\n<\/div><\/p><\/div><div class=\"flex_column av_one_full  av-animated-generic top-to-bottom  flex_column_div av-zero-column-padding first  avia-builder-el-15  el_after_av_one_full  avia-builder-el-last  column-top-margin\" style='border-radius:0px; ' id=\"formintrebari\" ><section class=\"av_textblock_section \"  itemscope=\"itemscope\" itemtype=\"https:\/\/schema.org\/CreativeWork\" ><div class='avia_textblock  '   itemprop=\"text\" ><h2 style=\"text-align: left;\">Ave\u021bi o \u00eentrebare?<\/h2>\n<p>\u00cen cazul \u00een care informa\u021biile prezentate pe acest site nu v\u0103 sunt suficiente, v\u0103 rug\u0103m s\u0103 ne adresa\u021bi \u00eentreb\u0103rile dumneavoastre prin intermediul acestui formular:<\/p>\n<\/div><\/section><br \/>\n<form action=\"https:\/\/radiologiarodenta.ro\/com\/rezectia-apicala\/\" method=\"post\"  class=\"avia_ajax_form av-form-labels-hidden   avia-builder-el-17  el_after_av_textblock  avia-builder-el-last   \" data-avia-form-id=\"1\" data-avia-redirect='' ><fieldset><p class='  first_form  form_element form_element_third' id='element_avia_1_1'><label for=\"avia_1_1\">Nume <abbr class=\"required\" title=\"required\">*<\/abbr><\/label> <input name=\"avia_1_1\" class=\"text_input is_empty\" type=\"text\" id=\"avia_1_1\" value=\"\"  placeholder='Nume*'\/><\/p><p class='  form_element form_element_third' id='element_avia_2_1'><label for=\"avia_2_1\">Mail <abbr class=\"required\" title=\"required\">*<\/abbr><\/label> <input name=\"avia_2_1\" class=\"text_input is_empty\" type=\"text\" id=\"avia_2_1\" value=\"\"  placeholder='Mail*'\/><\/p><p class='  form_element form_element_third' id='element_avia_3_1'><label for=\"avia_3_1\">Telefon <abbr class=\"required\" title=\"required\">*<\/abbr><\/label> <input name=\"avia_3_1\" class=\"text_input is_empty\" type=\"text\" id=\"avia_3_1\" value=\"\"  placeholder='Telefon*'\/><\/p><p class='  first_form  form_element form_element_two_third av-last-visible-form-element' id='element_avia_4_1'><label for=\"avia_4_1\">\u00centrebare <abbr class=\"required\" title=\"required\">*<\/abbr><\/label> <input name=\"avia_4_1\" class=\"text_input is_empty\" type=\"text\" id=\"avia_4_1\" value=\"\"  placeholder='\u00centrebare*'\/><\/p><p class=\"hidden\"><input type=\"text\" name=\"avia_5_1\" class=\"hidden \" id=\"avia_5_1\" value=\"\" \/><\/p><p class=\"form_element form_element_third modified_width\"><input type=\"hidden\" value=\"1\" name=\"avia_generated_form1\" \/><input type=\"submit\" value=\"Trimite\" class=\"button\"  data-sending-label=\"Sending\"\/><\/p><\/fieldset><\/form><div id=\"ajaxresponse_1\" class=\"ajaxresponse ajaxresponse_1 hidden\"><\/div><\/p><\/div><\/p>\n<\/div><\/div><\/div><\/p>\n","protected":false},"excerpt":{"rendered":"","protected":false},"author":1,"featured_media":0,"parent":0,"menu_order":0,"comment_status":"closed","ping_status":"closed","template":"","meta":[],"_links":{"self":[{"href":"https:\/\/radiologiarodenta.ro\/com\/wp-json\/wp\/v2\/pages\/594"}],"collection":[{"href":"https:\/\/radiologiarodenta.ro\/com\/wp-json\/wp\/v2\/pages"}],"about":[{"href":"https:\/\/radiologiarodenta.ro\/com\/wp-json\/wp\/v2\/types\/page"}],"author":[{"embeddable":true,"href":"https:\/\/radiologiarodenta.ro\/com\/wp-json\/wp\/v2\/users\/1"}],"replies":[{"embeddable":true,"href":"https:\/\/radiologiarodenta.ro\/com\/wp-json\/wp\/v2\/comments?post=594"}],"version-history":[{"count":1,"href":"https:\/\/radiologiarodenta.ro\/com\/wp-json\/wp\/v2\/pages\/594\/revisions"}],"predecessor-version":[{"id":595,"href":"https:\/\/radiologiarodenta.ro\/com\/wp-json\/wp\/v2\/pages\/594\/revisions\/595"}],"wp:attachment":[{"href":"https:\/\/radiologiarodenta.ro\/com\/wp-json\/wp\/v2\/media?parent=594"}],"curies":[{"name":"wp","href":"https:\/\/api.w.org\/{rel}","templated":true}]}}