{"id":603,"date":"2020-12-03T14:36:07","date_gmt":"2020-12-03T14:36:07","guid":{"rendered":"https:\/\/radiologiarodenta.ro\/com\/?page_id=603"},"modified":"2020-12-03T14:36:07","modified_gmt":"2020-12-03T14:36:07","slug":"ortodontie","status":"publish","type":"page","link":"https:\/\/radiologiarodenta.ro\/com\/ortodontie\/","title":{"rendered":"Ortodon\u0163ie"},"content":{"rendered":"<div id='av-layout-grid-1'  class='av-layout-grid-container entry-content-wrapper alternate_color av-flex-cells     avia-builder-el-0  el_before_av_layout_row  avia-builder-el-first  av-cell-min-height av-cell-min-height-35 container_wrap fullsize' style=' '   data-av_minimum_height_pc='35'>\n<div class=\"flex_cell no_margin av_one_full  avia-builder-el-1  avia-builder-el-no-sibling   avia-full-stretch \"  style='background:url(https:\/\/radiologiarodenta.ro\/com\/wp-content\/uploads\/2020\/12\/bg.jpg) center center no-repeat scroll; vertical-align:middle; padding:3% 15% 3% 15% ; ' ><div class='flex_cell_inner' ><p><div  style='height:50px' class='hr hr-invisible  av-desktop-hide  avia-builder-el-2  el_before_av_one_full  avia-builder-el-first '><span class='hr-inner ' ><span class='hr-inner-style'><\/span><\/span><\/div><br \/>\n<div class=\"flex_column av_one_full  flex_column_div av-zero-column-padding first  avia-builder-el-3  el_after_av_hr  el_before_av_hr  \" style='border-radius:0px; '><section class=\"av_textblock_section \"  itemscope=\"itemscope\" itemtype=\"https:\/\/schema.org\/CreativeWork\" ><div class='avia_textblock  '   itemprop=\"text\" ><h1 style=\"text-align: left;\">Ortodon\u0163ie<\/h1>\n<\/div><\/section><\/div><div  style='height:50px' class='hr hr-invisible  av-desktop-hide  avia-builder-el-5  el_after_av_one_full  avia-builder-el-last '><span class='hr-inner ' ><span class='hr-inner-style'><\/span><\/span><\/div><\/p>\n<\/div><\/div><\/div><div id='av-layout-grid-2'  class='av-layout-grid-container entry-content-wrapper main_color av-flex-cells     avia-builder-el-6  el_after_av_layout_row  el_before_av_layout_row  submenu-not-first container_wrap fullsize' style=' '  >\n<div class=\"flex_cell no_margin av_one_full  avia-builder-el-7  avia-builder-el-no-sibling   avia-full-stretch \"  style='background:url(https:\/\/radiologiarodenta.ro\/com\/wp-content\/uploads\/2020\/12\/white-dentis-3.jpg) top right no-repeat fixed; vertical-align:middle; padding:3% 15% 3% 15% ; ' ><div class='flex_cell_inner' ><div class='flex_column_table av-equal-height-column-flextable -flextable' ><div class=\"flex_column av_one_full  av-animated-generic top-to-bottom  flex_column_table_cell av-equal-height-column av-align-middle av-zero-column-padding first  avia-builder-el-8  avia-builder-el-no-sibling  \" style='border-radius:0px; '><section class=\"av_textblock_section \"  itemscope=\"itemscope\" itemtype=\"https:\/\/schema.org\/CreativeWork\" ><div class='avia_textblock  '   itemprop=\"text\" ><h4>Ortodon\u0163ia este ramura stomatologiei care se ocup\u0103 cu diagnosticarea \u015fi tratamentul anomaliilor dento-maxilare, cu alinierea din\u0163ilor \u00een pozi\u0163ie armonioas\u0103 pe arcadele dentare \u015fi cu ghidarea dezvolt\u0103rii structurilor dento-faciale.<\/h4>\n<p>Tratamentele ortodontice se adreseaz\u0103 at\u00e2t copiilor \u015fi adolescen\u0163ilor, precum \u015fi adul\u0163ilor.<\/p>\n<p><strong>C\u00e2nd trebuie s\u0103 ne prezent\u0103m cu copilul nostru la medicul ortodont?<\/strong><\/p>\n<ul>\n<li>Dac\u0103 din\u0163ii nu erup \u00een perioada normal\u0103<\/li>\n<li>Copilul are obiceiuri vicioase (sugerea degetului, interpunerea buzei., limbii sau a diferitelor obiecte \u00eentre din\u0163i etc.)<\/li>\n<li>\u00cen caz de respira\u0163ie pe gur\u0103 \u00een timpul somnului<\/li>\n<li>C\u00e2nd apar probleme de mu\u015fc\u0103tur\u0103, de mestecat, de fona\u0163ie<\/li>\n<li>Din\u0163ii erup \u00eenc\u0103leca\u0163i datorit\u0103 \u00eenghesuirii acestora, sau cu spa\u0163ii \u00eentre ele<\/li>\n<li>Maxilarele \u015fi din\u0163ii nu au crescut propor\u0163ional cu restul fe\u0163ei<\/li>\n<\/ul>\n<p>\u00cen func\u0163ie de anomalie \u015fi de v\u00e2rst\u0103 se folosesc aparate ortodontice mobile \u015fi\/sau fixe.<\/p>\n<p><strong>Sfaturi de igien\u0103 pentru purt\u0103torii de aparate dentare<\/strong><\/p>\n<p>Aparatele dentare favorizeaz\u0103 reten\u0163iile alimentare \u015fi formarea pl\u0103cii bacteriene. Din acest motiv este necesar o igien\u0103 foarte riguroas\u0103 la purt\u0103torii de aparate ortodontice.<\/p>\n<ul>\n<li>Aparatele mobile se spal\u0103 cu periu\u0163\u0103, ap\u0103 \u015fi s\u0103pun. La 3-4 zile se pun \u00een solu\u0163ii de cur\u0103\u0163are, ob\u0163inute din pastite efervescente, sau ap\u0103 cu o\u0163et. Din\u0163ii se spal\u0103 regulat de trei ori pe zi, se folose\u015fte \u015fi a\u0163a dentar\u0103 pentru cur\u0103\u0163irea spa\u0163iilor interdentare<\/li>\n<li>La aparatele fixe, aten\u0163ia trebuie s\u0103 fie \u015fi mai mare. Se folose\u015fte o periu\u0163\u0103 special\u0103 ortodontic\u0103 \u2013 are perii moi \u015fi smocurile din marginea capului sunt cu 1-2 mm mai lungi dec\u00e2t smocurile din mijloc, tocmai pentru a cur\u0103\u0163a simultan \u015fi aparatul dentar, \u015fi din\u0163ii. Recomand\u0103m a\u0163\u0103 dentar\u0103 super floss, periu\u0163e interdentare, du\u015ful bucal cu jet pulsatil de ap\u0103 \u015fi la final cl\u0103tiri cu ape de gur\u0103 care con\u0163in fluor<\/li>\n<\/ul>\n<\/div><\/section><br \/>\n<div  style='height:20px' class='hr hr-invisible   avia-builder-el-10  el_after_av_textblock  el_before_av_image '><span class='hr-inner ' ><span class='hr-inner-style'><\/span><\/span><\/div><br \/>\n<div  class='avia-image-container  av-styling-    avia-builder-el-11  el_after_av_hr  avia-builder-el-last  avia-align-left '  itemprop=\"image\" itemscope=\"itemscope\" itemtype=\"https:\/\/schema.org\/ImageObject\"  ><div class='avia-image-container-inner'><div class='avia-image-overlay-wrap'><img class='wp-image-604 avia-img-lazy-loading-not-604 avia_image' src=\"https:\/\/radiologiarodenta.ro\/com\/wp-content\/uploads\/2020\/12\/6.jpg\" alt='' title='6' height=\"158\" width=\"380\"  itemprop=\"thumbnailUrl\" srcset=\"https:\/\/radiologiarodenta.ro\/com\/wp-content\/uploads\/2020\/12\/6.jpg 380w, https:\/\/radiologiarodenta.ro\/com\/wp-content\/uploads\/2020\/12\/6-300x125.jpg 300w\" sizes=\"(max-width: 380px) 100vw, 380px\" \/><\/div><\/div><\/div><\/p><\/div><\/div><!--close column table wrapper. Autoclose: 1 -->\n<\/div><\/div><\/div><div id='av-layout-grid-3'  class='av-layout-grid-container entry-content-wrapper alternate_color av-flex-cells     avia-builder-el-12  el_after_av_layout_row  avia-builder-el-last  submenu-not-first container_wrap fullsize' style=' '  >\n<div class=\"flex_cell no_margin av_one_full  avia-builder-el-13  avia-builder-el-no-sibling   \"  style='vertical-align:top; padding:3% 15% 3% 15% ; ' ><div class='flex_cell_inner' ><div class=\"flex_column av_one_full  av-animated-generic top-to-bottom  flex_column_div av-zero-column-padding first  avia-builder-el-14  avia-builder-el-no-sibling  \" style='border-radius:0px; ' id=\"formintrebari\" ><section class=\"av_textblock_section \"  itemscope=\"itemscope\" itemtype=\"https:\/\/schema.org\/CreativeWork\" ><div class='avia_textblock  '   itemprop=\"text\" ><h2 style=\"text-align: left;\">Ave\u021bi o \u00eentrebare?<\/h2>\n<p>\u00cen cazul \u00een care informa\u021biile prezentate pe acest site nu v\u0103 sunt suficiente, v\u0103 rug\u0103m s\u0103 ne adresa\u021bi \u00eentreb\u0103rile dumneavoastre prin intermediul acestui formular:<\/p>\n<\/div><\/section><br \/>\n<form action=\"https:\/\/radiologiarodenta.ro\/com\/ortodontie\/\" method=\"post\"  class=\"avia_ajax_form av-form-labels-hidden   avia-builder-el-16  el_after_av_textblock  avia-builder-el-last   \" data-avia-form-id=\"1\" data-avia-redirect='' ><fieldset><p class='  first_form  form_element form_element_third' id='element_avia_1_1'><label for=\"avia_1_1\">Nume <abbr class=\"required\" title=\"required\">*<\/abbr><\/label> <input name=\"avia_1_1\" class=\"text_input is_empty\" type=\"text\" id=\"avia_1_1\" value=\"\"  placeholder='Nume*'\/><\/p><p class='  form_element form_element_third' id='element_avia_2_1'><label for=\"avia_2_1\">Mail <abbr class=\"required\" title=\"required\">*<\/abbr><\/label> <input name=\"avia_2_1\" class=\"text_input is_empty\" type=\"text\" id=\"avia_2_1\" value=\"\"  placeholder='Mail*'\/><\/p><p class='  form_element form_element_third' id='element_avia_3_1'><label for=\"avia_3_1\">Telefon <abbr class=\"required\" title=\"required\">*<\/abbr><\/label> <input name=\"avia_3_1\" class=\"text_input is_empty\" type=\"text\" id=\"avia_3_1\" value=\"\"  placeholder='Telefon*'\/><\/p><p class='  first_form  form_element form_element_two_third av-last-visible-form-element' id='element_avia_4_1'><label for=\"avia_4_1\">\u00centrebare <abbr class=\"required\" title=\"required\">*<\/abbr><\/label> <input name=\"avia_4_1\" class=\"text_input is_empty\" type=\"text\" id=\"avia_4_1\" value=\"\"  placeholder='\u00centrebare*'\/><\/p><p class=\"hidden\"><input type=\"text\" name=\"avia_5_1\" class=\"hidden \" id=\"avia_5_1\" value=\"\" \/><\/p><p class=\"form_element form_element_third modified_width\"><input type=\"hidden\" value=\"1\" name=\"avia_generated_form1\" \/><input type=\"submit\" value=\"Trimite\" class=\"button\"  data-sending-label=\"Sending\"\/><\/p><\/fieldset><\/form><div id=\"ajaxresponse_1\" class=\"ajaxresponse ajaxresponse_1 hidden\"><\/div><\/p><\/div>\n<\/div><\/div><\/div><\/p>\n","protected":false},"excerpt":{"rendered":"","protected":false},"author":1,"featured_media":0,"parent":0,"menu_order":0,"comment_status":"closed","ping_status":"closed","template":"","meta":[],"_links":{"self":[{"href":"https:\/\/radiologiarodenta.ro\/com\/wp-json\/wp\/v2\/pages\/603"}],"collection":[{"href":"https:\/\/radiologiarodenta.ro\/com\/wp-json\/wp\/v2\/pages"}],"about":[{"href":"https:\/\/radiologiarodenta.ro\/com\/wp-json\/wp\/v2\/types\/page"}],"author":[{"embeddable":true,"href":"https:\/\/radiologiarodenta.ro\/com\/wp-json\/wp\/v2\/users\/1"}],"replies":[{"embeddable":true,"href":"https:\/\/radiologiarodenta.ro\/com\/wp-json\/wp\/v2\/comments?post=603"}],"version-history":[{"count":1,"href":"https:\/\/radiologiarodenta.ro\/com\/wp-json\/wp\/v2\/pages\/603\/revisions"}],"predecessor-version":[{"id":605,"href":"https:\/\/radiologiarodenta.ro\/com\/wp-json\/wp\/v2\/pages\/603\/revisions\/605"}],"wp:attachment":[{"href":"https:\/\/radiologiarodenta.ro\/com\/wp-json\/wp\/v2\/media?parent=603"}],"curies":[{"name":"wp","href":"https:\/\/api.w.org\/{rel}","templated":true}]}}