{"id":625,"date":"2020-12-03T14:51:01","date_gmt":"2020-12-03T14:51:01","guid":{"rendered":"https:\/\/radiologiarodenta.ro\/com\/?page_id=625"},"modified":"2020-12-03T14:51:01","modified_gmt":"2020-12-03T14:51:01","slug":"sistemul-cerec","status":"publish","type":"page","link":"https:\/\/radiologiarodenta.ro\/com\/sistemul-cerec\/","title":{"rendered":"Sistemul CEREC"},"content":{"rendered":"<div id='av-layout-grid-1'  class='av-layout-grid-container entry-content-wrapper alternate_color av-flex-cells     avia-builder-el-0  el_before_av_layout_row  avia-builder-el-first  av-cell-min-height av-cell-min-height-35 container_wrap fullsize' style=' '   data-av_minimum_height_pc='35'>\n<div class=\"flex_cell no_margin av_one_full  avia-builder-el-1  avia-builder-el-no-sibling   avia-full-stretch \"  style='background:url(https:\/\/radiologiarodenta.ro\/com\/wp-content\/uploads\/2020\/12\/bg.jpg) center center no-repeat scroll; vertical-align:middle; padding:3% 15% 3% 15% ; ' ><div class='flex_cell_inner' ><p><div  style='height:50px' class='hr hr-invisible  av-desktop-hide  avia-builder-el-2  el_before_av_one_full  avia-builder-el-first '><span class='hr-inner ' ><span class='hr-inner-style'><\/span><\/span><\/div><br \/>\n<div class=\"flex_column av_one_full  flex_column_div av-zero-column-padding first  avia-builder-el-3  el_after_av_hr  el_before_av_hr  \" style='border-radius:0px; '><section class=\"av_textblock_section \"  itemscope=\"itemscope\" itemtype=\"https:\/\/schema.org\/CreativeWork\" ><div class='avia_textblock  '   itemprop=\"text\" ><h1 style=\"text-align: left;\">Sistemul CEREC<\/h1>\n<\/div><\/section><\/div><div  style='height:50px' class='hr hr-invisible  av-desktop-hide  avia-builder-el-5  el_after_av_one_full  avia-builder-el-last '><span class='hr-inner ' ><span class='hr-inner-style'><\/span><\/span><\/div><\/p>\n<\/div><\/div><\/div><div id='av-layout-grid-2'  class='av-layout-grid-container entry-content-wrapper main_color av-flex-cells     avia-builder-el-6  el_after_av_layout_row  el_before_av_layout_row  submenu-not-first container_wrap fullsize' style=' '  >\n<div class=\"flex_cell no_margin av_one_full  avia-builder-el-7  avia-builder-el-no-sibling   avia-full-stretch \"  style='background:url(https:\/\/radiologiarodenta.ro\/com\/wp-content\/uploads\/2020\/12\/white-dentis-3.jpg) top right no-repeat fixed; vertical-align:middle; padding:3% 15% 3% 15% ; ' ><div class='flex_cell_inner' ><div class='flex_column_table av-equal-height-column-flextable -flextable' ><div class=\"flex_column av_one_full  av-animated-generic top-to-bottom  flex_column_table_cell av-equal-height-column av-align-middle av-zero-column-padding first  avia-builder-el-8  avia-builder-el-no-sibling  \" style='border-radius:0px; '><section class=\"av_textblock_section \"  itemscope=\"itemscope\" itemtype=\"https:\/\/schema.org\/CreativeWork\" ><div class='avia_textblock  '   itemprop=\"text\" ><h4>CEREC (Chairside Economical Restoration of Esthetic Ceramics) este un sistem computerizat cu ajutorul c\u0103ruia se pot proiecta \u0219i realiza \u00eentr-o singur\u0103 \u0219edin\u021b\u0103 lucr\u0103ri ceramice unidentare \u0219i de mic\u0103 intindere, extrem de precise, estetice \u0219i rezistente.<\/h4>\n<p>Sistemele CAD-CAM (Computer- Aided Design\/ Computer-Aided Manifacturing) au ap\u0103rut de 25 de ani pe pia\u0163\u0103 \u015fi prezint\u0103 solu\u0163ii digitale de v\u00e2rf at\u00e2t pentru denti\u015fti c\u00e2t \u015fi pentru laboratoare dentare.<\/p>\n<p>\u00cen ultimii ani a devenit o posibilitate real\u0103 achizi\u0163ionarea acestor aparate \u015fi \u00een Rom\u00e2nia.<\/p>\n<p>Cu ajutorul lor se pot proiecta \u015fi realiza restaur\u0103ri superestetice din ceramic\u0103 integral\u0103, zirconium \u015fi compozit \u00een cabinetele stomatologice, \u00eentr-o singur\u0103 programare.<\/p>\n<p>Gra\u0163ie sistemului CEREC- ( Chairside Economical Restoration of Estethic Ceramics or CEramicREConstruction) procesul este simplu \u015fi pl\u0103cut \u2013 num\u0103rul de pacien\u0163i care opteaz\u0103 pentru astfel de restaur\u0103ri este \u00een continu\u0103 cre\u015ftere.<\/p>\n<p><strong>Indica\u021biile sistemului CEREC<\/strong><\/p>\n<p>CEREC reprezint\u0103 o solu\u021bie de ultim\u0103 or\u0103 \u00een restaurarea defectelor dentare extinse, fiind o alternativ\u0103 excelent\u0103 la:<\/p>\n<ol>\n<li>obtura\u021biile metalice inestetice sau a celor din compozit (mai pu\u021bin rezistente pe termen lung)<\/li>\n<li>coroanele dentare (metalice, metalo-ceramice sau integral ceramice) realizate \u00een laboratorul de tehnic\u0103 dentar\u0103 \u00eentr-un num\u0103r mult mai mare de sedin\u021be de tratament.<\/li>\n<\/ol>\n<p><strong>Cum func\u021bioneaz\u0103 sistemul CEREC?<\/strong><\/p>\n<p>Sistemul CEREC este alcatuit din:<\/p>\n<ol>\n<li>Unitate de amprentare optic\u0103 \u0219i design computerizat CAD<\/li>\n<li>Ma\u0219in\u0103 de frezat \u2013 aceasta frezeaz\u0103 cuburi din ceramic\u0103 integral\u0103 CAM<\/li>\n<\/ol>\n<p><strong>Etape de lucru:<\/strong><\/p>\n<ol>\n<li>Prepararea dintelui: dup\u0103 realizarea unei anestezii locale, se va indep\u0103rta plomba veche \u0219i se va cur\u0103\u021ba de carie dintele pentru a se realiza o incrusta\u021bie (inlay) sau se va \u0219lefui dintele pentru realizarea unei coroane. Dup\u0103 ce prepararea dintelui este finalizat\u0103, pe suprafa\u021ba lui este pulverizat un praf de oxid de titan care nu este alergic sau toxic. Aceast\u0103 pulbere are rolul de a nu se crea reflexii c\u0103tre camera video de captur\u0103 a imaginilor (amprent\u0103 optic\u0103).<\/li>\n<li>Amprentarea optic\u0103 \u0219i proiectarea: Cu ajutorul unei camere 3D foarte performante, conectat\u0103 la aparatul CEREC, vom realiza fotografii tridimensionale ale dintelui preparat \u0219i ale din\u021bilor vecini. Cu imaginile achiz\u021bionate vom forma modelul tridimensional virtual al din\u021bilor, acesta fiind vizibil pe monitorul unit\u0103\u021bii. Dup\u0103 trasarea limitelor prepara\u021biei, soft-ul ce are capacit\u0103\u021bi biogenerice \u0219i biomimetice va genera automat reconstruc\u021bia virtual\u0103 (incrusta\u021bie, coroan\u0103 sau punte). Medicul are posibilitatea de a realiza modific\u0103ri \u00een designul piesei protetice \u00een func\u021bie de particularit\u0103\u021bile cazului.<\/li>\n<li>Frezarea computerizat\u0103: se va alege cubul de ceramic\u0103 \u00een func\u021bie de culoarea din\u021bilor \u00eenregistrat\u0103 anterior, iar acesta va fi introdus \u00een unitatea de frezare CAM, unde \u00een numai 10 minute va fi prelucrat \u0219i transformat \u00eentr-o bijuterie protetic\u0103 de precizie micronic\u0103 care se adapteaz\u0103 perfect pe dintele tratat.<\/li>\n<li>Glazurarea: piesa protetic\u0103 este dat\u0103 cu un lac special \u0219i introdus\u0103 \u00een cuptorul de ceramic\u0103 timp de c\u00e2teva minute pentru a avea un luciu asem\u0103n\u0103tor smal\u021bului natural.<\/li>\n<li>Cimentarea: reconstruc\u021bia protetic\u0103 din ceramic\u0103 este cimentat\u0103 pe dinte utiliz\u00e2nd cimenturi dentare de cea mai bun\u0103 calitate, activate de lumina emis\u0103 de lampa de fotopolimerizare. Acest proces practic une\u0219te piesa protetic\u0103 CEREC de restul dintelui. La final dintele este finisat astfel \u00eenc\u00e2t aspectul s\u0103 fie unul c\u00e2t mai natural.<\/li>\n<\/ol>\n<p><strong>Avantajele utiliz\u0103rii sistemului CEREC<\/strong><\/p>\n<ol>\n<li>Realizarea restaura\u021biilor integral ceramice \u00een aceea\u0219i \u0219edin\u021b\u0103, economisind timp.<\/li>\n<li>Eliminarea necesit\u0103\u021bii purt\u0103rii unor lucr\u0103ri provizorii, p\u00e2n\u0103 la finalizarea lucr\u0103rii definitive \u00een laboratorul de tehnic\u0103 dentar\u0103.<\/li>\n<li>Restaura\u021biile CEREC nu con\u021bin metal! Astfel, coroana dentar\u0103 aplicat\u0103 pe dintele dumneavoastr\u0103 va folosi un material 100% biocompatibil \u2013 ceramic\u0103 dentar\u0103. Se elimin\u0103 astfel apari\u021bia unor alergii, a gustului metalic \u0219i a respira\u021biei ur\u00e2t mirositoare.<\/li>\n<li>Se pot efectua tratamente restaurative mult mai conservative, nemai fiind necesar\u0103 \u00eendep\u0103rtarea unei grosimi crescute a dintelui dumneavoastr\u0103.<\/li>\n<li>Reprezint\u0103 varianta ideal\u0103 de tratare a unei carii dentare \u2013 \u00eenlocuirea \u021besutului dentar alterat prin ceramic\u0103 \u0219i nu prin r\u0103\u0219ini compozite.<\/li>\n<li>Eliminarea erorii umane \u00een timpul realiz\u0103rii \u2013 dintele fiind restaurat cu o restaura\u021bie dentar\u0103 a c\u0103rei form\u0103, dimensiune este propus\u0103 \u0219i realizat\u0103 integral de c\u0103tre un computer.<\/li>\n<\/ol>\n<p>Longevitatea restaur\u0103rilor CEREC este comparabil\u0103 cu cele de aur. Dup\u0103 un studiu realizat la 2.328 de piese protetice efectuate prin sistemul CEREC CAD\/CAM \u2013 rata de succes era de 95,5% dup\u0103 9 ani.<\/p>\n<\/div><\/section><br \/>\n<div  class='avia-image-container  av-styling-    avia-builder-el-10  el_after_av_textblock  avia-builder-el-last  avia-align-left '  itemprop=\"image\" itemscope=\"itemscope\" itemtype=\"https:\/\/schema.org\/ImageObject\"  ><div class='avia-image-container-inner'><div class='avia-image-overlay-wrap'><img class='wp-image-626 avia-img-lazy-loading-not-626 avia_image' src=\"https:\/\/radiologiarodenta.ro\/com\/wp-content\/uploads\/2020\/12\/cerecFooter.jpg\" alt='' title='cerecFooter' height=\"234\" width=\"760\"  itemprop=\"thumbnailUrl\" srcset=\"https:\/\/radiologiarodenta.ro\/com\/wp-content\/uploads\/2020\/12\/cerecFooter.jpg 760w, https:\/\/radiologiarodenta.ro\/com\/wp-content\/uploads\/2020\/12\/cerecFooter-300x92.jpg 300w, https:\/\/radiologiarodenta.ro\/com\/wp-content\/uploads\/2020\/12\/cerecFooter-705x217.jpg 705w\" sizes=\"(max-width: 760px) 100vw, 760px\" \/><\/div><\/div><\/div><\/p><\/div><\/div><!--close column table wrapper. Autoclose: 1 -->\n<\/div><\/div><\/div><div id='av-layout-grid-3'  class='av-layout-grid-container entry-content-wrapper alternate_color av-flex-cells     avia-builder-el-11  el_after_av_layout_row  avia-builder-el-last  submenu-not-first container_wrap fullsize' style=' '  >\n<div class=\"flex_cell no_margin av_one_full  avia-builder-el-12  avia-builder-el-no-sibling   \"  style='vertical-align:top; padding:3% 15% 3% 15% ; ' ><div class='flex_cell_inner' ><div class=\"flex_column av_one_full  av-animated-generic top-to-bottom  flex_column_div av-zero-column-padding first  avia-builder-el-13  avia-builder-el-no-sibling  \" style='border-radius:0px; ' id=\"formintrebari\" ><section class=\"av_textblock_section \"  itemscope=\"itemscope\" itemtype=\"https:\/\/schema.org\/CreativeWork\" ><div class='avia_textblock  '   itemprop=\"text\" ><h2 style=\"text-align: left;\">Ave\u021bi o \u00eentrebare?<\/h2>\n<p>\u00cen cazul \u00een care informa\u021biile prezentate pe acest site nu v\u0103 sunt suficiente, v\u0103 rug\u0103m s\u0103 ne adresa\u021bi \u00eentreb\u0103rile dumneavoastre prin intermediul acestui formular:<\/p>\n<\/div><\/section><br \/>\n<form action=\"https:\/\/radiologiarodenta.ro\/com\/sistemul-cerec\/\" method=\"post\"  class=\"avia_ajax_form av-form-labels-hidden   avia-builder-el-15  el_after_av_textblock  avia-builder-el-last   \" data-avia-form-id=\"1\" data-avia-redirect='' ><fieldset><p class='  first_form  form_element form_element_third' id='element_avia_1_1'><label for=\"avia_1_1\">Nume <abbr class=\"required\" title=\"required\">*<\/abbr><\/label> <input name=\"avia_1_1\" class=\"text_input is_empty\" type=\"text\" id=\"avia_1_1\" value=\"\"  placeholder='Nume*'\/><\/p><p class='  form_element form_element_third' id='element_avia_2_1'><label for=\"avia_2_1\">Mail <abbr class=\"required\" title=\"required\">*<\/abbr><\/label> <input name=\"avia_2_1\" class=\"text_input is_empty\" type=\"text\" id=\"avia_2_1\" value=\"\"  placeholder='Mail*'\/><\/p><p class='  form_element form_element_third' id='element_avia_3_1'><label for=\"avia_3_1\">Telefon <abbr class=\"required\" title=\"required\">*<\/abbr><\/label> <input name=\"avia_3_1\" class=\"text_input is_empty\" type=\"text\" id=\"avia_3_1\" value=\"\"  placeholder='Telefon*'\/><\/p><p class='  first_form  form_element form_element_two_third av-last-visible-form-element' id='element_avia_4_1'><label for=\"avia_4_1\">\u00centrebare <abbr class=\"required\" title=\"required\">*<\/abbr><\/label> <input name=\"avia_4_1\" class=\"text_input is_empty\" type=\"text\" id=\"avia_4_1\" value=\"\"  placeholder='\u00centrebare*'\/><\/p><p class=\"hidden\"><input type=\"text\" name=\"avia_5_1\" class=\"hidden \" id=\"avia_5_1\" value=\"\" \/><\/p><p class=\"form_element form_element_third modified_width\"><input type=\"hidden\" value=\"1\" name=\"avia_generated_form1\" \/><input type=\"submit\" value=\"Trimite\" class=\"button\"  data-sending-label=\"Sending\"\/><\/p><\/fieldset><\/form><div id=\"ajaxresponse_1\" class=\"ajaxresponse ajaxresponse_1 hidden\"><\/div><\/p><\/div>\n<\/div><\/div><\/div><\/p>\n","protected":false},"excerpt":{"rendered":"","protected":false},"author":1,"featured_media":0,"parent":0,"menu_order":0,"comment_status":"closed","ping_status":"closed","template":"","meta":[],"_links":{"self":[{"href":"https:\/\/radiologiarodenta.ro\/com\/wp-json\/wp\/v2\/pages\/625"}],"collection":[{"href":"https:\/\/radiologiarodenta.ro\/com\/wp-json\/wp\/v2\/pages"}],"about":[{"href":"https:\/\/radiologiarodenta.ro\/com\/wp-json\/wp\/v2\/types\/page"}],"author":[{"embeddable":true,"href":"https:\/\/radiologiarodenta.ro\/com\/wp-json\/wp\/v2\/users\/1"}],"replies":[{"embeddable":true,"href":"https:\/\/radiologiarodenta.ro\/com\/wp-json\/wp\/v2\/comments?post=625"}],"version-history":[{"count":1,"href":"https:\/\/radiologiarodenta.ro\/com\/wp-json\/wp\/v2\/pages\/625\/revisions"}],"predecessor-version":[{"id":627,"href":"https:\/\/radiologiarodenta.ro\/com\/wp-json\/wp\/v2\/pages\/625\/revisions\/627"}],"wp:attachment":[{"href":"https:\/\/radiologiarodenta.ro\/com\/wp-json\/wp\/v2\/media?parent=625"}],"curies":[{"name":"wp","href":"https:\/\/api.w.org\/{rel}","templated":true}]}}