{"id":664,"date":"2020-12-08T13:01:44","date_gmt":"2020-12-08T13:01:44","guid":{"rendered":"https:\/\/radiologiarodenta.ro\/com\/?page_id=664"},"modified":"2020-12-09T13:22:07","modified_gmt":"2020-12-09T13:22:07","slug":"radiatii","status":"publish","type":"page","link":"https:\/\/radiologiarodenta.ro\/com\/radiatii\/","title":{"rendered":"Radia\u0163ii"},"content":{"rendered":"<div id='av-layout-grid-1'  class='av-layout-grid-container entry-content-wrapper alternate_color av-flex-cells     avia-builder-el-0  el_before_av_layout_row  avia-builder-el-first  av-cell-min-height av-cell-min-height-35 container_wrap fullsize' style=' '   data-av_minimum_height_pc='35'>\n<div class=\"flex_cell no_margin av_one_full  avia-builder-el-1  avia-builder-el-no-sibling   avia-full-stretch \"  style='background:url(https:\/\/radiologiarodenta.ro\/com\/wp-content\/uploads\/2020\/12\/bg-radiologie.jpg) center center no-repeat scroll; vertical-align:middle; padding:3% 15% 3% 15% ; ' ><div class='flex_cell_inner' ><p><div  style='height:50px' class='hr hr-invisible  av-desktop-hide  avia-builder-el-2  el_before_av_one_full  avia-builder-el-first '><span class='hr-inner ' ><span class='hr-inner-style'><\/span><\/span><\/div><br \/>\n<div class=\"flex_column av_one_full  flex_column_div av-zero-column-padding first  avia-builder-el-3  el_after_av_hr  el_before_av_hr  \" style='border-radius:0px; '><section class=\"av_textblock_section \"  itemscope=\"itemscope\" itemtype=\"https:\/\/schema.org\/CreativeWork\" ><div class='avia_textblock  '   itemprop=\"text\" ><h1 style=\"text-align: left;\">Radia\u0163ii<\/h1>\n<\/div><\/section><\/div><div  style='height:50px' class='hr hr-invisible  av-desktop-hide  avia-builder-el-5  el_after_av_one_full  avia-builder-el-last '><span class='hr-inner ' ><span class='hr-inner-style'><\/span><\/span><\/div><\/p>\n<\/div><\/div>\n<\/div>\n<div id='av-layout-grid-2'  class='av-layout-grid-container entry-content-wrapper main_color av-flex-cells     avia-builder-el-6  el_after_av_layout_row  el_before_av_layout_row  submenu-not-first container_wrap fullsize' style=' '  >\n<div class=\"flex_cell no_margin av_one_full  avia-builder-el-7  avia-builder-el-no-sibling   avia-full-stretch \"  style='background:url(https:\/\/radiologiarodenta.ro\/com\/wp-content\/uploads\/2020\/12\/white-dentis-3.jpg) top right no-repeat fixed; vertical-align:middle; padding:3% 15% 3% 15% ; ' ><div class='flex_cell_inner' ><div class='flex_column_table av-equal-height-column-flextable -flextable' ><div class=\"flex_column av_one_full  av-animated-generic top-to-bottom  flex_column_table_cell av-equal-height-column av-align-middle av-zero-column-padding first  avia-builder-el-8  avia-builder-el-no-sibling  \" style='border-radius:0px; '><section class=\"av_textblock_section \"  itemscope=\"itemscope\" itemtype=\"https:\/\/schema.org\/CreativeWork\" ><div class='avia_textblock  '   itemprop=\"text\" ><h4>\u00cen radiologia stomatologic\u0103, gra\u0163ie evolu\u0163iei tehnologice ce a dus la realizarea unor aparate performante \u015fi sigure, dozele de radia\u0163ii sunt destul de mici.<\/h4>\n<p><strong>1. Ce doz\u0103 de radia\u0163ii primesc la o radiografie dentar\u0103?<\/strong><\/p>\n<p><strong>Radiografie dentar\u0103<\/strong> (retroalveolar\u0103 sau bitewing) = 0.1 mrem<\/p>\n<p><strong>Radiografie panoramic\u0103<\/strong> = 1 mrem (echivalentul unei singure zile de expunere natural\u0103)<\/p>\n<p>Unitatea de m\u0103sur\u0103 a dozei de radia\u0163ii efective este \u00een America rem, iar \u00een Europa se folose\u015fte Sv (sievert).<\/p>\n<ul>\n<li>1Sv = 100 rem<\/li>\n<li>1 mrem = 10\u03bcSv<\/li>\n<li>360 mrem = 3600 \u03bcSv (doza medie anual\u0103 de radia\u0163ii absorbit\u0103 din fondul natural)<\/li>\n<\/ul>\n<p>Medicina \u2013 doze comparative:<\/p>\n<ul>\n<li>CT medical: 1200 &#8211; 3000 \u03bcSv (radia\u0163ie CT bimaxilar = 25 x CBCT)<\/li>\n<li>Mamografie: 200 &#8211; 400 \u03bcSv<\/li>\n<li>CBCT (3D dentar): 30 &#8211; 80 \u03bcSv<\/li>\n<li>Panoramic\u0103: 4 &#8211; 15 \u03bcSv (radia\u0163ie CBCT = 5 x Rx. panoramic\u0103)<\/li>\n<li>Teleradiografie: 2 &#8211; 6 \u03bcSv<\/li>\n<\/ul>\n<p>Studiu realizat de: Harvard Medical School<\/p>\n<p><strong>2. Ce fel de radia\u0163ii sunt \u00een via\u0163a noastr\u0103?<\/strong><\/p>\n<p>Fiecare om este expus zilnic la radia\u0163ii produse de multiple surse, iar majoritatea dintre noi nu cunoa\u015ftem aceast\u0103 realitate.<\/p>\n<p><strong>Surse naturale:<\/strong><\/p>\n<ul>\n<li>radia\u0163iile atmosferice: sunt cauzate de agen\u0163ii radioactivi din atmosfer\u0103, \u00een special de RADON.<\/li>\n<li>radia\u0163iile cosmice: produse \u00een principal de soare, planete, corpuri cosmice<\/li>\n<li>radia\u0163iile terestre: cauzate de izotopii radioactivi din piatr\u0103 \u015fi materiale de construc\u0163ii: gresia, faian\u0163a, materialele ceramice,<\/li>\n<li>au un caracter radioactiv crescut.<\/li>\n<li>radia\u0163iile interne: izotopul de potasiu (K-40) ce se g\u0103se\u015fte \u00een toate organismele vii are efect radioactiv.<\/li>\n<\/ul>\n<p><strong>Surse artificiale:<\/strong><\/p>\n<ul>\n<li>televizorul<\/li>\n<li>monitorul calculatorului<\/li>\n<li>telefoanele celulare<\/li>\n<li>cuptoarele cu microunde<\/li>\n<li>radiologia medical\u0103 \u2013 raze x, rx. pulmonare, mamografii, rx. dentare etc<\/li>\n<li>medicina nuclear\u0103<\/li>\n<\/ul>\n<p>Radiografiile dentare reprezint\u0103 numai 3% din dozele de radia\u0163ii la care este expus corpul uman.<\/p>\n<\/div><\/section><\/div><\/div><!--close column table wrapper. Autoclose: 1 -->\n<\/div><\/div>\n<\/div>\n<div id='av-layout-grid-3'  class='av-layout-grid-container entry-content-wrapper alternate_color av-flex-cells     avia-builder-el-10  el_after_av_layout_row  avia-builder-el-last  submenu-not-first container_wrap fullsize' style=' '  >\n<div class=\"flex_cell no_margin av_one_full  avia-builder-el-11  avia-builder-el-no-sibling   \"  style='vertical-align:top; padding:3% 15% 3% 15% ; ' ><div class='flex_cell_inner' ><p><div class=\"flex_column av_one_full  av-animated-generic top-to-bottom  flex_column_div av-zero-column-padding first  avia-builder-el-12  el_before_av_one_full  avia-builder-el-first  \" style='border-radius:0px; '><section class=\"av_textblock_section \"  itemscope=\"itemscope\" itemtype=\"https:\/\/schema.org\/CreativeWork\" ><div class='avia_textblock  '   itemprop=\"text\" ><h2 style=\"text-align: left;\">\u00centreb\u0103ri frecvente:<\/h2>\n<\/div><\/section><br \/>\n<div  class=\"togglecontainer   toggle_close_all  avia-builder-el-14  el_after_av_textblock  avia-builder-el-last \" >\n<section class=\"av_toggle_section\"  itemscope=\"itemscope\" itemtype=\"https:\/\/schema.org\/CreativeWork\"  >    <div role=\"tablist\" class=\"single_toggle\" data-tags=\"{Toate} \"  >        <p data-fake-id=\"#toggle-id-1\" class=\"toggler \"  itemprop=\"headline\"    role=\"tab\" tabindex=\"0\" aria-controls=\"toggle-id-1\">Am nevoie de o preg\u0103rite special\u0103 \u00eenaintea efectu\u0103rii unei radiografii?<span class=\"toggle_icon\" >        <span class=\"vert_icon\"><\/span><span class=\"hor_icon\"><\/span><\/span><\/p>        <div id=\"toggle-id-1\" class=\"toggle_wrap \"  >            <div class=\"toggle_content invers-color \"  itemprop=\"text\"   ><p>Pentru radiografii intraorale nu ave\u0163i nevoie de nici o preg\u0103rire prealabil\u0103.<\/p>\n<p>Pentru radiografii panoramice, cefalometrice \u015fi 3D se \u00eendep\u0103rteaz\u0103 obiectele metalice din zona capului, cum ar fi: ochelari, cercei, l\u0103n\u0163i\u015for, agrafe, precum \u015fi protezele din cavitatea bucal\u0103.<\/p>\n            <\/div>        <\/div>    <\/div><\/section>\n<section class=\"av_toggle_section\"  itemscope=\"itemscope\" itemtype=\"https:\/\/schema.org\/CreativeWork\"  >    <div role=\"tablist\" class=\"single_toggle\" data-tags=\"{Toate} \"  >        <p data-fake-id=\"#toggle-id-2\" class=\"toggler \"  itemprop=\"headline\"    role=\"tab\" tabindex=\"0\" aria-controls=\"toggle-id-2\">C\u00e2nd \u015fi \u00een ce format primesc rezultatul la radiografii dentare?<span class=\"toggle_icon\" >        <span class=\"vert_icon\"><\/span><span class=\"hor_icon\"><\/span><\/span><\/p>        <div id=\"toggle-id-2\" class=\"toggle_wrap \"  >            <div class=\"toggle_content invers-color \"  itemprop=\"text\"   ><p>La radiografiile 2D, adic\u0103 retroalveolare, bitewing, ocluzale, panoramice \u015fi cefalometrice rezultatul se prime\u015fte pe loc imprimat pe film medical, pe e-mail \u015fi op\u0163ional pe CD .<\/p>\n<p>La radiografiile 3D rezultatul se prime\u015fte peste o or\u0103 pe e-mail \u015fi CD.<\/p>\n            <\/div>        <\/div>    <\/div><\/section>\n<section class=\"av_toggle_section\"  itemscope=\"itemscope\" itemtype=\"https:\/\/schema.org\/CreativeWork\"  >    <div role=\"tablist\" class=\"single_toggle\" data-tags=\"{Toate} \"  >        <p data-fake-id=\"#toggle-id-3\" class=\"toggler \"  itemprop=\"headline\"    role=\"tab\" tabindex=\"0\" aria-controls=\"toggle-id-3\">C\u00e2t de des este recomandat s\u0103 fac radiografii dentare?<span class=\"toggle_icon\" >        <span class=\"vert_icon\"><\/span><span class=\"hor_icon\"><\/span><\/span><\/p>        <div id=\"toggle-id-3\" class=\"toggle_wrap \"  >            <div class=\"toggle_content invers-color \"  itemprop=\"text\"   ><p>Radiografii retroalveolare se pot face de mai multe ori, dup\u0103 cazul clinic \u015fi felul tratamentului. Radiografii panoramice, cefalometrice \u015fi CBCT se recomand\u0103 la inceputul tratamentului, \u015fi ulterior pentru verificarea etapelor de lucru \u00een ortodon\u0163ie, endodon\u0163ie, chirurgie \u015fi implantologie.<\/p>\n            <\/div>        <\/div>    <\/div><\/section>\n<section class=\"av_toggle_section\"  itemscope=\"itemscope\" itemtype=\"https:\/\/schema.org\/CreativeWork\"  >    <div role=\"tablist\" class=\"single_toggle\" data-tags=\"{Toate} \"  >        <p data-fake-id=\"#toggle-id-4\" class=\"toggler \"  itemprop=\"headline\"    role=\"tab\" tabindex=\"0\" aria-controls=\"toggle-id-4\">Ce fel de metode de precau\u0163ie sunt necesare?<span class=\"toggle_icon\" >        <span class=\"vert_icon\"><\/span><span class=\"hor_icon\"><\/span><\/span><\/p>        <div id=\"toggle-id-4\" class=\"toggle_wrap \"  >            <div class=\"toggle_content invers-color \"  itemprop=\"text\"   ><p>Este important de \u015ftiut c\u0103 radiografiile dentare nu afecteaz\u0103 embrionul, procesul de organogenez\u0103 sau na\u015fterea.<\/p>\n<p>Radia\u0163iile emise de aparatele roentgen dentare, sunt extrem de mici, \u0163intite \u00eenspre din\u0163i, iar reflexia lor \u00eenspre zonele considerate cu risc (abdomen, ovare, s\u00e2ni, tiroid\u0103) sunt protejate printr-un \u015for\u0163 special de plumb.<\/p>\n<p>\u00cen Centrul de Radiologie Dentar\u0103 RODENTA \u015for\u0163ul de plumb se utilizeaz\u0103 f\u0103r\u0103 excep\u0163ie la to\u0163i pacien\u0163ii.<\/p>\n            <\/div>        <\/div>    <\/div><\/section>\n<\/div><\/p><\/div><div class=\"flex_column av_one_full  av-animated-generic top-to-bottom  flex_column_div av-zero-column-padding first  avia-builder-el-15  el_after_av_one_full  avia-builder-el-last  column-top-margin\" style='border-radius:0px; ' id=\"formintrebari\" ><section class=\"av_textblock_section \"  itemscope=\"itemscope\" itemtype=\"https:\/\/schema.org\/CreativeWork\" ><div class='avia_textblock  '   itemprop=\"text\" ><h2 style=\"text-align: left;\">Ave\u021bi o \u00eentrebare?<\/h2>\n<p>\u00cen cazul \u00een care informa\u021biile prezentate pe acest site nu v\u0103 sunt suficiente, v\u0103 rug\u0103m s\u0103 ne adresa\u021bi \u00eentreb\u0103rile dumneavoastre prin intermediul acestui formular:<\/p>\n<\/div><\/section><br \/>\n<form action=\"https:\/\/radiologiarodenta.ro\/com\/radiatii\/\" method=\"post\"  class=\"avia_ajax_form av-form-labels-hidden   avia-builder-el-17  el_after_av_textblock  avia-builder-el-last   \" data-avia-form-id=\"1\" data-avia-redirect='' ><fieldset><p class='  first_form  form_element form_element_third' id='element_avia_1_1'><label for=\"avia_1_1\">Nume <abbr class=\"required\" title=\"required\">*<\/abbr><\/label> <input name=\"avia_1_1\" class=\"text_input is_empty\" type=\"text\" id=\"avia_1_1\" value=\"\"  placeholder='Nume*'\/><\/p><p class='  form_element form_element_third' id='element_avia_2_1'><label for=\"avia_2_1\">Mail <abbr class=\"required\" title=\"required\">*<\/abbr><\/label> <input name=\"avia_2_1\" class=\"text_input is_empty\" type=\"text\" id=\"avia_2_1\" value=\"\"  placeholder='Mail*'\/><\/p><p class='  form_element form_element_third' id='element_avia_3_1'><label for=\"avia_3_1\">Telefon <abbr class=\"required\" title=\"required\">*<\/abbr><\/label> <input name=\"avia_3_1\" class=\"text_input is_empty\" type=\"text\" id=\"avia_3_1\" value=\"\"  placeholder='Telefon*'\/><\/p><p class='  first_form  form_element form_element_two_third av-last-visible-form-element' id='element_avia_4_1'><label for=\"avia_4_1\">\u00centrebare <abbr class=\"required\" title=\"required\">*<\/abbr><\/label> <input name=\"avia_4_1\" class=\"text_input is_empty\" type=\"text\" id=\"avia_4_1\" value=\"\"  placeholder='\u00centrebare*'\/><\/p><p class=\"hidden\"><input type=\"text\" name=\"avia_5_1\" class=\"hidden \" id=\"avia_5_1\" value=\"\" \/><\/p><p class=\"form_element form_element_third modified_width\"><input type=\"hidden\" value=\"1\" name=\"avia_generated_form1\" \/><input type=\"submit\" value=\"Trimite\" class=\"button\"  data-sending-label=\"Sending\"\/><\/p><\/fieldset><\/form><div id=\"ajaxresponse_1\" class=\"ajaxresponse ajaxresponse_1 hidden\"><\/div><\/p><\/div><\/p>\n<\/div><\/div><\/div>\n","protected":false},"excerpt":{"rendered":"","protected":false},"author":1,"featured_media":0,"parent":0,"menu_order":0,"comment_status":"closed","ping_status":"closed","template":"","meta":[],"_links":{"self":[{"href":"https:\/\/radiologiarodenta.ro\/com\/wp-json\/wp\/v2\/pages\/664"}],"collection":[{"href":"https:\/\/radiologiarodenta.ro\/com\/wp-json\/wp\/v2\/pages"}],"about":[{"href":"https:\/\/radiologiarodenta.ro\/com\/wp-json\/wp\/v2\/types\/page"}],"author":[{"embeddable":true,"href":"https:\/\/radiologiarodenta.ro\/com\/wp-json\/wp\/v2\/users\/1"}],"replies":[{"embeddable":true,"href":"https:\/\/radiologiarodenta.ro\/com\/wp-json\/wp\/v2\/comments?post=664"}],"version-history":[{"count":2,"href":"https:\/\/radiologiarodenta.ro\/com\/wp-json\/wp\/v2\/pages\/664\/revisions"}],"predecessor-version":[{"id":677,"href":"https:\/\/radiologiarodenta.ro\/com\/wp-json\/wp\/v2\/pages\/664\/revisions\/677"}],"wp:attachment":[{"href":"https:\/\/radiologiarodenta.ro\/com\/wp-json\/wp\/v2\/media?parent=664"}],"curies":[{"name":"wp","href":"https:\/\/api.w.org\/{rel}","templated":true}]}}